{"id":11,"date":"2016-09-23T13:23:07","date_gmt":"2016-09-23T13:23:07","guid":{"rendered":"http:\/\/ceilings-lighting.com\/?page_id=11"},"modified":"2021-01-22T09:16:02","modified_gmt":"2021-01-22T09:16:02","slug":"what-we-do","status":"publish","type":"page","link":"https:\/\/ceilings-lighting.com\/de\/what-we-do\/","title":{"rendered":"Was wir tun"},"content":{"rendered":"<p><\/p>\n<h2>Was wir tun<\/h2>\n<h4>Deckensysteme mit offenem Zellenraster<\/h4>\n<p>Decken mit offenem Zellenraster geh\u00f6ren bei Hausbesitzern und Firmen gleicherma\u00dfen zu den beliebtesten Designs. Die vielseitigen Systeme erlauben eine h\u00f6chst individuelle Anpassung von Materialien, Formen, Farben und Oberfl\u00e4chen der verschiedenen Zellstrukturen.<\/p>\n<p>Bei Ceilings and Lighting haben wir modernste Designs entwickelt, um einer breiten Palette an R\u00e4umen, sowie verschiedenen strukturellen und \u00e4sthetischen Anforderungen gerecht zu werden. Deckensysteme mit offenem Zellenraster sind die perfekte L\u00f6sung, um R\u00e4umen Tiefe und Dimension zu verleihen, sodass sie gr\u00f6\u00dfer, l\u00e4nger oder ger\u00e4umiger wirken.<\/p>\n<p>Offene Zellenraster sind eine ideale L\u00f6sung f\u00fcr Kunden, die eine architektonisch anspruchsvolle L\u00f6sung suchen. Die unglaubliche Anpassungsf\u00e4higkeit von offenen Zellenrastern erm\u00f6glicht es unseren Kunden, ihre Decken mit einzigartigen Beleuchtungssystemen und dynamischen Formen auszustatten. Das erm\u00f6glicht die Gestaltung verschiedener Dicken, H\u00f6hen und Tiefen.<\/p>\n<p><\/p>","protected":false},"excerpt":{"rendered":"<p>Was wir tun Deckensysteme mit offenem Zellenraster Decken mit offenem Zellenraster geh\u00f6ren bei Hausbesitzern und Firmen gleicherma\u00dfen zu den beliebtesten Designs. Die vielseitigen Systeme erlauben eine h\u00f6chst individuelle Anpassung von Materialien, Formen, Farben und Oberfl\u00e4chen der verschiedenen Zellstrukturen. Bei Ceilings and Lighting haben wir modernste Designs entwickelt, um einer breiten Palette an R\u00e4umen, sowie verschiedenen [&hellip;]<\/p>\n","protected":false},"author":2,"featured_media":0,"parent":0,"menu_order":3,"comment_status":"closed","ping_status":"closed","template":"","meta":{"footnotes":""},"class_list":["post-11","page","type-page","status-publish","hentry"],"yoast_head":"<!-- This site is optimized with the Yoast SEO plugin v24.5 - https:\/\/yoast.com\/wordpress\/plugins\/seo\/ -->\n<title>Was wir tun - Ceilings and Lighting<\/title>\n<meta name=\"robots\" content=\"index, follow, max-snippet:-1, max-image-preview:large, max-video-preview:-1\" \/>\n<link rel=\"canonical\" href=\"https:\/\/ceilings-lighting.com\/what-we-do\/\" \/>\n<meta property=\"og:locale\" content=\"de_DE\" \/>\n<meta property=\"og:type\" content=\"article\" \/>\n<meta property=\"og:title\" content=\"Was wir tun - Ceilings and Lighting\" \/>\n<meta property=\"og:description\" content=\"Was wir tun Deckensysteme mit offenem Zellenraster Decken mit offenem Zellenraster geh\u00f6ren bei Hausbesitzern und Firmen gleicherma\u00dfen zu den beliebtesten Designs. Die vielseitigen Systeme erlauben eine h\u00f6chst individuelle Anpassung von Materialien, Formen, Farben und Oberfl\u00e4chen der verschiedenen Zellstrukturen. Bei Ceilings and Lighting haben wir modernste Designs entwickelt, um einer breiten Palette an R\u00e4umen, sowie verschiedenen [&hellip;]\" \/>\n<meta property=\"og:url\" content=\"https:\/\/ceilings-lighting.com\/what-we-do\/\" \/>\n<meta property=\"og:site_name\" content=\"Ceilings and Lighting\" \/>\n<meta property=\"article:modified_time\" content=\"2021-01-22T09:16:02+00:00\" \/>\n<meta name=\"twitter:card\" content=\"summary_large_image\" \/>\n<meta name=\"twitter:label1\" content=\"Gesch\u00e4tzte Lesezeit\" \/>\n\t<meta name=\"twitter:data1\" content=\"4\u00a0Minuten\" \/>\n<script type=\"application\/ld+json\" class=\"yoast-schema-graph\">{\"@context\":\"https:\/\/schema.org\",\"@graph\":[{\"@type\":\"WebPage\",\"@id\":\"https:\/\/ceilings-lighting.com\/what-we-do\/\",\"url\":\"https:\/\/ceilings-lighting.com\/what-we-do\/\",\"name\":\"Was wir tun - Ceilings and Lighting\",\"isPartOf\":{\"@id\":\"https:\/\/ceilings-lighting.com\/#website\"},\"datePublished\":\"2016-09-23T13:23:07+00:00\",\"dateModified\":\"2021-01-22T09:16:02+00:00\",\"breadcrumb\":{\"@id\":\"https:\/\/ceilings-lighting.com\/what-we-do\/#breadcrumb\"},\"inLanguage\":\"de\",\"potentialAction\":[{\"@type\":\"ReadAction\",\"target\":[\"https:\/\/ceilings-lighting.com\/what-we-do\/\"]}]},{\"@type\":\"BreadcrumbList\",\"@id\":\"https:\/\/ceilings-lighting.com\/what-we-do\/#breadcrumb\",\"itemListElement\":[{\"@type\":\"ListItem\",\"position\":1,\"name\":\"Home\",\"item\":\"https:\/\/ceilings-lighting.com\/\"},{\"@type\":\"ListItem\",\"position\":2,\"name\":\"What we do\"}]},{\"@type\":\"WebSite\",\"@id\":\"https:\/\/ceilings-lighting.com\/#website\",\"url\":\"https:\/\/ceilings-lighting.com\/\",\"name\":\"Ceilings & Lighting\",\"description\":\"Above expectations\",\"publisher\":{\"@id\":\"https:\/\/ceilings-lighting.com\/#organization\"},\"potentialAction\":[{\"@type\":\"SearchAction\",\"target\":{\"@type\":\"EntryPoint\",\"urlTemplate\":\"https:\/\/ceilings-lighting.com\/?s={search_term_string}\"},\"query-input\":{\"@type\":\"PropertyValueSpecification\",\"valueRequired\":true,\"valueName\":\"search_term_string\"}}],\"inLanguage\":\"de\"},{\"@type\":\"Organization\",\"@id\":\"https:\/\/ceilings-lighting.com\/#organization\",\"name\":\"Ceilings & Lighting\",\"url\":\"https:\/\/ceilings-lighting.com\/\",\"logo\":{\"@type\":\"ImageObject\",\"inLanguage\":\"de\",\"@id\":\"https:\/\/ceilings-lighting.com\/#\/schema\/logo\/image\/\",\"url\":\"https:\/\/ceilings-lighting.com\/wp-content\/uploads\/2016\/10\/logo-on-blue.png\",\"contentUrl\":\"https:\/\/ceilings-lighting.com\/wp-content\/uploads\/2016\/10\/logo-on-blue.png\",\"width\":155,\"height\":100,\"caption\":\"Ceilings & Lighting\"},\"image\":{\"@id\":\"https:\/\/ceilings-lighting.com\/#\/schema\/logo\/image\/\"}}]}<\/script>\n<!-- \/ Yoast SEO plugin. -->","yoast_head_json":{"title":"Was wir tun - Ceilings and Lighting","robots":{"index":"index","follow":"follow","max-snippet":"max-snippet:-1","max-image-preview":"max-image-preview:large","max-video-preview":"max-video-preview:-1"},"canonical":"https:\/\/ceilings-lighting.com\/what-we-do\/","og_locale":"de_DE","og_type":"article","og_title":"Was wir tun - Ceilings and Lighting","og_description":"Was wir tun Deckensysteme mit offenem Zellenraster Decken mit offenem Zellenraster geh\u00f6ren bei Hausbesitzern und Firmen gleicherma\u00dfen zu den beliebtesten Designs. Die vielseitigen Systeme erlauben eine h\u00f6chst individuelle Anpassung von Materialien, Formen, Farben und Oberfl\u00e4chen der verschiedenen Zellstrukturen. Bei Ceilings and Lighting haben wir modernste Designs entwickelt, um einer breiten Palette an R\u00e4umen, sowie verschiedenen [&hellip;]","og_url":"https:\/\/ceilings-lighting.com\/what-we-do\/","og_site_name":"Ceilings and Lighting","article_modified_time":"2021-01-22T09:16:02+00:00","twitter_card":"summary_large_image","twitter_misc":{"Gesch\u00e4tzte Lesezeit":"4\u00a0Minuten"},"schema":{"@context":"https:\/\/schema.org","@graph":[{"@type":"WebPage","@id":"https:\/\/ceilings-lighting.com\/what-we-do\/","url":"https:\/\/ceilings-lighting.com\/what-we-do\/","name":"Was wir tun - Ceilings and Lighting","isPartOf":{"@id":"https:\/\/ceilings-lighting.com\/#website"},"datePublished":"2016-09-23T13:23:07+00:00","dateModified":"2021-01-22T09:16:02+00:00","breadcrumb":{"@id":"https:\/\/ceilings-lighting.com\/what-we-do\/#breadcrumb"},"inLanguage":"de","potentialAction":[{"@type":"ReadAction","target":["https:\/\/ceilings-lighting.com\/what-we-do\/"]}]},{"@type":"BreadcrumbList","@id":"https:\/\/ceilings-lighting.com\/what-we-do\/#breadcrumb","itemListElement":[{"@type":"ListItem","position":1,"name":"Home","item":"https:\/\/ceilings-lighting.com\/"},{"@type":"ListItem","position":2,"name":"What we do"}]},{"@type":"WebSite","@id":"https:\/\/ceilings-lighting.com\/#website","url":"https:\/\/ceilings-lighting.com\/","name":"Ceilings & Lighting","description":"Above expectations","publisher":{"@id":"https:\/\/ceilings-lighting.com\/#organization"},"potentialAction":[{"@type":"SearchAction","target":{"@type":"EntryPoint","urlTemplate":"https:\/\/ceilings-lighting.com\/?s={search_term_string}"},"query-input":{"@type":"PropertyValueSpecification","valueRequired":true,"valueName":"search_term_string"}}],"inLanguage":"de"},{"@type":"Organization","@id":"https:\/\/ceilings-lighting.com\/#organization","name":"Ceilings & Lighting","url":"https:\/\/ceilings-lighting.com\/","logo":{"@type":"ImageObject","inLanguage":"de","@id":"https:\/\/ceilings-lighting.com\/#\/schema\/logo\/image\/","url":"https:\/\/ceilings-lighting.com\/wp-content\/uploads\/2016\/10\/logo-on-blue.png","contentUrl":"https:\/\/ceilings-lighting.com\/wp-content\/uploads\/2016\/10\/logo-on-blue.png","width":155,"height":100,"caption":"Ceilings & Lighting"},"image":{"@id":"https:\/\/ceilings-lighting.com\/#\/schema\/logo\/image\/"}}]}},"_links":{"self":[{"href":"https:\/\/ceilings-lighting.com\/de\/wp-json\/wp\/v2\/pages\/11","targetHints":{"allow":["GET"]}}],"collection":[{"href":"https:\/\/ceilings-lighting.com\/de\/wp-json\/wp\/v2\/pages"}],"about":[{"href":"https:\/\/ceilings-lighting.com\/de\/wp-json\/wp\/v2\/types\/page"}],"author":[{"embeddable":true,"href":"https:\/\/ceilings-lighting.com\/de\/wp-json\/wp\/v2\/users\/2"}],"replies":[{"embeddable":true,"href":"https:\/\/ceilings-lighting.com\/de\/wp-json\/wp\/v2\/comments?post=11"}],"version-history":[{"count":14,"href":"https:\/\/ceilings-lighting.com\/de\/wp-json\/wp\/v2\/pages\/11\/revisions"}],"predecessor-version":[{"id":827,"href":"https:\/\/ceilings-lighting.com\/de\/wp-json\/wp\/v2\/pages\/11\/revisions\/827"}],"wp:attachment":[{"href":"https:\/\/ceilings-lighting.com\/de\/wp-json\/wp\/v2\/media?parent=11"}],"curies":[{"name":"wp","href":"https:\/\/api.w.org\/{rel}","templated":true}]}}