{"id":124,"date":"2017-03-07T09:28:10","date_gmt":"2017-03-07T09:28:10","guid":{"rendered":"http:\/\/ceilings-lighting.com\/?page_id=124"},"modified":"2017-06-20T08:48:53","modified_gmt":"2017-06-20T08:48:53","slug":"bi-planar","status":"publish","type":"page","link":"https:\/\/ceilings-lighting.com\/de\/systems\/bi-planar\/","title":{"rendered":"Bi-Planar"},"content":{"rendered":"<p><\/p>\n<h1>Bi-Planar<\/h1>\n<p>Bi-Planar ist eine geradlinige L\u00f6sung f\u00fcr das Eurogrid-System. Es besteht aus einem U-f\u00f6rmigen Profil und modularen 1200 x 600mm Platten, die nach unten verborgen werden k\u00f6nnen. Die seitlichen Platten sind 40mm hoch und werden mit Querprofilen kombiniert, die 20mm hoch sind. Beide besitzen eine Breite von 9mm. Die Konstruktion zum Abnehmen besteht aus schwarzen Profilen und Beschl\u00e4gen. Jede Platte wird mit 4 Federn auf der Tragkonstruktion montiert.<\/p>\n<hr>\n<p>\n<div class=\"uk-scope\">\n\n    <div id=\"wk-gride91\" class=\"uk-child-width-1-2 \"  uk-grid=\"masonry: next\"  uk-lightbox=\"container: .uk-gallery-container; toggle: a[data-js-lightbox]\">\n\n            \n        <div>\n        \n<div class=\"uk-panel\">\n\n    \n        <div class=\"uk-inline-clip uk-transition-toggle \">\n\n            <img loading=\"lazy\" decoding=\"async\" src=\"\/wp-content\/uploads\/2017\/03\/BiPlanner_1024x683-.jpg\" class=\"uk-transition-scale-up uk-transition-opaque\" alt=\"BiPlanner 1024x683 \" width=\"1024\" height=\"683\">\n            \n                        <div class=\"uk-overlay uk-overlay-primary uk-position-cover uk-transition-fade\"><\/div>\n            \n                            <div class=\"uk-position-center uk-light\">\n                    <span class=\"uk-transition-fade\" uk-overlay-icon><\/span>\n                <\/div>\n            \n                                                                        <a class=\"uk-position-cover\" data-js-lightbox href=\"\/wp-content\/uploads\/2017\/03\/BiPlanner_1024x683-.jpg\" data-type=\"image\" data-caption=\"BiPlanner 1024x683 \"><\/a>\n                                                \n        <\/div>\n\n    \n    \n        \n        \n    \n    \n<\/div>\n        <\/div>\n\n                    \n        <div>\n        \n<div class=\"uk-panel\">\n\n    \n        <div class=\"uk-inline-clip uk-transition-toggle \">\n\n            <img loading=\"lazy\" decoding=\"async\" src=\"\/wp-content\/uploads\/2017\/03\/BiPlanner_1024x683-2.jpg\" class=\"uk-transition-scale-up uk-transition-opaque\" alt=\"BiPlanner 1024x683 2\" width=\"1024\" height=\"683\">\n            \n                        <div class=\"uk-overlay uk-overlay-primary uk-position-cover uk-transition-fade\"><\/div>\n            \n                            <div class=\"uk-position-center uk-light\">\n                    <span class=\"uk-transition-fade\" uk-overlay-icon><\/span>\n                <\/div>\n            \n                                                                        <a class=\"uk-position-cover\" data-js-lightbox href=\"\/wp-content\/uploads\/2017\/03\/BiPlanner_1024x683-2.jpg\" data-type=\"image\" data-caption=\"BiPlanner 1024x683 2\"><\/a>\n                                                \n        <\/div>\n\n    \n    \n        \n        \n    \n    \n<\/div>\n        <\/div>\n\n                    \n        <div>\n        \n<div class=\"uk-panel\">\n\n    \n        <div class=\"uk-inline-clip uk-transition-toggle \">\n\n            <img loading=\"lazy\" decoding=\"async\" src=\"\/wp-content\/uploads\/2017\/03\/BiPlanner_1024x683-3.jpg\" class=\"uk-transition-scale-up uk-transition-opaque\" alt=\"BiPlanner 1024x683 3\" width=\"1024\" height=\"683\">\n            \n                        <div class=\"uk-overlay uk-overlay-primary uk-position-cover uk-transition-fade\"><\/div>\n            \n                            <div class=\"uk-position-center uk-light\">\n                    <span class=\"uk-transition-fade\" uk-overlay-icon><\/span>\n                <\/div>\n            \n                                                                        <a class=\"uk-position-cover\" data-js-lightbox href=\"\/wp-content\/uploads\/2017\/03\/BiPlanner_1024x683-3.jpg\" data-type=\"image\" data-caption=\"BiPlanner 1024x683 3\"><\/a>\n                                                \n        <\/div>\n\n    \n    \n        \n        \n    \n    \n<\/div>\n        <\/div>\n\n            \n    <\/div>\n\n\n\n<script>\n\n    (function(UIkit){\n\n        var $ = UIkit.util;\n\n        $.ready(function () {\n            if (!$.$('.uk-gallery-container')) {\n                $.append(document.body, '<div class=\"uk-scope uk-gallery-container\">');\n            }\n        });\n\n    })(window.UIkitwk || window.UIkit);\n\n<\/script>\n<\/div><\/p>","protected":false},"excerpt":{"rendered":"<p>Bi-Planar Bi-Planar ist eine geradlinige L\u00f6sung f\u00fcr das Eurogrid-System. Es besteht aus einem U-f\u00f6rmigen Profil und modularen 1200 x 600mm Platten, die nach unten verborgen werden k\u00f6nnen. Die seitlichen Platten sind 40mm hoch und werden mit Querprofilen kombiniert, die 20mm hoch sind. Beide besitzen eine Breite von 9mm. Die Konstruktion zum Abnehmen besteht aus schwarzen [&hellip;]<\/p>\n","protected":false},"author":2,"featured_media":0,"parent":15,"menu_order":5,"comment_status":"closed","ping_status":"closed","template":"","meta":{"footnotes":""},"class_list":["post-124","page","type-page","status-publish","hentry"],"yoast_head":"<!-- This site is optimized with the Yoast SEO plugin v24.5 - https:\/\/yoast.com\/wordpress\/plugins\/seo\/ -->\n<title>Bi-Planar - Ceilings and Lighting<\/title>\n<meta name=\"robots\" content=\"index, follow, max-snippet:-1, max-image-preview:large, max-video-preview:-1\" \/>\n<link rel=\"canonical\" href=\"https:\/\/ceilings-lighting.com\/systems\/bi-planar\/\" \/>\n<meta property=\"og:locale\" content=\"de_DE\" \/>\n<meta property=\"og:type\" content=\"article\" \/>\n<meta property=\"og:title\" content=\"Bi-Planar - Ceilings and Lighting\" \/>\n<meta property=\"og:description\" content=\"Bi-Planar Bi-Planar ist eine geradlinige L\u00f6sung f\u00fcr das Eurogrid-System. Es besteht aus einem U-f\u00f6rmigen Profil und modularen 1200 x 600mm Platten, die nach unten verborgen werden k\u00f6nnen. Die seitlichen Platten sind 40mm hoch und werden mit Querprofilen kombiniert, die 20mm hoch sind. Beide besitzen eine Breite von 9mm. Die Konstruktion zum Abnehmen besteht aus schwarzen [&hellip;]\" \/>\n<meta property=\"og:url\" content=\"https:\/\/ceilings-lighting.com\/systems\/bi-planar\/\" \/>\n<meta property=\"og:site_name\" content=\"Ceilings and Lighting\" \/>\n<meta property=\"article:modified_time\" content=\"2017-06-20T08:48:53+00:00\" \/>\n<meta name=\"twitter:card\" content=\"summary_large_image\" \/>\n<meta name=\"twitter:label1\" content=\"Gesch\u00e4tzte Lesezeit\" \/>\n\t<meta name=\"twitter:data1\" content=\"2\u00a0Minuten\" \/>\n<script type=\"application\/ld+json\" class=\"yoast-schema-graph\">{\"@context\":\"https:\/\/schema.org\",\"@graph\":[{\"@type\":\"WebPage\",\"@id\":\"https:\/\/ceilings-lighting.com\/systems\/bi-planar\/\",\"url\":\"https:\/\/ceilings-lighting.com\/systems\/bi-planar\/\",\"name\":\"Bi-Planar - Ceilings and Lighting\",\"isPartOf\":{\"@id\":\"https:\/\/ceilings-lighting.com\/#website\"},\"datePublished\":\"2017-03-07T09:28:10+00:00\",\"dateModified\":\"2017-06-20T08:48:53+00:00\",\"breadcrumb\":{\"@id\":\"https:\/\/ceilings-lighting.com\/systems\/bi-planar\/#breadcrumb\"},\"inLanguage\":\"de\",\"potentialAction\":[{\"@type\":\"ReadAction\",\"target\":[\"https:\/\/ceilings-lighting.com\/systems\/bi-planar\/\"]}]},{\"@type\":\"BreadcrumbList\",\"@id\":\"https:\/\/ceilings-lighting.com\/systems\/bi-planar\/#breadcrumb\",\"itemListElement\":[{\"@type\":\"ListItem\",\"position\":1,\"name\":\"Home\",\"item\":\"https:\/\/ceilings-lighting.com\/\"},{\"@type\":\"ListItem\",\"position\":2,\"name\":\"Open cell ceiling systems\",\"item\":\"https:\/\/ceilings-lighting.com\/systems\/\"},{\"@type\":\"ListItem\",\"position\":3,\"name\":\"Bi-Planar\"}]},{\"@type\":\"WebSite\",\"@id\":\"https:\/\/ceilings-lighting.com\/#website\",\"url\":\"https:\/\/ceilings-lighting.com\/\",\"name\":\"Ceilings & Lighting\",\"description\":\"Above expectations\",\"publisher\":{\"@id\":\"https:\/\/ceilings-lighting.com\/#organization\"},\"potentialAction\":[{\"@type\":\"SearchAction\",\"target\":{\"@type\":\"EntryPoint\",\"urlTemplate\":\"https:\/\/ceilings-lighting.com\/?s={search_term_string}\"},\"query-input\":{\"@type\":\"PropertyValueSpecification\",\"valueRequired\":true,\"valueName\":\"search_term_string\"}}],\"inLanguage\":\"de\"},{\"@type\":\"Organization\",\"@id\":\"https:\/\/ceilings-lighting.com\/#organization\",\"name\":\"Ceilings & Lighting\",\"url\":\"https:\/\/ceilings-lighting.com\/\",\"logo\":{\"@type\":\"ImageObject\",\"inLanguage\":\"de\",\"@id\":\"https:\/\/ceilings-lighting.com\/#\/schema\/logo\/image\/\",\"url\":\"https:\/\/ceilings-lighting.com\/wp-content\/uploads\/2016\/10\/logo-on-blue.png\",\"contentUrl\":\"https:\/\/ceilings-lighting.com\/wp-content\/uploads\/2016\/10\/logo-on-blue.png\",\"width\":155,\"height\":100,\"caption\":\"Ceilings & Lighting\"},\"image\":{\"@id\":\"https:\/\/ceilings-lighting.com\/#\/schema\/logo\/image\/\"}}]}<\/script>\n<!-- \/ Yoast SEO plugin. -->","yoast_head_json":{"title":"Bi-Planar - Ceilings and Lighting","robots":{"index":"index","follow":"follow","max-snippet":"max-snippet:-1","max-image-preview":"max-image-preview:large","max-video-preview":"max-video-preview:-1"},"canonical":"https:\/\/ceilings-lighting.com\/systems\/bi-planar\/","og_locale":"de_DE","og_type":"article","og_title":"Bi-Planar - Ceilings and Lighting","og_description":"Bi-Planar Bi-Planar ist eine geradlinige L\u00f6sung f\u00fcr das Eurogrid-System. Es besteht aus einem U-f\u00f6rmigen Profil und modularen 1200 x 600mm Platten, die nach unten verborgen werden k\u00f6nnen. Die seitlichen Platten sind 40mm hoch und werden mit Querprofilen kombiniert, die 20mm hoch sind. Beide besitzen eine Breite von 9mm. Die Konstruktion zum Abnehmen besteht aus schwarzen [&hellip;]","og_url":"https:\/\/ceilings-lighting.com\/systems\/bi-planar\/","og_site_name":"Ceilings and Lighting","article_modified_time":"2017-06-20T08:48:53+00:00","twitter_card":"summary_large_image","twitter_misc":{"Gesch\u00e4tzte Lesezeit":"2\u00a0Minuten"},"schema":{"@context":"https:\/\/schema.org","@graph":[{"@type":"WebPage","@id":"https:\/\/ceilings-lighting.com\/systems\/bi-planar\/","url":"https:\/\/ceilings-lighting.com\/systems\/bi-planar\/","name":"Bi-Planar - Ceilings and Lighting","isPartOf":{"@id":"https:\/\/ceilings-lighting.com\/#website"},"datePublished":"2017-03-07T09:28:10+00:00","dateModified":"2017-06-20T08:48:53+00:00","breadcrumb":{"@id":"https:\/\/ceilings-lighting.com\/systems\/bi-planar\/#breadcrumb"},"inLanguage":"de","potentialAction":[{"@type":"ReadAction","target":["https:\/\/ceilings-lighting.com\/systems\/bi-planar\/"]}]},{"@type":"BreadcrumbList","@id":"https:\/\/ceilings-lighting.com\/systems\/bi-planar\/#breadcrumb","itemListElement":[{"@type":"ListItem","position":1,"name":"Home","item":"https:\/\/ceilings-lighting.com\/"},{"@type":"ListItem","position":2,"name":"Open cell ceiling systems","item":"https:\/\/ceilings-lighting.com\/systems\/"},{"@type":"ListItem","position":3,"name":"Bi-Planar"}]},{"@type":"WebSite","@id":"https:\/\/ceilings-lighting.com\/#website","url":"https:\/\/ceilings-lighting.com\/","name":"Ceilings & Lighting","description":"Above expectations","publisher":{"@id":"https:\/\/ceilings-lighting.com\/#organization"},"potentialAction":[{"@type":"SearchAction","target":{"@type":"EntryPoint","urlTemplate":"https:\/\/ceilings-lighting.com\/?s={search_term_string}"},"query-input":{"@type":"PropertyValueSpecification","valueRequired":true,"valueName":"search_term_string"}}],"inLanguage":"de"},{"@type":"Organization","@id":"https:\/\/ceilings-lighting.com\/#organization","name":"Ceilings & Lighting","url":"https:\/\/ceilings-lighting.com\/","logo":{"@type":"ImageObject","inLanguage":"de","@id":"https:\/\/ceilings-lighting.com\/#\/schema\/logo\/image\/","url":"https:\/\/ceilings-lighting.com\/wp-content\/uploads\/2016\/10\/logo-on-blue.png","contentUrl":"https:\/\/ceilings-lighting.com\/wp-content\/uploads\/2016\/10\/logo-on-blue.png","width":155,"height":100,"caption":"Ceilings & Lighting"},"image":{"@id":"https:\/\/ceilings-lighting.com\/#\/schema\/logo\/image\/"}}]}},"_links":{"self":[{"href":"https:\/\/ceilings-lighting.com\/de\/wp-json\/wp\/v2\/pages\/124","targetHints":{"allow":["GET"]}}],"collection":[{"href":"https:\/\/ceilings-lighting.com\/de\/wp-json\/wp\/v2\/pages"}],"about":[{"href":"https:\/\/ceilings-lighting.com\/de\/wp-json\/wp\/v2\/types\/page"}],"author":[{"embeddable":true,"href":"https:\/\/ceilings-lighting.com\/de\/wp-json\/wp\/v2\/users\/2"}],"replies":[{"embeddable":true,"href":"https:\/\/ceilings-lighting.com\/de\/wp-json\/wp\/v2\/comments?post=124"}],"version-history":[{"count":9,"href":"https:\/\/ceilings-lighting.com\/de\/wp-json\/wp\/v2\/pages\/124\/revisions"}],"predecessor-version":[{"id":527,"href":"https:\/\/ceilings-lighting.com\/de\/wp-json\/wp\/v2\/pages\/124\/revisions\/527"}],"up":[{"embeddable":true,"href":"https:\/\/ceilings-lighting.com\/de\/wp-json\/wp\/v2\/pages\/15"}],"wp:attachment":[{"href":"https:\/\/ceilings-lighting.com\/de\/wp-json\/wp\/v2\/media?parent=124"}],"curies":[{"name":"wp","href":"https:\/\/api.w.org\/{rel}","templated":true}]}}