{"id":15,"date":"2016-09-23T13:23:36","date_gmt":"2016-09-23T13:23:36","guid":{"rendered":"http:\/\/ceilings-lighting.com\/?page_id=15"},"modified":"2020-03-25T07:58:13","modified_gmt":"2020-03-25T07:58:13","slug":"systems","status":"publish","type":"page","link":"https:\/\/ceilings-lighting.com\/de\/systems\/","title":{"rendered":"Deckensysteme"},"content":{"rendered":"<p><\/p>\n<h2>Deckensysteme mit offenem Zellenraster<\/h2>\n<p>Wenn es um Design geht, hat jeder seinen eigenen individuellen Geschmack. Aus diesem Grund bieten wir Ihnen zahlreiche M\u00f6glichkeiten, um so viele Kunden wie m\u00f6glich zufriedenzustellen. Das weitreichende Sortiment an Materialien und Deckenformen erm\u00f6glicht es unseren Kunden, mit Linien zu experimentieren und zu spielen.<\/p>\n<p><div class=\"uk-scope\">\n<div >\n\n\n    \n    <div class=\"uk-grid uk-text-left uk-flex-middle\" uk-margin=\"margin: uk-margin-top\">\n\n                <div class=\"uk-width-1-5@medium uk-text-center\" >\n            <img loading=\"lazy\" decoding=\"async\" src=\"\/wp-content\/plugins\/widgetkit\/cache\/systems-6bcb77616d41ea454960bb102c9751b5.jpg\" class=\"uk-border-rounded\" alt=\"Eurogrid\" width=\"300\" height=\"300\">        <\/div>\n        \n                <div class=\"uk-width-4-5@medium\" >\n            <div class=\"uk-panel uk-padding uk-width-1-1\">\n\n                \n                                <h3 class=\"uk-h2\">\n\n                                            <a class=\"uk-link-reset\" href=\"http:\/\/ceilings-lighting.com\/systems\/eurogrid\/\">Eurogrid<\/a>\n                    \n                    \n                <\/h3>\n                \n                \n                \n                                <p><a class=\"uk-button uk-button-default\" href=\"http:\/\/ceilings-lighting.com\/systems\/eurogrid\/\">Produktseite<\/a><\/p>\n                \n            <\/div>\n        <\/div>\n        \n    <\/div>\n\n    <hr class=\"uk-grid-divider \">\n\n    \n    <div class=\"uk-grid uk-text-left uk-flex-middle\" uk-margin=\"margin: uk-margin-top\">\n\n                <div class=\"uk-width-1-5@medium uk-text-center\" >\n            <img loading=\"lazy\" decoding=\"async\" src=\"\/wp-content\/plugins\/widgetkit\/cache\/systems2-ab61a2fd6122d2ae1a6d007683f576fa.jpg\" class=\"uk-border-rounded\" alt=\"Eurogrid T\" width=\"300\" height=\"300\">        <\/div>\n        \n                <div class=\"uk-width-4-5@medium\" >\n            <div class=\"uk-panel uk-padding uk-width-1-1\">\n\n                \n                                <h3 class=\"uk-h2\">\n\n                                            <a class=\"uk-link-reset\" href=\"http:\/\/ceilings-lighting.com\/systems\/eurogrid-t\/\">Eurogrid T<\/a>\n                    \n                    \n                <\/h3>\n                \n                \n                \n                                <p><a class=\"uk-button uk-button-default\" href=\"http:\/\/ceilings-lighting.com\/systems\/eurogrid-t\/\">Produktseite<\/a><\/p>\n                \n            <\/div>\n        <\/div>\n        \n    <\/div>\n\n    <hr class=\"uk-grid-divider \">\n\n    \n    <div class=\"uk-grid uk-text-left uk-flex-middle\" uk-margin=\"margin: uk-margin-top\">\n\n                <div class=\"uk-width-1-5@medium uk-text-center\" >\n            <img loading=\"lazy\" decoding=\"async\" src=\"\/wp-content\/plugins\/widgetkit\/cache\/systems3-fb999e65a025758277ea209daceac0f1.jpg\" class=\"uk-border-rounded\" alt=\"Deltagrid\" width=\"300\" height=\"300\">        <\/div>\n        \n                <div class=\"uk-width-4-5@medium\" >\n            <div class=\"uk-panel uk-padding uk-width-1-1\">\n\n                \n                                <h3 class=\"uk-h2\">\n\n                                            <a class=\"uk-link-reset\" href=\"http:\/\/ceilings-lighting.com\/systems\/deltagrid\/\">Deltagrid<\/a>\n                    \n                    \n                <\/h3>\n                \n                \n                \n                                <p><a class=\"uk-button uk-button-default\" href=\"http:\/\/ceilings-lighting.com\/systems\/deltagrid\/\">Produktseite<\/a><\/p>\n                \n            <\/div>\n        <\/div>\n        \n    <\/div>\n\n    <hr class=\"uk-grid-divider \">\n\n    \n    <div class=\"uk-grid uk-text-left uk-flex-middle\" uk-margin=\"margin: uk-margin-top\">\n\n                <div class=\"uk-width-1-5@medium uk-text-center\" >\n            <img loading=\"lazy\" decoding=\"async\" src=\"\/wp-content\/plugins\/widgetkit\/cache\/systems4-17dd3a14b113499941e3420da015e1b6.jpg\" class=\"uk-border-rounded\" alt=\"Deltaline\" width=\"300\" height=\"300\">        <\/div>\n        \n                <div class=\"uk-width-4-5@medium\" >\n            <div class=\"uk-panel uk-padding uk-width-1-1\">\n\n                \n                                <h3 class=\"uk-h2\">\n\n                                            <a class=\"uk-link-reset\" href=\"http:\/\/ceilings-lighting.com\/systems\/deltaline\/\">Deltaline<\/a>\n                    \n                    \n                <\/h3>\n                \n                \n                \n                                <p><a class=\"uk-button uk-button-default\" href=\"http:\/\/ceilings-lighting.com\/systems\/deltaline\/\">Produktseite<\/a><\/p>\n                \n            <\/div>\n        <\/div>\n        \n    <\/div>\n\n    <hr class=\"uk-grid-divider \">\n\n    \n    <div class=\"uk-grid uk-text-left uk-flex-middle\" uk-margin=\"margin: uk-margin-top\">\n\n                <div class=\"uk-width-1-5@medium uk-text-center\" >\n            <img loading=\"lazy\" decoding=\"async\" src=\"\/wp-content\/plugins\/widgetkit\/cache\/systems5-e18b530b5f45c753c57d61837aacce0a.jpg\" class=\"uk-border-rounded\" alt=\"Bi-Planar\" width=\"300\" height=\"300\">        <\/div>\n        \n                <div class=\"uk-width-4-5@medium\" >\n            <div class=\"uk-panel uk-padding uk-width-1-1\">\n\n                \n                                <h3 class=\"uk-h2\">\n\n                                            <a class=\"uk-link-reset\" href=\"http:\/\/ceilings-lighting.com\/systems\/bi-planar\/\">Bi-Planar<\/a>\n                    \n                    \n                <\/h3>\n                \n                \n                \n                                <p><a class=\"uk-button uk-button-default\" href=\"http:\/\/ceilings-lighting.com\/systems\/bi-planar\/\">Produktseite<\/a><\/p>\n                \n            <\/div>\n        <\/div>\n        \n    <\/div>\n\n    <hr class=\"uk-grid-divider \">\n\n    \n    <div class=\"uk-grid uk-text-left uk-flex-middle\" uk-margin=\"margin: uk-margin-top\">\n\n                <div class=\"uk-width-1-5@medium uk-text-center\" >\n            <img loading=\"lazy\" decoding=\"async\" src=\"\/wp-content\/plugins\/widgetkit\/cache\/systems6-edc0f812c5cf8f76d9e0f65c53906583.jpg\" class=\"uk-border-rounded\" alt=\"Euroline\" width=\"300\" height=\"300\">        <\/div>\n        \n                <div class=\"uk-width-4-5@medium\" >\n            <div class=\"uk-panel uk-padding uk-width-1-1\">\n\n                \n                                <h3 class=\"uk-h2\">\n\n                                            <a class=\"uk-link-reset\" href=\"http:\/\/ceilings-lighting.com\/systems\/euroline\/\">Euroline<\/a>\n                    \n                    \n                <\/h3>\n                \n                \n                \n                                <p><a class=\"uk-button uk-button-default\" href=\"http:\/\/ceilings-lighting.com\/systems\/euroline\/\">Produktseite<\/a><\/p>\n                \n            <\/div>\n        <\/div>\n        \n    <\/div>\n\n    <hr class=\"uk-grid-divider \">\n\n    \n    <div class=\"uk-grid uk-text-left uk-flex-middle\" uk-margin=\"margin: uk-margin-top\">\n\n                <div class=\"uk-width-1-5@medium uk-text-center\" >\n            <img loading=\"lazy\" decoding=\"async\" src=\"\/wp-content\/plugins\/widgetkit\/cache\/systems7-aca1e3cf59e5087c1c97ac7cfc3c3c4b.jpg\" class=\"uk-border-rounded\" alt=\"Louvres (ALM)\" width=\"300\" height=\"300\">        <\/div>\n        \n                <div class=\"uk-width-4-5@medium\" >\n            <div class=\"uk-panel uk-padding uk-width-1-1\">\n\n                \n                                <h3 class=\"uk-h2\">\n\n                                            <a class=\"uk-link-reset\" href=\"http:\/\/ceilings-lighting.com\/systems\/louvres-alm\/\">Louvres (ALM)<\/a>\n                    \n                    \n                <\/h3>\n                \n                \n                \n                                <p><a class=\"uk-button uk-button-default\" href=\"http:\/\/ceilings-lighting.com\/systems\/louvres-alm\/\">Produktseite<\/a><\/p>\n                \n            <\/div>\n        <\/div>\n        \n    <\/div>\n\n    <hr class=\"uk-grid-divider \">\n\n    \n    <div class=\"uk-grid uk-text-left uk-flex-middle\" uk-margin=\"margin: uk-margin-top\">\n\n                <div class=\"uk-width-1-5@medium uk-text-center\" >\n            <img loading=\"lazy\" decoding=\"async\" src=\"\/wp-content\/plugins\/widgetkit\/cache\/systems8-f58f726feaffa74bb9a80c4284071aaf.jpg\" class=\"uk-border-rounded\" alt=\"Baffles\" width=\"300\" height=\"300\">        <\/div>\n        \n                <div class=\"uk-width-4-5@medium\" >\n            <div class=\"uk-panel uk-padding uk-width-1-1\">\n\n                \n                                <h3 class=\"uk-h2\">\n\n                                            <a class=\"uk-link-reset\" href=\"http:\/\/ceilings-lighting.com\/systems\/baffles\/\">Baffles<\/a>\n                    \n                    \n                <\/h3>\n                \n                \n                \n                                <p><a class=\"uk-button uk-button-default\" href=\"http:\/\/ceilings-lighting.com\/systems\/baffles\/\">Produktseite<\/a><\/p>\n                \n            <\/div>\n        <\/div>\n        \n    <\/div>\n\n    \n\n<\/div>\n<\/div><\/p>","protected":false},"excerpt":{"rendered":"<p>Deckensysteme mit offenem Zellenraster Wenn es um Design geht, hat jeder seinen eigenen individuellen Geschmack. Aus diesem Grund bieten wir Ihnen zahlreiche M\u00f6glichkeiten, um so viele Kunden wie m\u00f6glich zufriedenzustellen. Das weitreichende Sortiment an Materialien und Deckenformen erm\u00f6glicht es unseren Kunden, mit Linien zu experimentieren und zu spielen.<\/p>\n","protected":false},"author":2,"featured_media":0,"parent":0,"menu_order":0,"comment_status":"closed","ping_status":"closed","template":"","meta":{"footnotes":""},"class_list":["post-15","page","type-page","status-publish","hentry"],"yoast_head":"<!-- This site is optimized with the Yoast SEO plugin v24.5 - https:\/\/yoast.com\/wordpress\/plugins\/seo\/ -->\n<title>Deckensysteme - Ceilings and Lighting<\/title>\n<meta name=\"description\" content=\"Open cell ceiling systems add extra dimension to any room. Choose from a large range of ceilings and find the perfect ceiling design for your building.\" \/>\n<meta name=\"robots\" content=\"index, follow, max-snippet:-1, max-image-preview:large, max-video-preview:-1\" \/>\n<link rel=\"canonical\" href=\"https:\/\/ceilings-lighting.com\/systems\/\" \/>\n<meta property=\"og:locale\" content=\"de_DE\" \/>\n<meta property=\"og:type\" content=\"article\" \/>\n<meta property=\"og:title\" content=\"Deckensysteme - Ceilings and Lighting\" \/>\n<meta property=\"og:description\" content=\"Open cell ceiling systems add extra dimension to any room. Choose from a large range of ceilings and find the perfect ceiling design for your building.\" \/>\n<meta property=\"og:url\" content=\"https:\/\/ceilings-lighting.com\/systems\/\" \/>\n<meta property=\"og:site_name\" content=\"Ceilings and Lighting\" \/>\n<meta property=\"article:modified_time\" content=\"2020-03-25T07:58:13+00:00\" \/>\n<meta name=\"twitter:card\" content=\"summary_large_image\" \/>\n<meta name=\"twitter:label1\" content=\"Gesch\u00e4tzte Lesezeit\" \/>\n\t<meta name=\"twitter:data1\" content=\"3\u00a0Minuten\" \/>\n<script type=\"application\/ld+json\" class=\"yoast-schema-graph\">{\"@context\":\"https:\/\/schema.org\",\"@graph\":[{\"@type\":\"WebPage\",\"@id\":\"https:\/\/ceilings-lighting.com\/systems\/\",\"url\":\"https:\/\/ceilings-lighting.com\/systems\/\",\"name\":\"Deckensysteme - Ceilings and Lighting\",\"isPartOf\":{\"@id\":\"https:\/\/ceilings-lighting.com\/#website\"},\"datePublished\":\"2016-09-23T13:23:36+00:00\",\"dateModified\":\"2020-03-25T07:58:13+00:00\",\"description\":\"Open cell ceiling systems add extra dimension to any room. Choose from a large range of ceilings and find the perfect ceiling design for your building.\",\"breadcrumb\":{\"@id\":\"https:\/\/ceilings-lighting.com\/systems\/#breadcrumb\"},\"inLanguage\":\"de\",\"potentialAction\":[{\"@type\":\"ReadAction\",\"target\":[\"https:\/\/ceilings-lighting.com\/systems\/\"]}]},{\"@type\":\"BreadcrumbList\",\"@id\":\"https:\/\/ceilings-lighting.com\/systems\/#breadcrumb\",\"itemListElement\":[{\"@type\":\"ListItem\",\"position\":1,\"name\":\"Home\",\"item\":\"https:\/\/ceilings-lighting.com\/\"},{\"@type\":\"ListItem\",\"position\":2,\"name\":\"Open cell ceiling systems\"}]},{\"@type\":\"WebSite\",\"@id\":\"https:\/\/ceilings-lighting.com\/#website\",\"url\":\"https:\/\/ceilings-lighting.com\/\",\"name\":\"Ceilings & Lighting\",\"description\":\"Above expectations\",\"publisher\":{\"@id\":\"https:\/\/ceilings-lighting.com\/#organization\"},\"potentialAction\":[{\"@type\":\"SearchAction\",\"target\":{\"@type\":\"EntryPoint\",\"urlTemplate\":\"https:\/\/ceilings-lighting.com\/?s={search_term_string}\"},\"query-input\":{\"@type\":\"PropertyValueSpecification\",\"valueRequired\":true,\"valueName\":\"search_term_string\"}}],\"inLanguage\":\"de\"},{\"@type\":\"Organization\",\"@id\":\"https:\/\/ceilings-lighting.com\/#organization\",\"name\":\"Ceilings & Lighting\",\"url\":\"https:\/\/ceilings-lighting.com\/\",\"logo\":{\"@type\":\"ImageObject\",\"inLanguage\":\"de\",\"@id\":\"https:\/\/ceilings-lighting.com\/#\/schema\/logo\/image\/\",\"url\":\"https:\/\/ceilings-lighting.com\/wp-content\/uploads\/2016\/10\/logo-on-blue.png\",\"contentUrl\":\"https:\/\/ceilings-lighting.com\/wp-content\/uploads\/2016\/10\/logo-on-blue.png\",\"width\":155,\"height\":100,\"caption\":\"Ceilings & Lighting\"},\"image\":{\"@id\":\"https:\/\/ceilings-lighting.com\/#\/schema\/logo\/image\/\"}}]}<\/script>\n<!-- \/ Yoast SEO plugin. -->","yoast_head_json":{"title":"Deckensysteme - Ceilings and Lighting","description":"Open cell ceiling systems add extra dimension to any room. Choose from a large range of ceilings and find the perfect ceiling design for your building.","robots":{"index":"index","follow":"follow","max-snippet":"max-snippet:-1","max-image-preview":"max-image-preview:large","max-video-preview":"max-video-preview:-1"},"canonical":"https:\/\/ceilings-lighting.com\/systems\/","og_locale":"de_DE","og_type":"article","og_title":"Deckensysteme - Ceilings and Lighting","og_description":"Open cell ceiling systems add extra dimension to any room. Choose from a large range of ceilings and find the perfect ceiling design for your building.","og_url":"https:\/\/ceilings-lighting.com\/systems\/","og_site_name":"Ceilings and Lighting","article_modified_time":"2020-03-25T07:58:13+00:00","twitter_card":"summary_large_image","twitter_misc":{"Gesch\u00e4tzte Lesezeit":"3\u00a0Minuten"},"schema":{"@context":"https:\/\/schema.org","@graph":[{"@type":"WebPage","@id":"https:\/\/ceilings-lighting.com\/systems\/","url":"https:\/\/ceilings-lighting.com\/systems\/","name":"Deckensysteme - Ceilings and Lighting","isPartOf":{"@id":"https:\/\/ceilings-lighting.com\/#website"},"datePublished":"2016-09-23T13:23:36+00:00","dateModified":"2020-03-25T07:58:13+00:00","description":"Open cell ceiling systems add extra dimension to any room. Choose from a large range of ceilings and find the perfect ceiling design for your building.","breadcrumb":{"@id":"https:\/\/ceilings-lighting.com\/systems\/#breadcrumb"},"inLanguage":"de","potentialAction":[{"@type":"ReadAction","target":["https:\/\/ceilings-lighting.com\/systems\/"]}]},{"@type":"BreadcrumbList","@id":"https:\/\/ceilings-lighting.com\/systems\/#breadcrumb","itemListElement":[{"@type":"ListItem","position":1,"name":"Home","item":"https:\/\/ceilings-lighting.com\/"},{"@type":"ListItem","position":2,"name":"Open cell ceiling systems"}]},{"@type":"WebSite","@id":"https:\/\/ceilings-lighting.com\/#website","url":"https:\/\/ceilings-lighting.com\/","name":"Ceilings & Lighting","description":"Above expectations","publisher":{"@id":"https:\/\/ceilings-lighting.com\/#organization"},"potentialAction":[{"@type":"SearchAction","target":{"@type":"EntryPoint","urlTemplate":"https:\/\/ceilings-lighting.com\/?s={search_term_string}"},"query-input":{"@type":"PropertyValueSpecification","valueRequired":true,"valueName":"search_term_string"}}],"inLanguage":"de"},{"@type":"Organization","@id":"https:\/\/ceilings-lighting.com\/#organization","name":"Ceilings & Lighting","url":"https:\/\/ceilings-lighting.com\/","logo":{"@type":"ImageObject","inLanguage":"de","@id":"https:\/\/ceilings-lighting.com\/#\/schema\/logo\/image\/","url":"https:\/\/ceilings-lighting.com\/wp-content\/uploads\/2016\/10\/logo-on-blue.png","contentUrl":"https:\/\/ceilings-lighting.com\/wp-content\/uploads\/2016\/10\/logo-on-blue.png","width":155,"height":100,"caption":"Ceilings & Lighting"},"image":{"@id":"https:\/\/ceilings-lighting.com\/#\/schema\/logo\/image\/"}}]}},"_links":{"self":[{"href":"https:\/\/ceilings-lighting.com\/de\/wp-json\/wp\/v2\/pages\/15","targetHints":{"allow":["GET"]}}],"collection":[{"href":"https:\/\/ceilings-lighting.com\/de\/wp-json\/wp\/v2\/pages"}],"about":[{"href":"https:\/\/ceilings-lighting.com\/de\/wp-json\/wp\/v2\/types\/page"}],"author":[{"embeddable":true,"href":"https:\/\/ceilings-lighting.com\/de\/wp-json\/wp\/v2\/users\/2"}],"replies":[{"embeddable":true,"href":"https:\/\/ceilings-lighting.com\/de\/wp-json\/wp\/v2\/comments?post=15"}],"version-history":[{"count":20,"href":"https:\/\/ceilings-lighting.com\/de\/wp-json\/wp\/v2\/pages\/15\/revisions"}],"predecessor-version":[{"id":631,"href":"https:\/\/ceilings-lighting.com\/de\/wp-json\/wp\/v2\/pages\/15\/revisions\/631"}],"wp:attachment":[{"href":"https:\/\/ceilings-lighting.com\/de\/wp-json\/wp\/v2\/media?parent=15"}],"curies":[{"name":"wp","href":"https:\/\/api.w.org\/{rel}","templated":true}]}}