{"id":245,"date":"2017-03-27T10:44:15","date_gmt":"2017-03-27T10:44:15","guid":{"rendered":"http:\/\/ceilings-lighting.com\/?page_id=245"},"modified":"2021-01-22T09:18:18","modified_gmt":"2021-01-22T09:18:18","slug":"advice","status":"publish","type":"page","link":"https:\/\/ceilings-lighting.com\/de\/what-we-do\/advice\/","title":{"rendered":"Beratung"},"content":{"rendered":"<p><\/p>\n<h2>Beratung<\/h2>\n<h4>Holen Sie eine professionelle Deckenberatung ein<\/h4>\n<p>Bei Ceilings and Lighning sind wir immer froh, unsere branchenf\u00fchrende Erfahrung und Kompetenz mit unseren Kunden zu teilen. Wir bieten eine hilfreiche Beratung zu verschiedenen Decken und finden heraus, welche Arten von Materialien, Oberfl\u00e4chen, Farben und Produktionsmethoden f\u00fcr das jeweilige individuelle Kundenprojekt am besten geeignet sind. Mit einer Vielzahl von M\u00f6glichkeiten hilft Ceilings and Lighing Kunden dabei, einen Plan zu erstellen und ihre kreative Vision mit Pr\u00e4zision und Effizienz in die Tat umzusetzen. Unsere offene Zellenrasterdesigns sind vielseitig und k\u00f6nnen in R\u00e4umen mit den unterschiedlichsten Dimensionen und Stilen installiert werden.<\/p>\n<p>Au\u00dferdem haben wir die M\u00f6glichkeit, auf Anfrage Modelle und Muster unserer offenen Zellenrastersysteme zu produzieren. Dadurch bekommen unseren Kunden eine konkrete Vorstellung davon, wie das fertige Produkt sp\u00e4ter aussehen wird. Dem Team von Ceilings and Lighting liegt die Zufriedenheit der Kunden sehr am Herzen. Wir begleiten jeden Schritt und garantieren somit den besten Service und beeindruckende Ergebnisse.<\/p>\n<p>Ceilings and Lighting ist nach den Bestimmungen der EU CE-zertifiziert, um die bestm\u00f6glichen Gesch\u00e4ftspraktiken und Produktionsmethoden gew\u00e4hrleisten zu k\u00f6nnen. Diese Zertifizierung spiegelt unser Engagement f\u00fcr die Produktion sicherer und effektiver Deckensysteme wieder. Bei weiteren Fragen oder Anregungen wenden Sie sich bitte an den zust\u00e4ndigen Vertriebsbeauftragten Ihres Landes.<\/p>\n<p><\/p>","protected":false},"excerpt":{"rendered":"<p>Beratung Holen Sie eine professionelle Deckenberatung ein Bei Ceilings and Lighning sind wir immer froh, unsere branchenf\u00fchrende Erfahrung und Kompetenz mit unseren Kunden zu teilen. Wir bieten eine hilfreiche Beratung zu verschiedenen Decken und finden heraus, welche Arten von Materialien, Oberfl\u00e4chen, Farben und Produktionsmethoden f\u00fcr das jeweilige individuelle Kundenprojekt am besten geeignet sind. Mit einer [&hellip;]<\/p>\n","protected":false},"author":2,"featured_media":0,"parent":11,"menu_order":1,"comment_status":"closed","ping_status":"closed","template":"","meta":{"footnotes":""},"class_list":["post-245","page","type-page","status-publish","hentry"],"yoast_head":"<!-- This site is optimized with the Yoast SEO plugin v24.5 - https:\/\/yoast.com\/wordpress\/plugins\/seo\/ -->\n<title>Beratung - Ceilings and Lighting<\/title>\n<meta name=\"robots\" content=\"index, follow, max-snippet:-1, max-image-preview:large, max-video-preview:-1\" \/>\n<link rel=\"canonical\" href=\"https:\/\/ceilings-lighting.com\/what-we-do\/advice\/\" \/>\n<meta property=\"og:locale\" content=\"de_DE\" \/>\n<meta property=\"og:type\" content=\"article\" \/>\n<meta property=\"og:title\" content=\"Beratung - Ceilings and Lighting\" \/>\n<meta property=\"og:description\" content=\"Beratung Holen Sie eine professionelle Deckenberatung ein Bei Ceilings and Lighning sind wir immer froh, unsere branchenf\u00fchrende Erfahrung und Kompetenz mit unseren Kunden zu teilen. Wir bieten eine hilfreiche Beratung zu verschiedenen Decken und finden heraus, welche Arten von Materialien, Oberfl\u00e4chen, Farben und Produktionsmethoden f\u00fcr das jeweilige individuelle Kundenprojekt am besten geeignet sind. Mit einer [&hellip;]\" \/>\n<meta property=\"og:url\" content=\"https:\/\/ceilings-lighting.com\/what-we-do\/advice\/\" \/>\n<meta property=\"og:site_name\" content=\"Ceilings and Lighting\" \/>\n<meta property=\"article:modified_time\" content=\"2021-01-22T09:18:18+00:00\" \/>\n<meta name=\"twitter:card\" content=\"summary_large_image\" \/>\n<meta name=\"twitter:label1\" content=\"Gesch\u00e4tzte Lesezeit\" \/>\n\t<meta name=\"twitter:data1\" content=\"6\u00a0Minuten\" \/>\n<script type=\"application\/ld+json\" class=\"yoast-schema-graph\">{\"@context\":\"https:\/\/schema.org\",\"@graph\":[{\"@type\":\"WebPage\",\"@id\":\"https:\/\/ceilings-lighting.com\/what-we-do\/advice\/\",\"url\":\"https:\/\/ceilings-lighting.com\/what-we-do\/advice\/\",\"name\":\"Beratung - Ceilings and Lighting\",\"isPartOf\":{\"@id\":\"https:\/\/ceilings-lighting.com\/#website\"},\"datePublished\":\"2017-03-27T10:44:15+00:00\",\"dateModified\":\"2021-01-22T09:18:18+00:00\",\"breadcrumb\":{\"@id\":\"https:\/\/ceilings-lighting.com\/what-we-do\/advice\/#breadcrumb\"},\"inLanguage\":\"de\",\"potentialAction\":[{\"@type\":\"ReadAction\",\"target\":[\"https:\/\/ceilings-lighting.com\/what-we-do\/advice\/\"]}]},{\"@type\":\"BreadcrumbList\",\"@id\":\"https:\/\/ceilings-lighting.com\/what-we-do\/advice\/#breadcrumb\",\"itemListElement\":[{\"@type\":\"ListItem\",\"position\":1,\"name\":\"Home\",\"item\":\"https:\/\/ceilings-lighting.com\/\"},{\"@type\":\"ListItem\",\"position\":2,\"name\":\"What we do\",\"item\":\"https:\/\/ceilings-lighting.com\/what-we-do\/\"},{\"@type\":\"ListItem\",\"position\":3,\"name\":\"Advice\"}]},{\"@type\":\"WebSite\",\"@id\":\"https:\/\/ceilings-lighting.com\/#website\",\"url\":\"https:\/\/ceilings-lighting.com\/\",\"name\":\"Ceilings & Lighting\",\"description\":\"Above expectations\",\"publisher\":{\"@id\":\"https:\/\/ceilings-lighting.com\/#organization\"},\"potentialAction\":[{\"@type\":\"SearchAction\",\"target\":{\"@type\":\"EntryPoint\",\"urlTemplate\":\"https:\/\/ceilings-lighting.com\/?s={search_term_string}\"},\"query-input\":{\"@type\":\"PropertyValueSpecification\",\"valueRequired\":true,\"valueName\":\"search_term_string\"}}],\"inLanguage\":\"de\"},{\"@type\":\"Organization\",\"@id\":\"https:\/\/ceilings-lighting.com\/#organization\",\"name\":\"Ceilings & Lighting\",\"url\":\"https:\/\/ceilings-lighting.com\/\",\"logo\":{\"@type\":\"ImageObject\",\"inLanguage\":\"de\",\"@id\":\"https:\/\/ceilings-lighting.com\/#\/schema\/logo\/image\/\",\"url\":\"https:\/\/ceilings-lighting.com\/wp-content\/uploads\/2016\/10\/logo-on-blue.png\",\"contentUrl\":\"https:\/\/ceilings-lighting.com\/wp-content\/uploads\/2016\/10\/logo-on-blue.png\",\"width\":155,\"height\":100,\"caption\":\"Ceilings & Lighting\"},\"image\":{\"@id\":\"https:\/\/ceilings-lighting.com\/#\/schema\/logo\/image\/\"}}]}<\/script>\n<!-- \/ Yoast SEO plugin. -->","yoast_head_json":{"title":"Beratung - Ceilings and Lighting","robots":{"index":"index","follow":"follow","max-snippet":"max-snippet:-1","max-image-preview":"max-image-preview:large","max-video-preview":"max-video-preview:-1"},"canonical":"https:\/\/ceilings-lighting.com\/what-we-do\/advice\/","og_locale":"de_DE","og_type":"article","og_title":"Beratung - Ceilings and Lighting","og_description":"Beratung Holen Sie eine professionelle Deckenberatung ein Bei Ceilings and Lighning sind wir immer froh, unsere branchenf\u00fchrende Erfahrung und Kompetenz mit unseren Kunden zu teilen. Wir bieten eine hilfreiche Beratung zu verschiedenen Decken und finden heraus, welche Arten von Materialien, Oberfl\u00e4chen, Farben und Produktionsmethoden f\u00fcr das jeweilige individuelle Kundenprojekt am besten geeignet sind. Mit einer [&hellip;]","og_url":"https:\/\/ceilings-lighting.com\/what-we-do\/advice\/","og_site_name":"Ceilings and Lighting","article_modified_time":"2021-01-22T09:18:18+00:00","twitter_card":"summary_large_image","twitter_misc":{"Gesch\u00e4tzte Lesezeit":"6\u00a0Minuten"},"schema":{"@context":"https:\/\/schema.org","@graph":[{"@type":"WebPage","@id":"https:\/\/ceilings-lighting.com\/what-we-do\/advice\/","url":"https:\/\/ceilings-lighting.com\/what-we-do\/advice\/","name":"Beratung - Ceilings and Lighting","isPartOf":{"@id":"https:\/\/ceilings-lighting.com\/#website"},"datePublished":"2017-03-27T10:44:15+00:00","dateModified":"2021-01-22T09:18:18+00:00","breadcrumb":{"@id":"https:\/\/ceilings-lighting.com\/what-we-do\/advice\/#breadcrumb"},"inLanguage":"de","potentialAction":[{"@type":"ReadAction","target":["https:\/\/ceilings-lighting.com\/what-we-do\/advice\/"]}]},{"@type":"BreadcrumbList","@id":"https:\/\/ceilings-lighting.com\/what-we-do\/advice\/#breadcrumb","itemListElement":[{"@type":"ListItem","position":1,"name":"Home","item":"https:\/\/ceilings-lighting.com\/"},{"@type":"ListItem","position":2,"name":"What we do","item":"https:\/\/ceilings-lighting.com\/what-we-do\/"},{"@type":"ListItem","position":3,"name":"Advice"}]},{"@type":"WebSite","@id":"https:\/\/ceilings-lighting.com\/#website","url":"https:\/\/ceilings-lighting.com\/","name":"Ceilings & Lighting","description":"Above expectations","publisher":{"@id":"https:\/\/ceilings-lighting.com\/#organization"},"potentialAction":[{"@type":"SearchAction","target":{"@type":"EntryPoint","urlTemplate":"https:\/\/ceilings-lighting.com\/?s={search_term_string}"},"query-input":{"@type":"PropertyValueSpecification","valueRequired":true,"valueName":"search_term_string"}}],"inLanguage":"de"},{"@type":"Organization","@id":"https:\/\/ceilings-lighting.com\/#organization","name":"Ceilings & Lighting","url":"https:\/\/ceilings-lighting.com\/","logo":{"@type":"ImageObject","inLanguage":"de","@id":"https:\/\/ceilings-lighting.com\/#\/schema\/logo\/image\/","url":"https:\/\/ceilings-lighting.com\/wp-content\/uploads\/2016\/10\/logo-on-blue.png","contentUrl":"https:\/\/ceilings-lighting.com\/wp-content\/uploads\/2016\/10\/logo-on-blue.png","width":155,"height":100,"caption":"Ceilings & Lighting"},"image":{"@id":"https:\/\/ceilings-lighting.com\/#\/schema\/logo\/image\/"}}]}},"_links":{"self":[{"href":"https:\/\/ceilings-lighting.com\/de\/wp-json\/wp\/v2\/pages\/245","targetHints":{"allow":["GET"]}}],"collection":[{"href":"https:\/\/ceilings-lighting.com\/de\/wp-json\/wp\/v2\/pages"}],"about":[{"href":"https:\/\/ceilings-lighting.com\/de\/wp-json\/wp\/v2\/types\/page"}],"author":[{"embeddable":true,"href":"https:\/\/ceilings-lighting.com\/de\/wp-json\/wp\/v2\/users\/2"}],"replies":[{"embeddable":true,"href":"https:\/\/ceilings-lighting.com\/de\/wp-json\/wp\/v2\/comments?post=245"}],"version-history":[{"count":13,"href":"https:\/\/ceilings-lighting.com\/de\/wp-json\/wp\/v2\/pages\/245\/revisions"}],"predecessor-version":[{"id":869,"href":"https:\/\/ceilings-lighting.com\/de\/wp-json\/wp\/v2\/pages\/245\/revisions\/869"}],"up":[{"embeddable":true,"href":"https:\/\/ceilings-lighting.com\/de\/wp-json\/wp\/v2\/pages\/11"}],"wp:attachment":[{"href":"https:\/\/ceilings-lighting.com\/de\/wp-json\/wp\/v2\/media?parent=245"}],"curies":[{"name":"wp","href":"https:\/\/api.w.org\/{rel}","templated":true}]}}