{"id":247,"date":"2017-03-27T10:44:41","date_gmt":"2017-03-27T10:44:41","guid":{"rendered":"http:\/\/ceilings-lighting.com\/?page_id=247"},"modified":"2021-01-22T09:19:02","modified_gmt":"2021-01-22T09:19:02","slug":"production","status":"publish","type":"page","link":"https:\/\/ceilings-lighting.com\/de\/what-we-do\/production\/","title":{"rendered":"Produktion"},"content":{"rendered":"<p><\/p>\n<h2>Produktion<\/h2>\n<h4>Produktionsverfahren<\/h4>\n<p>Unsere Mitarbeiter von Ceilings and Lighting z\u00e4hlen zu den erfahrensten und engagiertesten in der gesamten Branche. Unsere Mitarbeiter werden auch vor Ort geschult, damit ihr Wissen \u00fcber das Produkt und die Industrie st\u00e4ndig aktuell sind. Bei Ceilings and Lighting haben wir unsere Produktionstechniken und Maschinen im Laufe der Jahre verfeinert, was in einer noch besseren Qualit\u00e4t unserer Produkte resultiert. Unsere Produktionshalle wird den st\u00e4ndig wechselnden Marktanforderungen angepasst und ist gro\u00df genug, um kleine und gro\u00dfe Projekte zu realisieren.<\/p>\n<p>Von unserer Firma k\u00f6nnen Sie jederzeit qualitativ hochwertige Ergebnisse und maximale Individualisierung der offenen Zellenrastersysteme erwarten. Alle M\u00f6glichkeiten unseres Warenbestandes k\u00f6nnen an spezielle strukturelle und k\u00fcnstlerische Anforderungen angepasst werden. Wir bieten eine Reihe von faszinierenden Oberfl\u00e4chen und Farben. Allen voran legen wir aber sehr viel Wert auf eine pr\u00e4zise Umsetzung der W\u00fcnsche unserer Kunden.<\/p>\n<p>Egal, um welches Projekt es sich handelt, das Team von Ceiling and Lighting besitzt die n\u00f6tige Erfahrung, um jeden Raum mit einer sch\u00f6nen und dynamischen Erg\u00e4nzung auszustatten. Offene Zellenrastersysteme sind etwas Besonderes &#8211; durch einfaches Spielen mit Formen stehen unsere Decken f\u00fcr eine Aussage, die jeden Raum gr\u00f6\u00dfer wirken l\u00e4sst, auch wenn er eher knapp bemessen ist.<\/p>\n<p><\/p>","protected":false},"excerpt":{"rendered":"<p>Produktion Produktionsverfahren Unsere Mitarbeiter von Ceilings and Lighting z\u00e4hlen zu den erfahrensten und engagiertesten in der gesamten Branche. Unsere Mitarbeiter werden auch vor Ort geschult, damit ihr Wissen \u00fcber das Produkt und die Industrie st\u00e4ndig aktuell sind. Bei Ceilings and Lighting haben wir unsere Produktionstechniken und Maschinen im Laufe der Jahre verfeinert, was in einer [&hellip;]<\/p>\n","protected":false},"author":2,"featured_media":0,"parent":11,"menu_order":2,"comment_status":"closed","ping_status":"closed","template":"","meta":{"footnotes":""},"class_list":["post-247","page","type-page","status-publish","hentry"],"yoast_head":"<!-- This site is optimized with the Yoast SEO plugin v24.5 - https:\/\/yoast.com\/wordpress\/plugins\/seo\/ -->\n<title>Produktion - Ceilings and Lighting<\/title>\n<meta name=\"robots\" content=\"index, follow, max-snippet:-1, max-image-preview:large, max-video-preview:-1\" \/>\n<link rel=\"canonical\" href=\"https:\/\/ceilings-lighting.com\/what-we-do\/production\/\" \/>\n<meta property=\"og:locale\" content=\"de_DE\" \/>\n<meta property=\"og:type\" content=\"article\" \/>\n<meta property=\"og:title\" content=\"Produktion - Ceilings and Lighting\" \/>\n<meta property=\"og:description\" content=\"Produktion Produktionsverfahren Unsere Mitarbeiter von Ceilings and Lighting z\u00e4hlen zu den erfahrensten und engagiertesten in der gesamten Branche. Unsere Mitarbeiter werden auch vor Ort geschult, damit ihr Wissen \u00fcber das Produkt und die Industrie st\u00e4ndig aktuell sind. Bei Ceilings and Lighting haben wir unsere Produktionstechniken und Maschinen im Laufe der Jahre verfeinert, was in einer [&hellip;]\" \/>\n<meta property=\"og:url\" content=\"https:\/\/ceilings-lighting.com\/what-we-do\/production\/\" \/>\n<meta property=\"og:site_name\" content=\"Ceilings and Lighting\" \/>\n<meta property=\"article:modified_time\" content=\"2021-01-22T09:19:02+00:00\" \/>\n<meta name=\"twitter:card\" content=\"summary_large_image\" \/>\n<meta name=\"twitter:label1\" content=\"Gesch\u00e4tzte Lesezeit\" \/>\n\t<meta name=\"twitter:data1\" content=\"5\u00a0Minuten\" \/>\n<script type=\"application\/ld+json\" class=\"yoast-schema-graph\">{\"@context\":\"https:\/\/schema.org\",\"@graph\":[{\"@type\":\"WebPage\",\"@id\":\"https:\/\/ceilings-lighting.com\/what-we-do\/production\/\",\"url\":\"https:\/\/ceilings-lighting.com\/what-we-do\/production\/\",\"name\":\"Produktion - Ceilings and Lighting\",\"isPartOf\":{\"@id\":\"https:\/\/ceilings-lighting.com\/#website\"},\"datePublished\":\"2017-03-27T10:44:41+00:00\",\"dateModified\":\"2021-01-22T09:19:02+00:00\",\"breadcrumb\":{\"@id\":\"https:\/\/ceilings-lighting.com\/what-we-do\/production\/#breadcrumb\"},\"inLanguage\":\"de\",\"potentialAction\":[{\"@type\":\"ReadAction\",\"target\":[\"https:\/\/ceilings-lighting.com\/what-we-do\/production\/\"]}]},{\"@type\":\"BreadcrumbList\",\"@id\":\"https:\/\/ceilings-lighting.com\/what-we-do\/production\/#breadcrumb\",\"itemListElement\":[{\"@type\":\"ListItem\",\"position\":1,\"name\":\"Home\",\"item\":\"https:\/\/ceilings-lighting.com\/\"},{\"@type\":\"ListItem\",\"position\":2,\"name\":\"What we do\",\"item\":\"https:\/\/ceilings-lighting.com\/what-we-do\/\"},{\"@type\":\"ListItem\",\"position\":3,\"name\":\"Production\"}]},{\"@type\":\"WebSite\",\"@id\":\"https:\/\/ceilings-lighting.com\/#website\",\"url\":\"https:\/\/ceilings-lighting.com\/\",\"name\":\"Ceilings & Lighting\",\"description\":\"Above expectations\",\"publisher\":{\"@id\":\"https:\/\/ceilings-lighting.com\/#organization\"},\"potentialAction\":[{\"@type\":\"SearchAction\",\"target\":{\"@type\":\"EntryPoint\",\"urlTemplate\":\"https:\/\/ceilings-lighting.com\/?s={search_term_string}\"},\"query-input\":{\"@type\":\"PropertyValueSpecification\",\"valueRequired\":true,\"valueName\":\"search_term_string\"}}],\"inLanguage\":\"de\"},{\"@type\":\"Organization\",\"@id\":\"https:\/\/ceilings-lighting.com\/#organization\",\"name\":\"Ceilings & Lighting\",\"url\":\"https:\/\/ceilings-lighting.com\/\",\"logo\":{\"@type\":\"ImageObject\",\"inLanguage\":\"de\",\"@id\":\"https:\/\/ceilings-lighting.com\/#\/schema\/logo\/image\/\",\"url\":\"https:\/\/ceilings-lighting.com\/wp-content\/uploads\/2016\/10\/logo-on-blue.png\",\"contentUrl\":\"https:\/\/ceilings-lighting.com\/wp-content\/uploads\/2016\/10\/logo-on-blue.png\",\"width\":155,\"height\":100,\"caption\":\"Ceilings & Lighting\"},\"image\":{\"@id\":\"https:\/\/ceilings-lighting.com\/#\/schema\/logo\/image\/\"}}]}<\/script>\n<!-- \/ Yoast SEO plugin. -->","yoast_head_json":{"title":"Produktion - Ceilings and Lighting","robots":{"index":"index","follow":"follow","max-snippet":"max-snippet:-1","max-image-preview":"max-image-preview:large","max-video-preview":"max-video-preview:-1"},"canonical":"https:\/\/ceilings-lighting.com\/what-we-do\/production\/","og_locale":"de_DE","og_type":"article","og_title":"Produktion - Ceilings and Lighting","og_description":"Produktion Produktionsverfahren Unsere Mitarbeiter von Ceilings and Lighting z\u00e4hlen zu den erfahrensten und engagiertesten in der gesamten Branche. Unsere Mitarbeiter werden auch vor Ort geschult, damit ihr Wissen \u00fcber das Produkt und die Industrie st\u00e4ndig aktuell sind. Bei Ceilings and Lighting haben wir unsere Produktionstechniken und Maschinen im Laufe der Jahre verfeinert, was in einer [&hellip;]","og_url":"https:\/\/ceilings-lighting.com\/what-we-do\/production\/","og_site_name":"Ceilings and Lighting","article_modified_time":"2021-01-22T09:19:02+00:00","twitter_card":"summary_large_image","twitter_misc":{"Gesch\u00e4tzte Lesezeit":"5\u00a0Minuten"},"schema":{"@context":"https:\/\/schema.org","@graph":[{"@type":"WebPage","@id":"https:\/\/ceilings-lighting.com\/what-we-do\/production\/","url":"https:\/\/ceilings-lighting.com\/what-we-do\/production\/","name":"Produktion - Ceilings and Lighting","isPartOf":{"@id":"https:\/\/ceilings-lighting.com\/#website"},"datePublished":"2017-03-27T10:44:41+00:00","dateModified":"2021-01-22T09:19:02+00:00","breadcrumb":{"@id":"https:\/\/ceilings-lighting.com\/what-we-do\/production\/#breadcrumb"},"inLanguage":"de","potentialAction":[{"@type":"ReadAction","target":["https:\/\/ceilings-lighting.com\/what-we-do\/production\/"]}]},{"@type":"BreadcrumbList","@id":"https:\/\/ceilings-lighting.com\/what-we-do\/production\/#breadcrumb","itemListElement":[{"@type":"ListItem","position":1,"name":"Home","item":"https:\/\/ceilings-lighting.com\/"},{"@type":"ListItem","position":2,"name":"What we do","item":"https:\/\/ceilings-lighting.com\/what-we-do\/"},{"@type":"ListItem","position":3,"name":"Production"}]},{"@type":"WebSite","@id":"https:\/\/ceilings-lighting.com\/#website","url":"https:\/\/ceilings-lighting.com\/","name":"Ceilings & Lighting","description":"Above expectations","publisher":{"@id":"https:\/\/ceilings-lighting.com\/#organization"},"potentialAction":[{"@type":"SearchAction","target":{"@type":"EntryPoint","urlTemplate":"https:\/\/ceilings-lighting.com\/?s={search_term_string}"},"query-input":{"@type":"PropertyValueSpecification","valueRequired":true,"valueName":"search_term_string"}}],"inLanguage":"de"},{"@type":"Organization","@id":"https:\/\/ceilings-lighting.com\/#organization","name":"Ceilings & Lighting","url":"https:\/\/ceilings-lighting.com\/","logo":{"@type":"ImageObject","inLanguage":"de","@id":"https:\/\/ceilings-lighting.com\/#\/schema\/logo\/image\/","url":"https:\/\/ceilings-lighting.com\/wp-content\/uploads\/2016\/10\/logo-on-blue.png","contentUrl":"https:\/\/ceilings-lighting.com\/wp-content\/uploads\/2016\/10\/logo-on-blue.png","width":155,"height":100,"caption":"Ceilings & Lighting"},"image":{"@id":"https:\/\/ceilings-lighting.com\/#\/schema\/logo\/image\/"}}]}},"_links":{"self":[{"href":"https:\/\/ceilings-lighting.com\/de\/wp-json\/wp\/v2\/pages\/247","targetHints":{"allow":["GET"]}}],"collection":[{"href":"https:\/\/ceilings-lighting.com\/de\/wp-json\/wp\/v2\/pages"}],"about":[{"href":"https:\/\/ceilings-lighting.com\/de\/wp-json\/wp\/v2\/types\/page"}],"author":[{"embeddable":true,"href":"https:\/\/ceilings-lighting.com\/de\/wp-json\/wp\/v2\/users\/2"}],"replies":[{"embeddable":true,"href":"https:\/\/ceilings-lighting.com\/de\/wp-json\/wp\/v2\/comments?post=247"}],"version-history":[{"count":9,"href":"https:\/\/ceilings-lighting.com\/de\/wp-json\/wp\/v2\/pages\/247\/revisions"}],"predecessor-version":[{"id":831,"href":"https:\/\/ceilings-lighting.com\/de\/wp-json\/wp\/v2\/pages\/247\/revisions\/831"}],"up":[{"embeddable":true,"href":"https:\/\/ceilings-lighting.com\/de\/wp-json\/wp\/v2\/pages\/11"}],"wp:attachment":[{"href":"https:\/\/ceilings-lighting.com\/de\/wp-json\/wp\/v2\/media?parent=247"}],"curies":[{"name":"wp","href":"https:\/\/api.w.org\/{rel}","templated":true}]}}