{"id":577,"date":"2021-01-20T13:40:20","date_gmt":"2021-01-20T13:40:20","guid":{"rendered":"http:\/\/ceilings-lighting.com\/?page_id=577"},"modified":"2025-01-25T11:08:36","modified_gmt":"2025-01-25T10:08:36","slug":"product-sheets","status":"publish","type":"page","link":"https:\/\/ceilings-lighting.com\/de\/product-sheets\/","title":{"rendered":"Produktbl\u00e4tter"},"content":{"rendered":"<div class=\"wp-block-columns is-layout-flex wp-container-core-columns-is-layout-9d6595d7 wp-block-columns-is-layout-flex\">\n<div class=\"wp-block-column is-vertically-aligned-bottom is-layout-flow wp-block-column-is-layout-flow\" style=\"flex-basis:100%\">\n<h2 class=\"has-text-align-left wp-block-heading\">Produktbl\u00e4tter<\/h2>\n\n\n\n<p class=\"has-text-align-left\">Nachfolgend finden Sie die Produktbl\u00e4tter aller unserer Produkte; klicken Sie einfach auf den Produktnamen, um das PDF in einem neuen Tab zu \u00f6ffnen.<\/p>\n\n\n\n<div class=\"wp-block-columns is-layout-flex wp-container-core-columns-is-layout-9d6595d7 wp-block-columns-is-layout-flex\">\n<div class=\"wp-block-column is-layout-flow wp-block-column-is-layout-flow\">\n<div class=\"wp-block-group\"><div class=\"wp-block-group__inner-container is-layout-flow wp-block-group-is-layout-flow\">\n<h3 class=\"has-text-align-left wp-block-heading\">Gitter<\/h3>\n<\/div><\/div>\n\n\n\n<p><a href=\"http:\/\/ceilings-lighting.com\/wp-content\/uploads\/2019\/02\/Eurogrid.pdf\" target=\"_blank\" rel=\"noreferrer noopener\">Eurogrid<\/a><\/p>\n\n\n\n<p><a href=\"http:\/\/ceilings-lighting.com\/wp-content\/uploads\/2019\/02\/Eurogrid-15-24T.pdf\" target=\"_blank\" rel=\"noreferrer noopener\">Eurogrid-15-24T<\/a><\/p>\n\n\n\n<p><a href=\"http:\/\/ceilings-lighting.com\/wp-content\/uploads\/2019\/02\/Deltagrid.pdf\" target=\"_blank\" rel=\"noreferrer noopener\">Deltagrid<\/a><\/p>\n\n\n\n<p><a href=\"http:\/\/ceilings-lighting.com\/wp-content\/uploads\/2019\/02\/Deltagrid_tegular.pdf\" target=\"_blank\" rel=\"noreferrer noopener\">Deltagrid_tegular<\/a><\/p>\n\n\n\n<p><a href=\"http:\/\/ceilings-lighting.com\/wp-content\/uploads\/2019\/02\/Deltagrid-35-mm-high.pdf\">Deltagrid-35 mm-high<\/a><\/p>\n\n\n\n<p><a href=\"http:\/\/ceilings-lighting.com\/wp-content\/uploads\/2019\/02\/Louvre-standard.pdf\" target=\"_blank\" rel=\"noreferrer noopener\">Louvre-standard<\/a><\/p>\n\n\n\n<p><a href=\"http:\/\/ceilings-lighting.com\/wp-content\/uploads\/2019\/02\/Louvre-30x30.pdf\" target=\"_blank\" rel=\"noreferrer noopener\">Louvre-30&#215;30<\/a><\/p>\n<\/div>\n\n\n\n<div class=\"wp-block-column is-layout-flow wp-block-column-is-layout-flow\">\n<div class=\"wp-block-group\"><div class=\"wp-block-group__inner-container is-layout-flow wp-block-group-is-layout-flow\">\n<h3 class=\"has-text-align-left wp-block-heading\">Lineare Systeme<\/h3>\n<\/div><\/div>\n\n\n\n<p><a href=\"http:\/\/ceilings-lighting.com\/wp-content\/uploads\/2019\/02\/Deltaline.pdf\" target=\"_blank\" rel=\"noreferrer noopener\">Deltaline<\/a><\/p>\n\n\n\n<p><a href=\"http:\/\/ceilings-lighting.com\/wp-content\/uploads\/2019\/02\/Deltaline-2.pdf\" target=\"_blank\" rel=\"noreferrer noopener\">Deltaline-2<\/a><\/p>\n\n\n\n<p><a href=\"http:\/\/ceilings-lighting.com\/wp-content\/uploads\/2019\/02\/Euroline.pdf\" target=\"_blank\" rel=\"noreferrer noopener\">Euroline<\/a><\/p>\n\n\n\n<p><a href=\"http:\/\/ceilings-lighting.com\/wp-content\/uploads\/2019\/02\/BaffleWithIntegratedLED-2.pdf\" target=\"_blank\" rel=\"noreferrer noopener\">BaffleWithIntegratedLED-2<\/a><\/p>\n\n\n\n<p><a href=\"http:\/\/ceilings-lighting.com\/wp-content\/uploads\/2019\/02\/Bi-planar9-HR.pdf\" target=\"_blank\" rel=\"noreferrer noopener\">Bi-planar9-HR<\/a><\/p>\n\n\n\n<p><a href=\"http:\/\/ceilings-lighting.com\/wp-content\/uploads\/2019\/02\/Bi-planar30-HR-2.pdf\" target=\"_blank\" rel=\"noreferrer noopener\">Bi-planar30-HR-2<\/a><\/p>\n\n\n\n<p><a href=\"http:\/\/ceilings-lighting.com\/wp-content\/uploads\/2019\/02\/Bi-planar9-MC.pdf\" target=\"_blank\" rel=\"noreferrer noopener\">Bi-planar9-MC<\/a><\/p>\n<\/div>\n<\/div>\n<\/div>\n<\/div>\n\n\n\n<p><\/p>","protected":false},"excerpt":{"rendered":"<p>Produktbl\u00e4tter Nachfolgend finden Sie die Produktbl\u00e4tter aller unserer Produkte; klicken Sie einfach auf den Produktnamen, um das PDF in einem neuen Tab zu \u00f6ffnen. Gitter Eurogrid Eurogrid-15-24T Deltagrid Deltagrid_tegular Deltagrid-35 mm-high Louvre-standard Louvre-30&#215;30 Lineare Systeme Deltaline Deltaline-2 Euroline BaffleWithIntegratedLED-2 Bi-planar9-HR Bi-planar30-HR-2 Bi-planar9-MC<\/p>\n","protected":false},"author":4,"featured_media":0,"parent":0,"menu_order":1,"comment_status":"closed","ping_status":"closed","template":"","meta":{"footnotes":""},"class_list":["post-577","page","type-page","status-publish","hentry"],"yoast_head":"<!-- This site is optimized with the Yoast SEO plugin v24.5 - https:\/\/yoast.com\/wordpress\/plugins\/seo\/ -->\n<title>Produktbl\u00e4tter - Ceilings and Lighting<\/title>\n<meta name=\"robots\" content=\"index, follow, max-snippet:-1, max-image-preview:large, max-video-preview:-1\" \/>\n<link rel=\"canonical\" href=\"https:\/\/ceilings-lighting.com\/product-sheets\/\" \/>\n<meta property=\"og:locale\" content=\"de_DE\" \/>\n<meta property=\"og:type\" content=\"article\" \/>\n<meta property=\"og:title\" content=\"Produktbl\u00e4tter - Ceilings and Lighting\" \/>\n<meta property=\"og:description\" content=\"Produktbl\u00e4tter Nachfolgend finden Sie die Produktbl\u00e4tter aller unserer Produkte; klicken Sie einfach auf den Produktnamen, um das PDF in einem neuen Tab zu \u00f6ffnen. Gitter Eurogrid Eurogrid-15-24T Deltagrid Deltagrid_tegular Deltagrid-35 mm-high Louvre-standard Louvre-30&#215;30 Lineare Systeme Deltaline Deltaline-2 Euroline BaffleWithIntegratedLED-2 Bi-planar9-HR Bi-planar30-HR-2 Bi-planar9-MC\" \/>\n<meta property=\"og:url\" content=\"https:\/\/ceilings-lighting.com\/product-sheets\/\" \/>\n<meta property=\"og:site_name\" content=\"Ceilings and Lighting\" \/>\n<meta property=\"article:modified_time\" content=\"2025-01-25T10:08:36+00:00\" \/>\n<meta name=\"twitter:card\" content=\"summary_large_image\" \/>\n<meta name=\"twitter:label1\" content=\"Gesch\u00e4tzte Lesezeit\" \/>\n\t<meta name=\"twitter:data1\" content=\"1\u00a0Minute\" \/>\n<script type=\"application\/ld+json\" class=\"yoast-schema-graph\">{\"@context\":\"https:\/\/schema.org\",\"@graph\":[{\"@type\":\"WebPage\",\"@id\":\"https:\/\/ceilings-lighting.com\/product-sheets\/\",\"url\":\"https:\/\/ceilings-lighting.com\/product-sheets\/\",\"name\":\"Produktbl\u00e4tter - Ceilings and Lighting\",\"isPartOf\":{\"@id\":\"https:\/\/ceilings-lighting.com\/#website\"},\"datePublished\":\"2021-01-20T13:40:20+00:00\",\"dateModified\":\"2025-01-25T10:08:36+00:00\",\"breadcrumb\":{\"@id\":\"https:\/\/ceilings-lighting.com\/product-sheets\/#breadcrumb\"},\"inLanguage\":\"de\",\"potentialAction\":[{\"@type\":\"ReadAction\",\"target\":[\"https:\/\/ceilings-lighting.com\/product-sheets\/\"]}]},{\"@type\":\"BreadcrumbList\",\"@id\":\"https:\/\/ceilings-lighting.com\/product-sheets\/#breadcrumb\",\"itemListElement\":[{\"@type\":\"ListItem\",\"position\":1,\"name\":\"Home\",\"item\":\"https:\/\/ceilings-lighting.com\/\"},{\"@type\":\"ListItem\",\"position\":2,\"name\":\"Product sheets\"}]},{\"@type\":\"WebSite\",\"@id\":\"https:\/\/ceilings-lighting.com\/#website\",\"url\":\"https:\/\/ceilings-lighting.com\/\",\"name\":\"Ceilings & Lighting\",\"description\":\"Above expectations\",\"publisher\":{\"@id\":\"https:\/\/ceilings-lighting.com\/#organization\"},\"potentialAction\":[{\"@type\":\"SearchAction\",\"target\":{\"@type\":\"EntryPoint\",\"urlTemplate\":\"https:\/\/ceilings-lighting.com\/?s={search_term_string}\"},\"query-input\":{\"@type\":\"PropertyValueSpecification\",\"valueRequired\":true,\"valueName\":\"search_term_string\"}}],\"inLanguage\":\"de\"},{\"@type\":\"Organization\",\"@id\":\"https:\/\/ceilings-lighting.com\/#organization\",\"name\":\"Ceilings & Lighting\",\"url\":\"https:\/\/ceilings-lighting.com\/\",\"logo\":{\"@type\":\"ImageObject\",\"inLanguage\":\"de\",\"@id\":\"https:\/\/ceilings-lighting.com\/#\/schema\/logo\/image\/\",\"url\":\"https:\/\/ceilings-lighting.com\/wp-content\/uploads\/2016\/10\/logo-on-blue.png\",\"contentUrl\":\"https:\/\/ceilings-lighting.com\/wp-content\/uploads\/2016\/10\/logo-on-blue.png\",\"width\":155,\"height\":100,\"caption\":\"Ceilings & Lighting\"},\"image\":{\"@id\":\"https:\/\/ceilings-lighting.com\/#\/schema\/logo\/image\/\"}}]}<\/script>\n<!-- \/ Yoast SEO plugin. -->","yoast_head_json":{"title":"Produktbl\u00e4tter - Ceilings and Lighting","robots":{"index":"index","follow":"follow","max-snippet":"max-snippet:-1","max-image-preview":"max-image-preview:large","max-video-preview":"max-video-preview:-1"},"canonical":"https:\/\/ceilings-lighting.com\/product-sheets\/","og_locale":"de_DE","og_type":"article","og_title":"Produktbl\u00e4tter - Ceilings and Lighting","og_description":"Produktbl\u00e4tter Nachfolgend finden Sie die Produktbl\u00e4tter aller unserer Produkte; klicken Sie einfach auf den Produktnamen, um das PDF in einem neuen Tab zu \u00f6ffnen. Gitter Eurogrid Eurogrid-15-24T Deltagrid Deltagrid_tegular Deltagrid-35 mm-high Louvre-standard Louvre-30&#215;30 Lineare Systeme Deltaline Deltaline-2 Euroline BaffleWithIntegratedLED-2 Bi-planar9-HR Bi-planar30-HR-2 Bi-planar9-MC","og_url":"https:\/\/ceilings-lighting.com\/product-sheets\/","og_site_name":"Ceilings and Lighting","article_modified_time":"2025-01-25T10:08:36+00:00","twitter_card":"summary_large_image","twitter_misc":{"Gesch\u00e4tzte Lesezeit":"1\u00a0Minute"},"schema":{"@context":"https:\/\/schema.org","@graph":[{"@type":"WebPage","@id":"https:\/\/ceilings-lighting.com\/product-sheets\/","url":"https:\/\/ceilings-lighting.com\/product-sheets\/","name":"Produktbl\u00e4tter - Ceilings and Lighting","isPartOf":{"@id":"https:\/\/ceilings-lighting.com\/#website"},"datePublished":"2021-01-20T13:40:20+00:00","dateModified":"2025-01-25T10:08:36+00:00","breadcrumb":{"@id":"https:\/\/ceilings-lighting.com\/product-sheets\/#breadcrumb"},"inLanguage":"de","potentialAction":[{"@type":"ReadAction","target":["https:\/\/ceilings-lighting.com\/product-sheets\/"]}]},{"@type":"BreadcrumbList","@id":"https:\/\/ceilings-lighting.com\/product-sheets\/#breadcrumb","itemListElement":[{"@type":"ListItem","position":1,"name":"Home","item":"https:\/\/ceilings-lighting.com\/"},{"@type":"ListItem","position":2,"name":"Product sheets"}]},{"@type":"WebSite","@id":"https:\/\/ceilings-lighting.com\/#website","url":"https:\/\/ceilings-lighting.com\/","name":"Ceilings & Lighting","description":"Above expectations","publisher":{"@id":"https:\/\/ceilings-lighting.com\/#organization"},"potentialAction":[{"@type":"SearchAction","target":{"@type":"EntryPoint","urlTemplate":"https:\/\/ceilings-lighting.com\/?s={search_term_string}"},"query-input":{"@type":"PropertyValueSpecification","valueRequired":true,"valueName":"search_term_string"}}],"inLanguage":"de"},{"@type":"Organization","@id":"https:\/\/ceilings-lighting.com\/#organization","name":"Ceilings & Lighting","url":"https:\/\/ceilings-lighting.com\/","logo":{"@type":"ImageObject","inLanguage":"de","@id":"https:\/\/ceilings-lighting.com\/#\/schema\/logo\/image\/","url":"https:\/\/ceilings-lighting.com\/wp-content\/uploads\/2016\/10\/logo-on-blue.png","contentUrl":"https:\/\/ceilings-lighting.com\/wp-content\/uploads\/2016\/10\/logo-on-blue.png","width":155,"height":100,"caption":"Ceilings & Lighting"},"image":{"@id":"https:\/\/ceilings-lighting.com\/#\/schema\/logo\/image\/"}}]}},"_links":{"self":[{"href":"https:\/\/ceilings-lighting.com\/de\/wp-json\/wp\/v2\/pages\/577","targetHints":{"allow":["GET"]}}],"collection":[{"href":"https:\/\/ceilings-lighting.com\/de\/wp-json\/wp\/v2\/pages"}],"about":[{"href":"https:\/\/ceilings-lighting.com\/de\/wp-json\/wp\/v2\/types\/page"}],"author":[{"embeddable":true,"href":"https:\/\/ceilings-lighting.com\/de\/wp-json\/wp\/v2\/users\/4"}],"replies":[{"embeddable":true,"href":"https:\/\/ceilings-lighting.com\/de\/wp-json\/wp\/v2\/comments?post=577"}],"version-history":[{"count":132,"href":"https:\/\/ceilings-lighting.com\/de\/wp-json\/wp\/v2\/pages\/577\/revisions"}],"predecessor-version":[{"id":926,"href":"https:\/\/ceilings-lighting.com\/de\/wp-json\/wp\/v2\/pages\/577\/revisions\/926"}],"wp:attachment":[{"href":"https:\/\/ceilings-lighting.com\/de\/wp-json\/wp\/v2\/media?parent=577"}],"curies":[{"name":"wp","href":"https:\/\/api.w.org\/{rel}","templated":true}]}}