{"id":9,"date":"2016-09-23T13:22:52","date_gmt":"2016-09-23T13:22:52","guid":{"rendered":"http:\/\/ceilings-lighting.com\/?page_id=9"},"modified":"2017-06-20T08:32:56","modified_gmt":"2017-06-20T08:32:56","slug":"who-we-are","status":"publish","type":"page","link":"https:\/\/ceilings-lighting.com\/de\/who-we-are\/","title":{"rendered":"Wer wir sind"},"content":{"rendered":"<p><\/p>\n<h2>Wer wir sind<\/h2>\n<h4>Wegbereiter mit Erfahrung<\/h4>\n<p>Ceilings and Lighting wurde 1998 gegr\u00fcndet und kann auf jahrzehntelange Erfahrung als Innovatoren von \u00e4sthetisch anspruchsvollen und pr\u00e4zisen, offenen Deckensystemen zur\u00fcckblicken. Unsere Mitarbeiter z\u00e4hlen zu den besten der Welt. Regelm\u00e4\u00dfige interne und externe Schulungen sichern h\u00f6chste Qualit\u00e4t im Service und gew\u00e4hrleisten professionelle Ergebnisse.<\/p>\n<h4>Solide Verarbeitung, \u00e4sthetisch ansprechend<\/h4>\n<p>Mit der Erhaltung der gr\u00f6\u00dftm\u00f6glichen Funktionalit\u00e4t und k\u00fcnstlerischen Integrit\u00e4t bei unseren offenen Zellerastern, bieten wir wettbewerbsf\u00e4hige Preise und eine weltweite Lieferung an alle unsere gesch\u00e4tzten Kunden. Bei Ceilings and Lighting sind wir immer auf der Suche nach Innovationen und blicken mit einem Auge in die Zukunft. Wir haben unsere moderne Produktionshalle mit professioneller Ausstattung und Technik optimiert, um den st\u00e4ndig wechselnden Anforderungen des Marktes gerecht zu werden.<\/p>\n<p>Unsere gesamte Produktion findet intern statt, wodurch die Mittelsm\u00e4nner \u00fcbergangen und Lieferzeiten verk\u00fcrzt werden. Dar\u00fcber hinaus sind wir CE-gepr\u00fcft und bewahren maximale Transparenz \u00fcber all unsere Vorg\u00e4nge. Wir sind st\u00e4ndig bem\u00fcht, die Auswirkungen der Produktion auf die Umwelt m\u00f6glichst gering zu halten und ergreifen die n\u00f6tigen Ma\u00dfnahmen, um unseren CO\u2082-Fu\u00dfabdruck zu verkleinern.<\/p>\n<h4>Die Erwartungen der Kunden \u00fcbertreffen<\/h4>\n<p>Wir von Ceilings and Lighting glauben an bahnbrechende Entw\u00fcrfe, weshalb wir eine Reihe von prestigetr\u00e4chtigen und herausfordernden Projekten \u00fcbernommen haben, um an der Spitze der Branche zu bleiben. Mit unseren ehrgeizigen Projekten und beeindruckenden Ergebnissen, die die Erwartungen unserer Kunden \u00fcbertreffen, unterscheiden wir uns von anderen Herstellern der Branche.<\/p>\n<p><\/p>","protected":false},"excerpt":{"rendered":"<p>Wer wir sind Wegbereiter mit Erfahrung Ceilings and Lighting wurde 1998 gegr\u00fcndet und kann auf jahrzehntelange Erfahrung als Innovatoren von \u00e4sthetisch anspruchsvollen und pr\u00e4zisen, offenen Deckensystemen zur\u00fcckblicken. Unsere Mitarbeiter z\u00e4hlen zu den besten der Welt. Regelm\u00e4\u00dfige interne und externe Schulungen sichern h\u00f6chste Qualit\u00e4t im Service und gew\u00e4hrleisten professionelle Ergebnisse. Solide Verarbeitung, \u00e4sthetisch ansprechend Mit der [&hellip;]<\/p>\n","protected":false},"author":2,"featured_media":0,"parent":0,"menu_order":2,"comment_status":"closed","ping_status":"closed","template":"","meta":{"footnotes":""},"class_list":["post-9","page","type-page","status-publish","hentry"],"yoast_head":"<!-- This site is optimized with the Yoast SEO plugin v24.5 - https:\/\/yoast.com\/wordpress\/plugins\/seo\/ -->\n<title>Wer wir sind - Ceilings and Lighting<\/title>\n<meta name=\"robots\" content=\"index, follow, max-snippet:-1, max-image-preview:large, max-video-preview:-1\" \/>\n<link rel=\"canonical\" href=\"https:\/\/ceilings-lighting.com\/who-we-are\/\" \/>\n<meta property=\"og:locale\" content=\"de_DE\" \/>\n<meta property=\"og:type\" content=\"article\" \/>\n<meta property=\"og:title\" content=\"Wer wir sind - Ceilings and Lighting\" \/>\n<meta property=\"og:description\" content=\"Wer wir sind Wegbereiter mit Erfahrung Ceilings and Lighting wurde 1998 gegr\u00fcndet und kann auf jahrzehntelange Erfahrung als Innovatoren von \u00e4sthetisch anspruchsvollen und pr\u00e4zisen, offenen Deckensystemen zur\u00fcckblicken. Unsere Mitarbeiter z\u00e4hlen zu den besten der Welt. Regelm\u00e4\u00dfige interne und externe Schulungen sichern h\u00f6chste Qualit\u00e4t im Service und gew\u00e4hrleisten professionelle Ergebnisse. Solide Verarbeitung, \u00e4sthetisch ansprechend Mit der [&hellip;]\" \/>\n<meta property=\"og:url\" content=\"https:\/\/ceilings-lighting.com\/who-we-are\/\" \/>\n<meta property=\"og:site_name\" content=\"Ceilings and Lighting\" \/>\n<meta property=\"article:modified_time\" content=\"2017-06-20T08:32:56+00:00\" \/>\n<meta name=\"twitter:card\" content=\"summary_large_image\" \/>\n<meta name=\"twitter:label1\" content=\"Gesch\u00e4tzte Lesezeit\" \/>\n\t<meta name=\"twitter:data1\" content=\"6\u00a0Minuten\" \/>\n<script type=\"application\/ld+json\" class=\"yoast-schema-graph\">{\"@context\":\"https:\/\/schema.org\",\"@graph\":[{\"@type\":\"WebPage\",\"@id\":\"https:\/\/ceilings-lighting.com\/who-we-are\/\",\"url\":\"https:\/\/ceilings-lighting.com\/who-we-are\/\",\"name\":\"Wer wir sind - Ceilings and Lighting\",\"isPartOf\":{\"@id\":\"https:\/\/ceilings-lighting.com\/#website\"},\"datePublished\":\"2016-09-23T13:22:52+00:00\",\"dateModified\":\"2017-06-20T08:32:56+00:00\",\"breadcrumb\":{\"@id\":\"https:\/\/ceilings-lighting.com\/who-we-are\/#breadcrumb\"},\"inLanguage\":\"de\",\"potentialAction\":[{\"@type\":\"ReadAction\",\"target\":[\"https:\/\/ceilings-lighting.com\/who-we-are\/\"]}]},{\"@type\":\"BreadcrumbList\",\"@id\":\"https:\/\/ceilings-lighting.com\/who-we-are\/#breadcrumb\",\"itemListElement\":[{\"@type\":\"ListItem\",\"position\":1,\"name\":\"Home\",\"item\":\"https:\/\/ceilings-lighting.com\/\"},{\"@type\":\"ListItem\",\"position\":2,\"name\":\"Who we are\"}]},{\"@type\":\"WebSite\",\"@id\":\"https:\/\/ceilings-lighting.com\/#website\",\"url\":\"https:\/\/ceilings-lighting.com\/\",\"name\":\"Ceilings & Lighting\",\"description\":\"Above expectations\",\"publisher\":{\"@id\":\"https:\/\/ceilings-lighting.com\/#organization\"},\"potentialAction\":[{\"@type\":\"SearchAction\",\"target\":{\"@type\":\"EntryPoint\",\"urlTemplate\":\"https:\/\/ceilings-lighting.com\/?s={search_term_string}\"},\"query-input\":{\"@type\":\"PropertyValueSpecification\",\"valueRequired\":true,\"valueName\":\"search_term_string\"}}],\"inLanguage\":\"de\"},{\"@type\":\"Organization\",\"@id\":\"https:\/\/ceilings-lighting.com\/#organization\",\"name\":\"Ceilings & Lighting\",\"url\":\"https:\/\/ceilings-lighting.com\/\",\"logo\":{\"@type\":\"ImageObject\",\"inLanguage\":\"de\",\"@id\":\"https:\/\/ceilings-lighting.com\/#\/schema\/logo\/image\/\",\"url\":\"https:\/\/ceilings-lighting.com\/wp-content\/uploads\/2016\/10\/logo-on-blue.png\",\"contentUrl\":\"https:\/\/ceilings-lighting.com\/wp-content\/uploads\/2016\/10\/logo-on-blue.png\",\"width\":155,\"height\":100,\"caption\":\"Ceilings & Lighting\"},\"image\":{\"@id\":\"https:\/\/ceilings-lighting.com\/#\/schema\/logo\/image\/\"}}]}<\/script>\n<!-- \/ Yoast SEO plugin. -->","yoast_head_json":{"title":"Wer wir sind - Ceilings and Lighting","robots":{"index":"index","follow":"follow","max-snippet":"max-snippet:-1","max-image-preview":"max-image-preview:large","max-video-preview":"max-video-preview:-1"},"canonical":"https:\/\/ceilings-lighting.com\/who-we-are\/","og_locale":"de_DE","og_type":"article","og_title":"Wer wir sind - Ceilings and Lighting","og_description":"Wer wir sind Wegbereiter mit Erfahrung Ceilings and Lighting wurde 1998 gegr\u00fcndet und kann auf jahrzehntelange Erfahrung als Innovatoren von \u00e4sthetisch anspruchsvollen und pr\u00e4zisen, offenen Deckensystemen zur\u00fcckblicken. Unsere Mitarbeiter z\u00e4hlen zu den besten der Welt. Regelm\u00e4\u00dfige interne und externe Schulungen sichern h\u00f6chste Qualit\u00e4t im Service und gew\u00e4hrleisten professionelle Ergebnisse. Solide Verarbeitung, \u00e4sthetisch ansprechend Mit der [&hellip;]","og_url":"https:\/\/ceilings-lighting.com\/who-we-are\/","og_site_name":"Ceilings and Lighting","article_modified_time":"2017-06-20T08:32:56+00:00","twitter_card":"summary_large_image","twitter_misc":{"Gesch\u00e4tzte Lesezeit":"6\u00a0Minuten"},"schema":{"@context":"https:\/\/schema.org","@graph":[{"@type":"WebPage","@id":"https:\/\/ceilings-lighting.com\/who-we-are\/","url":"https:\/\/ceilings-lighting.com\/who-we-are\/","name":"Wer wir sind - Ceilings and Lighting","isPartOf":{"@id":"https:\/\/ceilings-lighting.com\/#website"},"datePublished":"2016-09-23T13:22:52+00:00","dateModified":"2017-06-20T08:32:56+00:00","breadcrumb":{"@id":"https:\/\/ceilings-lighting.com\/who-we-are\/#breadcrumb"},"inLanguage":"de","potentialAction":[{"@type":"ReadAction","target":["https:\/\/ceilings-lighting.com\/who-we-are\/"]}]},{"@type":"BreadcrumbList","@id":"https:\/\/ceilings-lighting.com\/who-we-are\/#breadcrumb","itemListElement":[{"@type":"ListItem","position":1,"name":"Home","item":"https:\/\/ceilings-lighting.com\/"},{"@type":"ListItem","position":2,"name":"Who we are"}]},{"@type":"WebSite","@id":"https:\/\/ceilings-lighting.com\/#website","url":"https:\/\/ceilings-lighting.com\/","name":"Ceilings & Lighting","description":"Above expectations","publisher":{"@id":"https:\/\/ceilings-lighting.com\/#organization"},"potentialAction":[{"@type":"SearchAction","target":{"@type":"EntryPoint","urlTemplate":"https:\/\/ceilings-lighting.com\/?s={search_term_string}"},"query-input":{"@type":"PropertyValueSpecification","valueRequired":true,"valueName":"search_term_string"}}],"inLanguage":"de"},{"@type":"Organization","@id":"https:\/\/ceilings-lighting.com\/#organization","name":"Ceilings & Lighting","url":"https:\/\/ceilings-lighting.com\/","logo":{"@type":"ImageObject","inLanguage":"de","@id":"https:\/\/ceilings-lighting.com\/#\/schema\/logo\/image\/","url":"https:\/\/ceilings-lighting.com\/wp-content\/uploads\/2016\/10\/logo-on-blue.png","contentUrl":"https:\/\/ceilings-lighting.com\/wp-content\/uploads\/2016\/10\/logo-on-blue.png","width":155,"height":100,"caption":"Ceilings & Lighting"},"image":{"@id":"https:\/\/ceilings-lighting.com\/#\/schema\/logo\/image\/"}}]}},"_links":{"self":[{"href":"https:\/\/ceilings-lighting.com\/de\/wp-json\/wp\/v2\/pages\/9","targetHints":{"allow":["GET"]}}],"collection":[{"href":"https:\/\/ceilings-lighting.com\/de\/wp-json\/wp\/v2\/pages"}],"about":[{"href":"https:\/\/ceilings-lighting.com\/de\/wp-json\/wp\/v2\/types\/page"}],"author":[{"embeddable":true,"href":"https:\/\/ceilings-lighting.com\/de\/wp-json\/wp\/v2\/users\/2"}],"replies":[{"embeddable":true,"href":"https:\/\/ceilings-lighting.com\/de\/wp-json\/wp\/v2\/comments?post=9"}],"version-history":[{"count":16,"href":"https:\/\/ceilings-lighting.com\/de\/wp-json\/wp\/v2\/pages\/9\/revisions"}],"predecessor-version":[{"id":516,"href":"https:\/\/ceilings-lighting.com\/de\/wp-json\/wp\/v2\/pages\/9\/revisions\/516"}],"wp:attachment":[{"href":"https:\/\/ceilings-lighting.com\/de\/wp-json\/wp\/v2\/media?parent=9"}],"curies":[{"name":"wp","href":"https:\/\/api.w.org\/{rel}","templated":true}]}}