{"id":11,"date":"2016-09-23T13:23:07","date_gmt":"2016-09-23T13:23:07","guid":{"rendered":"http:\/\/ceilings-lighting.com\/?page_id=11"},"modified":"2021-01-22T09:16:02","modified_gmt":"2021-01-22T09:16:02","slug":"what-we-do","status":"publish","type":"page","link":"https:\/\/ceilings-lighting.com\/es\/what-we-do\/","title":{"rendered":"Qu\u00e9 hacemos"},"content":{"rendered":"<p><\/p>\n<h2>Qu\u00e9 hacemos<\/h2>\n<h4>Falsos techos de rejilla<\/h4>\n<p>Los falsos techos de rejilla est\u00e1n entre los dise\u00f1os m\u00e1s populares y demandados para vivienda residencial y oficinas. Estos sistemas vers\u00e1tiles permiten una gran personalizaci\u00f3n de l\u00edneas, formas, colores y acabados en una variedad de estilos de falsos techos de rejilla.<\/p>\n<p>Ceilings and Lighting ha desarrollado dise\u00f1os vanguardistas que se adaptan a una gran variedad de espacios y cumplen diversas funciones estructurales y est\u00e9ticas. Los falsos techos de rejilla son una forma ideal de a\u00f1adir profundidad y dimensi\u00f3n a una habitaci\u00f3n, dando una sensaci\u00f3n de mayor longitud, ancho o altura.<\/p>\n<p>Los falsos techos de rejilla son una soluci\u00f3n ideal para clientes que quieran experimentar con la arquitectura. La incre\u00edble adaptabilidad que presentan los falsos techos de rejilla permite al cliente instalar sistemas de iluminaci\u00f3n \u00fanicos y formas din\u00e1micas en sus espacios. Las opciones incluyen l\u00edneas y fachadas de diferentes grosores, alturas y profundidades.<\/p>\n<p><\/p>","protected":false},"excerpt":{"rendered":"<p>Qu\u00e9 hacemos Falsos techos de rejilla Los falsos techos de rejilla est\u00e1n entre los dise\u00f1os m\u00e1s populares y demandados para vivienda residencial y oficinas. Estos sistemas vers\u00e1tiles permiten una gran personalizaci\u00f3n de l\u00edneas, formas, colores y acabados en una variedad de estilos de falsos techos de rejilla. Ceilings and Lighting ha desarrollado dise\u00f1os vanguardistas que [&hellip;]<\/p>\n","protected":false},"author":2,"featured_media":0,"parent":0,"menu_order":3,"comment_status":"closed","ping_status":"closed","template":"","meta":{"footnotes":""},"class_list":["post-11","page","type-page","status-publish","hentry"],"yoast_head":"<!-- This site is optimized with the Yoast SEO plugin v24.5 - https:\/\/yoast.com\/wordpress\/plugins\/seo\/ -->\n<title>Qu\u00e9 hacemos - Ceilings and Lighting<\/title>\n<meta name=\"robots\" content=\"index, follow, max-snippet:-1, max-image-preview:large, max-video-preview:-1\" \/>\n<link rel=\"canonical\" href=\"https:\/\/ceilings-lighting.com\/what-we-do\/\" \/>\n<meta property=\"og:locale\" content=\"es_ES\" \/>\n<meta property=\"og:type\" content=\"article\" \/>\n<meta property=\"og:title\" content=\"Qu\u00e9 hacemos - Ceilings and Lighting\" \/>\n<meta property=\"og:description\" content=\"Qu\u00e9 hacemos Falsos techos de rejilla Los falsos techos de rejilla est\u00e1n entre los dise\u00f1os m\u00e1s populares y demandados para vivienda residencial y oficinas. Estos sistemas vers\u00e1tiles permiten una gran personalizaci\u00f3n de l\u00edneas, formas, colores y acabados en una variedad de estilos de falsos techos de rejilla. Ceilings and Lighting ha desarrollado dise\u00f1os vanguardistas que [&hellip;]\" \/>\n<meta property=\"og:url\" content=\"https:\/\/ceilings-lighting.com\/what-we-do\/\" \/>\n<meta property=\"og:site_name\" content=\"Ceilings and Lighting\" \/>\n<meta property=\"article:modified_time\" content=\"2021-01-22T09:16:02+00:00\" \/>\n<meta name=\"twitter:card\" content=\"summary_large_image\" \/>\n<meta name=\"twitter:label1\" content=\"Tiempo de lectura\" \/>\n\t<meta name=\"twitter:data1\" content=\"4 minutos\" \/>\n<script type=\"application\/ld+json\" class=\"yoast-schema-graph\">{\"@context\":\"https:\/\/schema.org\",\"@graph\":[{\"@type\":\"WebPage\",\"@id\":\"https:\/\/ceilings-lighting.com\/what-we-do\/\",\"url\":\"https:\/\/ceilings-lighting.com\/what-we-do\/\",\"name\":\"Qu\u00e9 hacemos - Ceilings and Lighting\",\"isPartOf\":{\"@id\":\"https:\/\/ceilings-lighting.com\/#website\"},\"datePublished\":\"2016-09-23T13:23:07+00:00\",\"dateModified\":\"2021-01-22T09:16:02+00:00\",\"breadcrumb\":{\"@id\":\"https:\/\/ceilings-lighting.com\/what-we-do\/#breadcrumb\"},\"inLanguage\":\"es\",\"potentialAction\":[{\"@type\":\"ReadAction\",\"target\":[\"https:\/\/ceilings-lighting.com\/what-we-do\/\"]}]},{\"@type\":\"BreadcrumbList\",\"@id\":\"https:\/\/ceilings-lighting.com\/what-we-do\/#breadcrumb\",\"itemListElement\":[{\"@type\":\"ListItem\",\"position\":1,\"name\":\"Home\",\"item\":\"https:\/\/ceilings-lighting.com\/\"},{\"@type\":\"ListItem\",\"position\":2,\"name\":\"What we do\"}]},{\"@type\":\"WebSite\",\"@id\":\"https:\/\/ceilings-lighting.com\/#website\",\"url\":\"https:\/\/ceilings-lighting.com\/\",\"name\":\"Ceilings & Lighting\",\"description\":\"Above expectations\",\"publisher\":{\"@id\":\"https:\/\/ceilings-lighting.com\/#organization\"},\"potentialAction\":[{\"@type\":\"SearchAction\",\"target\":{\"@type\":\"EntryPoint\",\"urlTemplate\":\"https:\/\/ceilings-lighting.com\/?s={search_term_string}\"},\"query-input\":{\"@type\":\"PropertyValueSpecification\",\"valueRequired\":true,\"valueName\":\"search_term_string\"}}],\"inLanguage\":\"es\"},{\"@type\":\"Organization\",\"@id\":\"https:\/\/ceilings-lighting.com\/#organization\",\"name\":\"Ceilings & Lighting\",\"url\":\"https:\/\/ceilings-lighting.com\/\",\"logo\":{\"@type\":\"ImageObject\",\"inLanguage\":\"es\",\"@id\":\"https:\/\/ceilings-lighting.com\/#\/schema\/logo\/image\/\",\"url\":\"https:\/\/ceilings-lighting.com\/wp-content\/uploads\/2016\/10\/logo-on-blue.png\",\"contentUrl\":\"https:\/\/ceilings-lighting.com\/wp-content\/uploads\/2016\/10\/logo-on-blue.png\",\"width\":155,\"height\":100,\"caption\":\"Ceilings & Lighting\"},\"image\":{\"@id\":\"https:\/\/ceilings-lighting.com\/#\/schema\/logo\/image\/\"}}]}<\/script>\n<!-- \/ Yoast SEO plugin. -->","yoast_head_json":{"title":"Qu\u00e9 hacemos - Ceilings and Lighting","robots":{"index":"index","follow":"follow","max-snippet":"max-snippet:-1","max-image-preview":"max-image-preview:large","max-video-preview":"max-video-preview:-1"},"canonical":"https:\/\/ceilings-lighting.com\/what-we-do\/","og_locale":"es_ES","og_type":"article","og_title":"Qu\u00e9 hacemos - Ceilings and Lighting","og_description":"Qu\u00e9 hacemos Falsos techos de rejilla Los falsos techos de rejilla est\u00e1n entre los dise\u00f1os m\u00e1s populares y demandados para vivienda residencial y oficinas. Estos sistemas vers\u00e1tiles permiten una gran personalizaci\u00f3n de l\u00edneas, formas, colores y acabados en una variedad de estilos de falsos techos de rejilla. Ceilings and Lighting ha desarrollado dise\u00f1os vanguardistas que [&hellip;]","og_url":"https:\/\/ceilings-lighting.com\/what-we-do\/","og_site_name":"Ceilings and Lighting","article_modified_time":"2021-01-22T09:16:02+00:00","twitter_card":"summary_large_image","twitter_misc":{"Tiempo de lectura":"4 minutos"},"schema":{"@context":"https:\/\/schema.org","@graph":[{"@type":"WebPage","@id":"https:\/\/ceilings-lighting.com\/what-we-do\/","url":"https:\/\/ceilings-lighting.com\/what-we-do\/","name":"Qu\u00e9 hacemos - Ceilings and Lighting","isPartOf":{"@id":"https:\/\/ceilings-lighting.com\/#website"},"datePublished":"2016-09-23T13:23:07+00:00","dateModified":"2021-01-22T09:16:02+00:00","breadcrumb":{"@id":"https:\/\/ceilings-lighting.com\/what-we-do\/#breadcrumb"},"inLanguage":"es","potentialAction":[{"@type":"ReadAction","target":["https:\/\/ceilings-lighting.com\/what-we-do\/"]}]},{"@type":"BreadcrumbList","@id":"https:\/\/ceilings-lighting.com\/what-we-do\/#breadcrumb","itemListElement":[{"@type":"ListItem","position":1,"name":"Home","item":"https:\/\/ceilings-lighting.com\/"},{"@type":"ListItem","position":2,"name":"What we do"}]},{"@type":"WebSite","@id":"https:\/\/ceilings-lighting.com\/#website","url":"https:\/\/ceilings-lighting.com\/","name":"Ceilings & Lighting","description":"Above expectations","publisher":{"@id":"https:\/\/ceilings-lighting.com\/#organization"},"potentialAction":[{"@type":"SearchAction","target":{"@type":"EntryPoint","urlTemplate":"https:\/\/ceilings-lighting.com\/?s={search_term_string}"},"query-input":{"@type":"PropertyValueSpecification","valueRequired":true,"valueName":"search_term_string"}}],"inLanguage":"es"},{"@type":"Organization","@id":"https:\/\/ceilings-lighting.com\/#organization","name":"Ceilings & Lighting","url":"https:\/\/ceilings-lighting.com\/","logo":{"@type":"ImageObject","inLanguage":"es","@id":"https:\/\/ceilings-lighting.com\/#\/schema\/logo\/image\/","url":"https:\/\/ceilings-lighting.com\/wp-content\/uploads\/2016\/10\/logo-on-blue.png","contentUrl":"https:\/\/ceilings-lighting.com\/wp-content\/uploads\/2016\/10\/logo-on-blue.png","width":155,"height":100,"caption":"Ceilings & Lighting"},"image":{"@id":"https:\/\/ceilings-lighting.com\/#\/schema\/logo\/image\/"}}]}},"_links":{"self":[{"href":"https:\/\/ceilings-lighting.com\/es\/wp-json\/wp\/v2\/pages\/11","targetHints":{"allow":["GET"]}}],"collection":[{"href":"https:\/\/ceilings-lighting.com\/es\/wp-json\/wp\/v2\/pages"}],"about":[{"href":"https:\/\/ceilings-lighting.com\/es\/wp-json\/wp\/v2\/types\/page"}],"author":[{"embeddable":true,"href":"https:\/\/ceilings-lighting.com\/es\/wp-json\/wp\/v2\/users\/2"}],"replies":[{"embeddable":true,"href":"https:\/\/ceilings-lighting.com\/es\/wp-json\/wp\/v2\/comments?post=11"}],"version-history":[{"count":14,"href":"https:\/\/ceilings-lighting.com\/es\/wp-json\/wp\/v2\/pages\/11\/revisions"}],"predecessor-version":[{"id":827,"href":"https:\/\/ceilings-lighting.com\/es\/wp-json\/wp\/v2\/pages\/11\/revisions\/827"}],"wp:attachment":[{"href":"https:\/\/ceilings-lighting.com\/es\/wp-json\/wp\/v2\/media?parent=11"}],"curies":[{"name":"wp","href":"https:\/\/api.w.org\/{rel}","templated":true}]}}