{"id":114,"date":"2017-03-07T09:21:39","date_gmt":"2017-03-07T09:21:39","guid":{"rendered":"http:\/\/ceilings-lighting.com\/?page_id=114"},"modified":"2017-06-20T08:46:02","modified_gmt":"2017-06-20T08:46:02","slug":"eurogrid","status":"publish","type":"page","link":"https:\/\/ceilings-lighting.com\/es\/systems\/eurogrid\/","title":{"rendered":"Eurogrid"},"content":{"rendered":"<p><\/p>\n<h1>Eurogrid<\/h1>\n<p>Los sistemas Eurogrid 5, 9 y 12 est\u00e1n fabricados con planchas de aluminio en forma de U. Su construcci\u00f3n integral est\u00e1 dise\u00f1ada para facilitar el ensamblaje y la instalaci\u00f3n. Los colores est\u00e1ndar son blanco, aluminio RAL-9006 y negro, pero est\u00e1 disponible en cualquier color RAL bajo solicitud, para poder adaptarse al dise\u00f1o de su entorno. Eurogrid ha demostrado ser una soluci\u00f3n ideal para interior, tanto en oficinas como en locales comerciales y otros espacios p\u00fablicos.<\/p>\n<hr>\n<p>\n<div class=\"uk-scope\">\n\n    <div id=\"wk-grid774\" class=\"uk-child-width-1-1 uk-child-width-1-2@l uk-child-width-1-2@xl uk-grid-medium \"  uk-grid=\"masonry: next\"  uk-lightbox=\"container: .uk-gallery-container; toggle: a[data-js-lightbox]\">\n\n            \n        <div>\n        \n<div class=\"uk-panel\">\n\n    \n        <div class=\"uk-inline-clip uk-transition-toggle \">\n\n            <img loading=\"lazy\" decoding=\"async\" src=\"\/wp-content\/uploads\/2017\/03\/CityPool_1024x683-6.jpg\" class=\"uk-transition-scale-up uk-transition-opaque\" alt=\"DeltaLine 683x1024 3\" width=\"1024\" height=\"683\">\n            \n            \n            \n            \n        <\/div>\n\n    \n    \n        \n        \n    \n    \n<\/div>\n        <\/div>\n\n                    \n        <div>\n        \n<div class=\"uk-panel\">\n\n    \n        <div class=\"uk-inline-clip uk-transition-toggle \">\n\n            <img loading=\"lazy\" decoding=\"async\" src=\"\/wp-content\/uploads\/2017\/03\/CityPool_1024x683-5.jpg\" class=\"uk-transition-scale-up uk-transition-opaque\" alt=\"DeltaLine 683x1024 2\" width=\"1024\" height=\"683\">\n            \n            \n            \n            \n        <\/div>\n\n    \n    \n        \n        \n    \n    \n<\/div>\n        <\/div>\n\n                    \n        <div>\n        \n<div class=\"uk-panel\">\n\n    \n        <div class=\"uk-inline-clip uk-transition-toggle \">\n\n            <img loading=\"lazy\" decoding=\"async\" src=\"\/wp-content\/uploads\/2017\/03\/CityPool_1024x683-4.jpg\" class=\"uk-transition-scale-up uk-transition-opaque\" alt=\"DeltaLine 683x1024 \" width=\"1024\" height=\"683\">\n            \n            \n            \n            \n        <\/div>\n\n    \n    \n        \n        \n    \n    \n<\/div>\n        <\/div>\n\n                    \n        <div>\n        \n<div class=\"uk-panel\">\n\n    \n        <div class=\"uk-inline-clip uk-transition-toggle \">\n\n            <img loading=\"lazy\" decoding=\"async\" src=\"\/wp-content\/uploads\/2017\/03\/CityPool_683x1024-3.jpg\" class=\"uk-transition-scale-up uk-transition-opaque\" alt=\"DeltaLine 1024x683 \" width=\"683\" height=\"1024\">\n            \n            \n            \n            \n        <\/div>\n\n    \n    \n        \n        \n    \n    \n<\/div>\n        <\/div>\n\n                    \n        <div>\n        \n<div class=\"uk-panel\">\n\n    \n        <div class=\"uk-inline-clip uk-transition-toggle \">\n\n            <img loading=\"lazy\" decoding=\"async\" src=\"\/wp-content\/uploads\/2017\/03\/CityPool_683x1024-2.jpg\" class=\"uk-transition-scale-up uk-transition-opaque\" alt=\"DeltaLine 1024x683 2\" width=\"683\" height=\"1024\">\n            \n            \n            \n            \n        <\/div>\n\n    \n    \n        \n        \n    \n    \n<\/div>\n        <\/div>\n\n                    \n        <div>\n        \n<div class=\"uk-panel\">\n\n    \n        <div class=\"uk-inline-clip uk-transition-toggle \">\n\n            <img loading=\"lazy\" decoding=\"async\" src=\"\/wp-content\/uploads\/2017\/03\/CityPool_683x1024-.jpg\" class=\"uk-transition-scale-up uk-transition-opaque\" alt=\"DeltaLine 1024x683 3\" width=\"683\" height=\"1024\">\n            \n            \n            \n            \n        <\/div>\n\n    \n    \n        \n        \n    \n    \n<\/div>\n        <\/div>\n\n                    \n        <div>\n        \n<div class=\"uk-panel\">\n\n    \n        <div class=\"uk-inline-clip uk-transition-toggle \">\n\n            <img loading=\"lazy\" decoding=\"async\" src=\"\/wp-content\/uploads\/2017\/03\/CityPool_1024x683-3.jpg\" class=\"uk-transition-scale-up uk-transition-opaque\" alt=\"CityPool 1024x683 3\" width=\"1024\" height=\"683\">\n            \n            \n            \n            \n        <\/div>\n\n    \n    \n        \n        \n    \n    \n<\/div>\n        <\/div>\n\n                    \n        <div>\n        \n<div class=\"uk-panel\">\n\n    \n        <div class=\"uk-inline-clip uk-transition-toggle \">\n\n            <img loading=\"lazy\" decoding=\"async\" src=\"\/wp-content\/uploads\/2017\/03\/CityPool_1024x683-.jpg\" class=\"uk-transition-scale-up uk-transition-opaque\" alt=\"CityPool 1024x683 \" width=\"1024\" height=\"683\">\n            \n            \n            \n            \n        <\/div>\n\n    \n    \n        \n        \n    \n    \n<\/div>\n        <\/div>\n\n                    \n        <div>\n        \n<div class=\"uk-panel\">\n\n    \n        <div class=\"uk-inline-clip uk-transition-toggle \">\n\n            <img loading=\"lazy\" decoding=\"async\" src=\"\/wp-content\/uploads\/2017\/03\/CityPool_1024x683-.jpg\" class=\"uk-transition-scale-up uk-transition-opaque\" alt=\"CityPool 1024x683 \" width=\"1024\" height=\"683\">\n            \n            \n            \n            \n        <\/div>\n\n    \n    \n        \n        \n    \n    \n<\/div>\n        <\/div>\n\n            \n    <\/div>\n\n\n\n<script>\n\n    (function(UIkit){\n\n        var $ = UIkit.util;\n\n        $.ready(function () {\n            if (!$.$('.uk-gallery-container')) {\n                $.append(document.body, '<div class=\"uk-scope uk-gallery-container\">');\n            }\n        });\n\n    })(window.UIkitwk || window.UIkit);\n\n<\/script>\n<\/div><\/p>","protected":false},"excerpt":{"rendered":"<p>Eurogrid Los sistemas Eurogrid 5, 9 y 12 est\u00e1n fabricados con planchas de aluminio en forma de U. Su construcci\u00f3n integral est\u00e1 dise\u00f1ada para facilitar el ensamblaje y la instalaci\u00f3n. Los colores est\u00e1ndar son blanco, aluminio RAL-9006 y negro, pero est\u00e1 disponible en cualquier color RAL bajo solicitud, para poder adaptarse al dise\u00f1o de su [&hellip;]<\/p>\n","protected":false},"author":2,"featured_media":0,"parent":15,"menu_order":1,"comment_status":"closed","ping_status":"closed","template":"","meta":{"footnotes":""},"class_list":["post-114","page","type-page","status-publish","hentry"],"yoast_head":"<!-- This site is optimized with the Yoast SEO plugin v24.5 - https:\/\/yoast.com\/wordpress\/plugins\/seo\/ -->\n<title>Eurogrid - Ceilings and Lighting<\/title>\n<meta name=\"robots\" content=\"index, follow, max-snippet:-1, max-image-preview:large, max-video-preview:-1\" \/>\n<link rel=\"canonical\" href=\"https:\/\/ceilings-lighting.com\/systems\/eurogrid\/\" \/>\n<meta property=\"og:locale\" content=\"es_ES\" \/>\n<meta property=\"og:type\" content=\"article\" \/>\n<meta property=\"og:title\" content=\"Eurogrid - Ceilings and Lighting\" \/>\n<meta property=\"og:description\" content=\"Eurogrid Los sistemas Eurogrid 5, 9 y 12 est\u00e1n fabricados con planchas de aluminio en forma de U. Su construcci\u00f3n integral est\u00e1 dise\u00f1ada para facilitar el ensamblaje y la instalaci\u00f3n. Los colores est\u00e1ndar son blanco, aluminio RAL-9006 y negro, pero est\u00e1 disponible en cualquier color RAL bajo solicitud, para poder adaptarse al dise\u00f1o de su [&hellip;]\" \/>\n<meta property=\"og:url\" content=\"https:\/\/ceilings-lighting.com\/systems\/eurogrid\/\" \/>\n<meta property=\"og:site_name\" content=\"Ceilings and Lighting\" \/>\n<meta property=\"article:modified_time\" content=\"2017-06-20T08:46:02+00:00\" \/>\n<meta name=\"twitter:card\" content=\"summary_large_image\" \/>\n<meta name=\"twitter:label1\" content=\"Tiempo de lectura\" \/>\n\t<meta name=\"twitter:data1\" content=\"2 minutos\" \/>\n<script type=\"application\/ld+json\" class=\"yoast-schema-graph\">{\"@context\":\"https:\/\/schema.org\",\"@graph\":[{\"@type\":\"WebPage\",\"@id\":\"https:\/\/ceilings-lighting.com\/systems\/eurogrid\/\",\"url\":\"https:\/\/ceilings-lighting.com\/systems\/eurogrid\/\",\"name\":\"Eurogrid - Ceilings and Lighting\",\"isPartOf\":{\"@id\":\"https:\/\/ceilings-lighting.com\/#website\"},\"datePublished\":\"2017-03-07T09:21:39+00:00\",\"dateModified\":\"2017-06-20T08:46:02+00:00\",\"breadcrumb\":{\"@id\":\"https:\/\/ceilings-lighting.com\/systems\/eurogrid\/#breadcrumb\"},\"inLanguage\":\"es\",\"potentialAction\":[{\"@type\":\"ReadAction\",\"target\":[\"https:\/\/ceilings-lighting.com\/systems\/eurogrid\/\"]}]},{\"@type\":\"BreadcrumbList\",\"@id\":\"https:\/\/ceilings-lighting.com\/systems\/eurogrid\/#breadcrumb\",\"itemListElement\":[{\"@type\":\"ListItem\",\"position\":1,\"name\":\"Home\",\"item\":\"https:\/\/ceilings-lighting.com\/\"},{\"@type\":\"ListItem\",\"position\":2,\"name\":\"Open cell ceiling systems\",\"item\":\"https:\/\/ceilings-lighting.com\/systems\/\"},{\"@type\":\"ListItem\",\"position\":3,\"name\":\"Eurogrid\"}]},{\"@type\":\"WebSite\",\"@id\":\"https:\/\/ceilings-lighting.com\/#website\",\"url\":\"https:\/\/ceilings-lighting.com\/\",\"name\":\"Ceilings & Lighting\",\"description\":\"Above expectations\",\"publisher\":{\"@id\":\"https:\/\/ceilings-lighting.com\/#organization\"},\"potentialAction\":[{\"@type\":\"SearchAction\",\"target\":{\"@type\":\"EntryPoint\",\"urlTemplate\":\"https:\/\/ceilings-lighting.com\/?s={search_term_string}\"},\"query-input\":{\"@type\":\"PropertyValueSpecification\",\"valueRequired\":true,\"valueName\":\"search_term_string\"}}],\"inLanguage\":\"es\"},{\"@type\":\"Organization\",\"@id\":\"https:\/\/ceilings-lighting.com\/#organization\",\"name\":\"Ceilings & Lighting\",\"url\":\"https:\/\/ceilings-lighting.com\/\",\"logo\":{\"@type\":\"ImageObject\",\"inLanguage\":\"es\",\"@id\":\"https:\/\/ceilings-lighting.com\/#\/schema\/logo\/image\/\",\"url\":\"https:\/\/ceilings-lighting.com\/wp-content\/uploads\/2016\/10\/logo-on-blue.png\",\"contentUrl\":\"https:\/\/ceilings-lighting.com\/wp-content\/uploads\/2016\/10\/logo-on-blue.png\",\"width\":155,\"height\":100,\"caption\":\"Ceilings & Lighting\"},\"image\":{\"@id\":\"https:\/\/ceilings-lighting.com\/#\/schema\/logo\/image\/\"}}]}<\/script>\n<!-- \/ Yoast SEO plugin. -->","yoast_head_json":{"title":"Eurogrid - Ceilings and Lighting","robots":{"index":"index","follow":"follow","max-snippet":"max-snippet:-1","max-image-preview":"max-image-preview:large","max-video-preview":"max-video-preview:-1"},"canonical":"https:\/\/ceilings-lighting.com\/systems\/eurogrid\/","og_locale":"es_ES","og_type":"article","og_title":"Eurogrid - Ceilings and Lighting","og_description":"Eurogrid Los sistemas Eurogrid 5, 9 y 12 est\u00e1n fabricados con planchas de aluminio en forma de U. Su construcci\u00f3n integral est\u00e1 dise\u00f1ada para facilitar el ensamblaje y la instalaci\u00f3n. Los colores est\u00e1ndar son blanco, aluminio RAL-9006 y negro, pero est\u00e1 disponible en cualquier color RAL bajo solicitud, para poder adaptarse al dise\u00f1o de su [&hellip;]","og_url":"https:\/\/ceilings-lighting.com\/systems\/eurogrid\/","og_site_name":"Ceilings and Lighting","article_modified_time":"2017-06-20T08:46:02+00:00","twitter_card":"summary_large_image","twitter_misc":{"Tiempo de lectura":"2 minutos"},"schema":{"@context":"https:\/\/schema.org","@graph":[{"@type":"WebPage","@id":"https:\/\/ceilings-lighting.com\/systems\/eurogrid\/","url":"https:\/\/ceilings-lighting.com\/systems\/eurogrid\/","name":"Eurogrid - Ceilings and Lighting","isPartOf":{"@id":"https:\/\/ceilings-lighting.com\/#website"},"datePublished":"2017-03-07T09:21:39+00:00","dateModified":"2017-06-20T08:46:02+00:00","breadcrumb":{"@id":"https:\/\/ceilings-lighting.com\/systems\/eurogrid\/#breadcrumb"},"inLanguage":"es","potentialAction":[{"@type":"ReadAction","target":["https:\/\/ceilings-lighting.com\/systems\/eurogrid\/"]}]},{"@type":"BreadcrumbList","@id":"https:\/\/ceilings-lighting.com\/systems\/eurogrid\/#breadcrumb","itemListElement":[{"@type":"ListItem","position":1,"name":"Home","item":"https:\/\/ceilings-lighting.com\/"},{"@type":"ListItem","position":2,"name":"Open cell ceiling systems","item":"https:\/\/ceilings-lighting.com\/systems\/"},{"@type":"ListItem","position":3,"name":"Eurogrid"}]},{"@type":"WebSite","@id":"https:\/\/ceilings-lighting.com\/#website","url":"https:\/\/ceilings-lighting.com\/","name":"Ceilings & Lighting","description":"Above expectations","publisher":{"@id":"https:\/\/ceilings-lighting.com\/#organization"},"potentialAction":[{"@type":"SearchAction","target":{"@type":"EntryPoint","urlTemplate":"https:\/\/ceilings-lighting.com\/?s={search_term_string}"},"query-input":{"@type":"PropertyValueSpecification","valueRequired":true,"valueName":"search_term_string"}}],"inLanguage":"es"},{"@type":"Organization","@id":"https:\/\/ceilings-lighting.com\/#organization","name":"Ceilings & Lighting","url":"https:\/\/ceilings-lighting.com\/","logo":{"@type":"ImageObject","inLanguage":"es","@id":"https:\/\/ceilings-lighting.com\/#\/schema\/logo\/image\/","url":"https:\/\/ceilings-lighting.com\/wp-content\/uploads\/2016\/10\/logo-on-blue.png","contentUrl":"https:\/\/ceilings-lighting.com\/wp-content\/uploads\/2016\/10\/logo-on-blue.png","width":155,"height":100,"caption":"Ceilings & Lighting"},"image":{"@id":"https:\/\/ceilings-lighting.com\/#\/schema\/logo\/image\/"}}]}},"_links":{"self":[{"href":"https:\/\/ceilings-lighting.com\/es\/wp-json\/wp\/v2\/pages\/114","targetHints":{"allow":["GET"]}}],"collection":[{"href":"https:\/\/ceilings-lighting.com\/es\/wp-json\/wp\/v2\/pages"}],"about":[{"href":"https:\/\/ceilings-lighting.com\/es\/wp-json\/wp\/v2\/types\/page"}],"author":[{"embeddable":true,"href":"https:\/\/ceilings-lighting.com\/es\/wp-json\/wp\/v2\/users\/2"}],"replies":[{"embeddable":true,"href":"https:\/\/ceilings-lighting.com\/es\/wp-json\/wp\/v2\/comments?post=114"}],"version-history":[{"count":11,"href":"https:\/\/ceilings-lighting.com\/es\/wp-json\/wp\/v2\/pages\/114\/revisions"}],"predecessor-version":[{"id":523,"href":"https:\/\/ceilings-lighting.com\/es\/wp-json\/wp\/v2\/pages\/114\/revisions\/523"}],"up":[{"embeddable":true,"href":"https:\/\/ceilings-lighting.com\/es\/wp-json\/wp\/v2\/pages\/15"}],"wp:attachment":[{"href":"https:\/\/ceilings-lighting.com\/es\/wp-json\/wp\/v2\/media?parent=114"}],"curies":[{"name":"wp","href":"https:\/\/api.w.org\/{rel}","templated":true}]}}