{"id":122,"date":"2017-03-07T09:27:46","date_gmt":"2017-03-07T09:27:46","guid":{"rendered":"http:\/\/ceilings-lighting.com\/?page_id=122"},"modified":"2017-06-20T08:48:16","modified_gmt":"2017-06-20T08:48:16","slug":"deltaline","status":"publish","type":"page","link":"https:\/\/ceilings-lighting.com\/es\/systems\/deltaline\/","title":{"rendered":"Deltaline"},"content":{"rendered":"<p><\/p>\n<h1>Deltaline<\/h1>\n<p>Deltaline es un techo lineal con l\u00e1minas en forma de tri\u00e1ngulo, un espesor de 4mm y una altura de 18, 30, 40 o 50mm. Los paneles est\u00e1ndar miden 1200\u00d7600mm y se montan con una separaci\u00f3n de 600mm mediante una estructura de soporte, muelles y remates. Esto permite retirar cada panel por separado.<\/p>\n<hr>\n<p>\n<div class=\"uk-scope\">\n\n    <div id=\"wk-gridd61\" class=\"uk-child-width-1-2 uk-child-width-1-2@m uk-child-width-1-2@l uk-child-width-1-2@xl uk-grid-medium \"  uk-grid=\"masonry: next\"  uk-lightbox=\"container: .uk-gallery-container; toggle: a[data-js-lightbox]\">\n\n            \n        <div>\n        \n<div class=\"uk-panel\">\n\n    \n        <div class=\"uk-inline-clip uk-transition-toggle \">\n\n            <img loading=\"lazy\" decoding=\"async\" src=\"\/wp-content\/uploads\/2017\/03\/DeltaLine_1024x683-.jpg\" class=\"uk-transition-scale-up uk-transition-opaque\" alt=\"DeltaLine 1024x683 \" width=\"1024\" height=\"683\">\n            \n                        <div class=\"uk-overlay uk-overlay-primary uk-position-cover uk-transition-fade\"><\/div>\n            \n                            <div class=\"uk-position-center uk-light\">\n                    <span class=\"uk-transition-fade\" uk-overlay-icon><\/span>\n                <\/div>\n            \n                                                                        <a class=\"uk-position-cover\" data-js-lightbox href=\"\/wp-content\/uploads\/2017\/03\/DeltaLine_1024x683-.jpg\" data-type=\"image\" data-caption=\"DeltaLine 1024x683 \"><\/a>\n                                                \n        <\/div>\n\n    \n    \n        \n        \n    \n    \n<\/div>\n        <\/div>\n\n                    \n        <div>\n        \n<div class=\"uk-panel\">\n\n    \n        <div class=\"uk-inline-clip uk-transition-toggle \">\n\n            <img loading=\"lazy\" decoding=\"async\" src=\"\/wp-content\/uploads\/2017\/03\/DeltaLine_1024x683-2.jpg\" class=\"uk-transition-scale-up uk-transition-opaque\" alt=\"DeltaLine 1024x683 2\" width=\"1024\" height=\"683\">\n            \n                        <div class=\"uk-overlay uk-overlay-primary uk-position-cover uk-transition-fade\"><\/div>\n            \n                            <div class=\"uk-position-center uk-light\">\n                    <span class=\"uk-transition-fade\" uk-overlay-icon><\/span>\n                <\/div>\n            \n                                                                        <a class=\"uk-position-cover\" data-js-lightbox href=\"\/wp-content\/uploads\/2017\/03\/DeltaLine_1024x683-2.jpg\" data-type=\"image\" data-caption=\"DeltaLine 1024x683 2\"><\/a>\n                                                \n        <\/div>\n\n    \n    \n        \n        \n    \n    \n<\/div>\n        <\/div>\n\n                    \n        <div>\n        \n<div class=\"uk-panel\">\n\n    \n        <div class=\"uk-inline-clip uk-transition-toggle \">\n\n            <img loading=\"lazy\" decoding=\"async\" src=\"\/wp-content\/uploads\/2017\/03\/DeltaLine_1024x683-3.jpg\" class=\"uk-transition-scale-up uk-transition-opaque\" alt=\"DeltaLine 1024x683 3\" width=\"1024\" height=\"683\">\n            \n                        <div class=\"uk-overlay uk-overlay-primary uk-position-cover uk-transition-fade\"><\/div>\n            \n                            <div class=\"uk-position-center uk-light\">\n                    <span class=\"uk-transition-fade\" uk-overlay-icon><\/span>\n                <\/div>\n            \n                                                                        <a class=\"uk-position-cover\" data-js-lightbox href=\"\/wp-content\/uploads\/2017\/03\/DeltaLine_1024x683-3.jpg\" data-type=\"image\" data-caption=\"DeltaLine 1024x683 3\"><\/a>\n                                                \n        <\/div>\n\n    \n    \n        \n        \n    \n    \n<\/div>\n        <\/div>\n\n                    \n        <div>\n        \n<div class=\"uk-panel\">\n\n    \n        <div class=\"uk-inline-clip uk-transition-toggle \">\n\n            <img loading=\"lazy\" decoding=\"async\" src=\"\/wp-content\/uploads\/2017\/03\/DeltaLine_683x1024-3.jpg\" class=\"uk-transition-scale-up uk-transition-opaque\" alt=\"DeltaLine 683x1024 3\" width=\"683\" height=\"1024\">\n            \n                        <div class=\"uk-overlay uk-overlay-primary uk-position-cover uk-transition-fade\"><\/div>\n            \n                            <div class=\"uk-position-center uk-light\">\n                    <span class=\"uk-transition-fade\" uk-overlay-icon><\/span>\n                <\/div>\n            \n                                                                        <a class=\"uk-position-cover\" data-js-lightbox href=\"\/wp-content\/uploads\/2017\/03\/DeltaLine_683x1024-3.jpg\" data-type=\"image\" data-caption=\"DeltaLine 683x1024 3\"><\/a>\n                                                \n        <\/div>\n\n    \n    \n        \n        \n    \n    \n<\/div>\n        <\/div>\n\n                    \n        <div>\n        \n<div class=\"uk-panel\">\n\n    \n        <div class=\"uk-inline-clip uk-transition-toggle \">\n\n            <img loading=\"lazy\" decoding=\"async\" src=\"\/wp-content\/uploads\/2017\/03\/DeltaLine_683x1024-2.jpg\" class=\"uk-transition-scale-up uk-transition-opaque\" alt=\"DeltaLine 683x1024 2\" width=\"683\" height=\"1024\">\n            \n                        <div class=\"uk-overlay uk-overlay-primary uk-position-cover uk-transition-fade\"><\/div>\n            \n                            <div class=\"uk-position-center uk-light\">\n                    <span class=\"uk-transition-fade\" uk-overlay-icon><\/span>\n                <\/div>\n            \n                                                                        <a class=\"uk-position-cover\" data-js-lightbox href=\"\/wp-content\/uploads\/2017\/03\/DeltaLine_683x1024-2.jpg\" data-type=\"image\" data-caption=\"DeltaLine 683x1024 2\"><\/a>\n                                                \n        <\/div>\n\n    \n    \n        \n        \n    \n    \n<\/div>\n        <\/div>\n\n                    \n        <div>\n        \n<div class=\"uk-panel\">\n\n    \n        <div class=\"uk-inline-clip uk-transition-toggle \">\n\n            <img loading=\"lazy\" decoding=\"async\" src=\"\/wp-content\/uploads\/2017\/03\/DeltaLine_683x1024-.jpg\" class=\"uk-transition-scale-up uk-transition-opaque\" alt=\"DeltaLine 683x1024 \" width=\"683\" height=\"1024\">\n            \n                        <div class=\"uk-overlay uk-overlay-primary uk-position-cover uk-transition-fade\"><\/div>\n            \n                            <div class=\"uk-position-center uk-light\">\n                    <span class=\"uk-transition-fade\" uk-overlay-icon><\/span>\n                <\/div>\n            \n                                                                        <a class=\"uk-position-cover\" data-js-lightbox href=\"\/wp-content\/uploads\/2017\/03\/DeltaLine_683x1024-.jpg\" data-type=\"image\" data-caption=\"DeltaLine 683x1024 \"><\/a>\n                                                \n        <\/div>\n\n    \n    \n        \n        \n    \n    \n<\/div>\n        <\/div>\n\n            \n    <\/div>\n\n\n\n<script>\n\n    (function(UIkit){\n\n        var $ = UIkit.util;\n\n        $.ready(function () {\n            if (!$.$('.uk-gallery-container')) {\n                $.append(document.body, '<div class=\"uk-scope uk-gallery-container\">');\n            }\n        });\n\n    })(window.UIkitwk || window.UIkit);\n\n<\/script>\n<\/div><\/p>","protected":false},"excerpt":{"rendered":"<p>Deltaline Deltaline es un techo lineal con l\u00e1minas en forma de tri\u00e1ngulo, un espesor de 4mm y una altura de 18, 30, 40 o 50mm. Los paneles est\u00e1ndar miden 1200\u00d7600mm y se montan con una separaci\u00f3n de 600mm mediante una estructura de soporte, muelles y remates. Esto permite retirar cada panel por separado.<\/p>\n","protected":false},"author":2,"featured_media":0,"parent":15,"menu_order":4,"comment_status":"closed","ping_status":"closed","template":"","meta":{"footnotes":""},"class_list":["post-122","page","type-page","status-publish","hentry"],"yoast_head":"<!-- This site is optimized with the Yoast SEO plugin v24.5 - https:\/\/yoast.com\/wordpress\/plugins\/seo\/ -->\n<title>Deltaline - Ceilings and Lighting<\/title>\n<meta name=\"robots\" content=\"index, follow, max-snippet:-1, max-image-preview:large, max-video-preview:-1\" \/>\n<link rel=\"canonical\" href=\"https:\/\/ceilings-lighting.com\/systems\/deltaline\/\" \/>\n<meta property=\"og:locale\" content=\"es_ES\" \/>\n<meta property=\"og:type\" content=\"article\" \/>\n<meta property=\"og:title\" content=\"Deltaline - Ceilings and Lighting\" \/>\n<meta property=\"og:description\" content=\"Deltaline Deltaline es un techo lineal con l\u00e1minas en forma de tri\u00e1ngulo, un espesor de 4mm y una altura de 18, 30, 40 o 50mm. Los paneles est\u00e1ndar miden 1200\u00d7600mm y se montan con una separaci\u00f3n de 600mm mediante una estructura de soporte, muelles y remates. Esto permite retirar cada panel por separado.\" \/>\n<meta property=\"og:url\" content=\"https:\/\/ceilings-lighting.com\/systems\/deltaline\/\" \/>\n<meta property=\"og:site_name\" content=\"Ceilings and Lighting\" \/>\n<meta property=\"article:modified_time\" content=\"2017-06-20T08:48:16+00:00\" \/>\n<meta name=\"twitter:card\" content=\"summary_large_image\" \/>\n<meta name=\"twitter:label1\" content=\"Tiempo de lectura\" \/>\n\t<meta name=\"twitter:data1\" content=\"1 minuto\" \/>\n<script type=\"application\/ld+json\" class=\"yoast-schema-graph\">{\"@context\":\"https:\/\/schema.org\",\"@graph\":[{\"@type\":\"WebPage\",\"@id\":\"https:\/\/ceilings-lighting.com\/systems\/deltaline\/\",\"url\":\"https:\/\/ceilings-lighting.com\/systems\/deltaline\/\",\"name\":\"Deltaline - Ceilings and Lighting\",\"isPartOf\":{\"@id\":\"https:\/\/ceilings-lighting.com\/#website\"},\"datePublished\":\"2017-03-07T09:27:46+00:00\",\"dateModified\":\"2017-06-20T08:48:16+00:00\",\"breadcrumb\":{\"@id\":\"https:\/\/ceilings-lighting.com\/systems\/deltaline\/#breadcrumb\"},\"inLanguage\":\"es\",\"potentialAction\":[{\"@type\":\"ReadAction\",\"target\":[\"https:\/\/ceilings-lighting.com\/systems\/deltaline\/\"]}]},{\"@type\":\"BreadcrumbList\",\"@id\":\"https:\/\/ceilings-lighting.com\/systems\/deltaline\/#breadcrumb\",\"itemListElement\":[{\"@type\":\"ListItem\",\"position\":1,\"name\":\"Home\",\"item\":\"https:\/\/ceilings-lighting.com\/\"},{\"@type\":\"ListItem\",\"position\":2,\"name\":\"Open cell ceiling systems\",\"item\":\"https:\/\/ceilings-lighting.com\/systems\/\"},{\"@type\":\"ListItem\",\"position\":3,\"name\":\"Deltaline\"}]},{\"@type\":\"WebSite\",\"@id\":\"https:\/\/ceilings-lighting.com\/#website\",\"url\":\"https:\/\/ceilings-lighting.com\/\",\"name\":\"Ceilings & Lighting\",\"description\":\"Above expectations\",\"publisher\":{\"@id\":\"https:\/\/ceilings-lighting.com\/#organization\"},\"potentialAction\":[{\"@type\":\"SearchAction\",\"target\":{\"@type\":\"EntryPoint\",\"urlTemplate\":\"https:\/\/ceilings-lighting.com\/?s={search_term_string}\"},\"query-input\":{\"@type\":\"PropertyValueSpecification\",\"valueRequired\":true,\"valueName\":\"search_term_string\"}}],\"inLanguage\":\"es\"},{\"@type\":\"Organization\",\"@id\":\"https:\/\/ceilings-lighting.com\/#organization\",\"name\":\"Ceilings & Lighting\",\"url\":\"https:\/\/ceilings-lighting.com\/\",\"logo\":{\"@type\":\"ImageObject\",\"inLanguage\":\"es\",\"@id\":\"https:\/\/ceilings-lighting.com\/#\/schema\/logo\/image\/\",\"url\":\"https:\/\/ceilings-lighting.com\/wp-content\/uploads\/2016\/10\/logo-on-blue.png\",\"contentUrl\":\"https:\/\/ceilings-lighting.com\/wp-content\/uploads\/2016\/10\/logo-on-blue.png\",\"width\":155,\"height\":100,\"caption\":\"Ceilings & Lighting\"},\"image\":{\"@id\":\"https:\/\/ceilings-lighting.com\/#\/schema\/logo\/image\/\"}}]}<\/script>\n<!-- \/ Yoast SEO plugin. -->","yoast_head_json":{"title":"Deltaline - Ceilings and Lighting","robots":{"index":"index","follow":"follow","max-snippet":"max-snippet:-1","max-image-preview":"max-image-preview:large","max-video-preview":"max-video-preview:-1"},"canonical":"https:\/\/ceilings-lighting.com\/systems\/deltaline\/","og_locale":"es_ES","og_type":"article","og_title":"Deltaline - Ceilings and Lighting","og_description":"Deltaline Deltaline es un techo lineal con l\u00e1minas en forma de tri\u00e1ngulo, un espesor de 4mm y una altura de 18, 30, 40 o 50mm. Los paneles est\u00e1ndar miden 1200\u00d7600mm y se montan con una separaci\u00f3n de 600mm mediante una estructura de soporte, muelles y remates. Esto permite retirar cada panel por separado.","og_url":"https:\/\/ceilings-lighting.com\/systems\/deltaline\/","og_site_name":"Ceilings and Lighting","article_modified_time":"2017-06-20T08:48:16+00:00","twitter_card":"summary_large_image","twitter_misc":{"Tiempo de lectura":"1 minuto"},"schema":{"@context":"https:\/\/schema.org","@graph":[{"@type":"WebPage","@id":"https:\/\/ceilings-lighting.com\/systems\/deltaline\/","url":"https:\/\/ceilings-lighting.com\/systems\/deltaline\/","name":"Deltaline - Ceilings and Lighting","isPartOf":{"@id":"https:\/\/ceilings-lighting.com\/#website"},"datePublished":"2017-03-07T09:27:46+00:00","dateModified":"2017-06-20T08:48:16+00:00","breadcrumb":{"@id":"https:\/\/ceilings-lighting.com\/systems\/deltaline\/#breadcrumb"},"inLanguage":"es","potentialAction":[{"@type":"ReadAction","target":["https:\/\/ceilings-lighting.com\/systems\/deltaline\/"]}]},{"@type":"BreadcrumbList","@id":"https:\/\/ceilings-lighting.com\/systems\/deltaline\/#breadcrumb","itemListElement":[{"@type":"ListItem","position":1,"name":"Home","item":"https:\/\/ceilings-lighting.com\/"},{"@type":"ListItem","position":2,"name":"Open cell ceiling systems","item":"https:\/\/ceilings-lighting.com\/systems\/"},{"@type":"ListItem","position":3,"name":"Deltaline"}]},{"@type":"WebSite","@id":"https:\/\/ceilings-lighting.com\/#website","url":"https:\/\/ceilings-lighting.com\/","name":"Ceilings & Lighting","description":"Above expectations","publisher":{"@id":"https:\/\/ceilings-lighting.com\/#organization"},"potentialAction":[{"@type":"SearchAction","target":{"@type":"EntryPoint","urlTemplate":"https:\/\/ceilings-lighting.com\/?s={search_term_string}"},"query-input":{"@type":"PropertyValueSpecification","valueRequired":true,"valueName":"search_term_string"}}],"inLanguage":"es"},{"@type":"Organization","@id":"https:\/\/ceilings-lighting.com\/#organization","name":"Ceilings & Lighting","url":"https:\/\/ceilings-lighting.com\/","logo":{"@type":"ImageObject","inLanguage":"es","@id":"https:\/\/ceilings-lighting.com\/#\/schema\/logo\/image\/","url":"https:\/\/ceilings-lighting.com\/wp-content\/uploads\/2016\/10\/logo-on-blue.png","contentUrl":"https:\/\/ceilings-lighting.com\/wp-content\/uploads\/2016\/10\/logo-on-blue.png","width":155,"height":100,"caption":"Ceilings & Lighting"},"image":{"@id":"https:\/\/ceilings-lighting.com\/#\/schema\/logo\/image\/"}}]}},"_links":{"self":[{"href":"https:\/\/ceilings-lighting.com\/es\/wp-json\/wp\/v2\/pages\/122","targetHints":{"allow":["GET"]}}],"collection":[{"href":"https:\/\/ceilings-lighting.com\/es\/wp-json\/wp\/v2\/pages"}],"about":[{"href":"https:\/\/ceilings-lighting.com\/es\/wp-json\/wp\/v2\/types\/page"}],"author":[{"embeddable":true,"href":"https:\/\/ceilings-lighting.com\/es\/wp-json\/wp\/v2\/users\/2"}],"replies":[{"embeddable":true,"href":"https:\/\/ceilings-lighting.com\/es\/wp-json\/wp\/v2\/comments?post=122"}],"version-history":[{"count":10,"href":"https:\/\/ceilings-lighting.com\/es\/wp-json\/wp\/v2\/pages\/122\/revisions"}],"predecessor-version":[{"id":526,"href":"https:\/\/ceilings-lighting.com\/es\/wp-json\/wp\/v2\/pages\/122\/revisions\/526"}],"up":[{"embeddable":true,"href":"https:\/\/ceilings-lighting.com\/es\/wp-json\/wp\/v2\/pages\/15"}],"wp:attachment":[{"href":"https:\/\/ceilings-lighting.com\/es\/wp-json\/wp\/v2\/media?parent=122"}],"curies":[{"name":"wp","href":"https:\/\/api.w.org\/{rel}","templated":true}]}}