{"id":126,"date":"2017-03-07T09:28:29","date_gmt":"2017-03-07T09:28:29","guid":{"rendered":"http:\/\/ceilings-lighting.com\/?page_id=126"},"modified":"2020-03-25T08:00:29","modified_gmt":"2020-03-25T08:00:29","slug":"euroline","status":"publish","type":"page","link":"https:\/\/ceilings-lighting.com\/es\/systems\/euroline\/","title":{"rendered":"Euroline"},"content":{"rendered":"<p><\/p>\n<h1>Euroline<\/h1>\n<p>Euroline es un techo lineal de aluminio que se puede entregar con un perfil de l\u00e1mina de 5, 9, 12, 15, 24 o 30mm. El tama\u00f1o est\u00e1ndar del panel es de 600\u00d71200mm y se instala con nuestro sistema de suspensi\u00f3n exclusivo, que permite retirar y plegar el panel f\u00e1cilmente. Adem\u00e1s, tambi\u00e9n se puede utilizar en zonas de mantenimiento frecuente.<\/p>\n<hr>\n<p><div class=\"uk-scope\">\n\n    <div id=\"wk-grid56d\" class=\"uk-child-width-1-2 uk-grid-medium \"  uk-grid=\"masonry: next\"  uk-lightbox=\"container: .uk-gallery-container; toggle: a[data-js-lightbox]\">\n\n            \n        <div>\n        \n<div class=\"uk-panel\">\n\n    \n        <div class=\"uk-inline-clip uk-transition-toggle \">\n\n            <img loading=\"lazy\" decoding=\"async\" src=\"\/wp-content\/uploads\/2017\/03\/KuveytTurk_1024x683-1.jpg\" class=\"uk-transition-scale-up uk-transition-opaque\" alt=\"KuveytTurk_1024x683-1\" width=\"1024\" height=\"683\">\n            \n                        <div class=\"uk-overlay uk-overlay-primary uk-position-cover uk-transition-fade\"><\/div>\n            \n                            <div class=\"uk-position-center uk-light\">\n                    <span class=\"uk-transition-fade\" uk-overlay-icon><\/span>\n                <\/div>\n            \n                                                                        <a class=\"uk-position-cover\" data-js-lightbox href=\"\/wp-content\/uploads\/2017\/03\/KuveytTurk_1024x683-1.jpg\" data-type=\"image\" data-caption=\"KuveytTurk_1024x683-1\"><\/a>\n                                                \n        <\/div>\n\n    \n    \n        \n        \n    \n    \n<\/div>\n        <\/div>\n\n                    \n        <div>\n        \n<div class=\"uk-panel\">\n\n    \n        <div class=\"uk-inline-clip uk-transition-toggle \">\n\n            <img loading=\"lazy\" decoding=\"async\" src=\"\/wp-content\/uploads\/2017\/03\/KuveytTurk_1024x683-4.jpg\" class=\"uk-transition-scale-up uk-transition-opaque\" alt=\"KuveytTurk_1024x683-4\" width=\"1024\" height=\"683\">\n            \n                        <div class=\"uk-overlay uk-overlay-primary uk-position-cover uk-transition-fade\"><\/div>\n            \n                            <div class=\"uk-position-center uk-light\">\n                    <span class=\"uk-transition-fade\" uk-overlay-icon><\/span>\n                <\/div>\n            \n                                                                        <a class=\"uk-position-cover\" data-js-lightbox href=\"\/wp-content\/uploads\/2017\/03\/KuveytTurk_1024x683-4.jpg\" data-type=\"image\" data-caption=\"KuveytTurk_1024x683-4\"><\/a>\n                                                \n        <\/div>\n\n    \n    \n        \n        \n    \n    \n<\/div>\n        <\/div>\n\n                    \n        <div>\n        \n<div class=\"uk-panel\">\n\n    \n        <div class=\"uk-inline-clip uk-transition-toggle \">\n\n            <img loading=\"lazy\" decoding=\"async\" src=\"\/wp-content\/uploads\/2017\/03\/KuveytTurk_1024x683-6.jpg\" class=\"uk-transition-scale-up uk-transition-opaque\" alt=\"KuveytTurk_1024x683-6\" width=\"1024\" height=\"683\">\n            \n                        <div class=\"uk-overlay uk-overlay-primary uk-position-cover uk-transition-fade\"><\/div>\n            \n                            <div class=\"uk-position-center uk-light\">\n                    <span class=\"uk-transition-fade\" uk-overlay-icon><\/span>\n                <\/div>\n            \n                                                                        <a class=\"uk-position-cover\" data-js-lightbox href=\"\/wp-content\/uploads\/2017\/03\/KuveytTurk_1024x683-6.jpg\" data-type=\"image\" data-caption=\"KuveytTurk_1024x683-6\"><\/a>\n                                                \n        <\/div>\n\n    \n    \n        \n        \n    \n    \n<\/div>\n        <\/div>\n\n                    \n        <div>\n        \n<div class=\"uk-panel\">\n\n    \n        <div class=\"uk-inline-clip uk-transition-toggle \">\n\n            <img loading=\"lazy\" decoding=\"async\" src=\"\/wp-content\/uploads\/2017\/03\/KuveytTurk_683x1024-1.jpg\" class=\"uk-transition-scale-up uk-transition-opaque\" alt=\"KuveytTurk 683x1024 1\" width=\"683\" height=\"1024\">\n            \n                        <div class=\"uk-overlay uk-overlay-primary uk-position-cover uk-transition-fade\"><\/div>\n            \n                            <div class=\"uk-position-center uk-light\">\n                    <span class=\"uk-transition-fade\" uk-overlay-icon><\/span>\n                <\/div>\n            \n                                                                        <a class=\"uk-position-cover\" data-js-lightbox href=\"\/wp-content\/uploads\/2017\/03\/KuveytTurk_683x1024-1.jpg\" data-type=\"image\" data-caption=\"KuveytTurk 683x1024 1\"><\/a>\n                                                \n        <\/div>\n\n    \n    \n        \n        \n    \n    \n<\/div>\n        <\/div>\n\n                    \n        <div>\n        \n<div class=\"uk-panel\">\n\n    \n        <div class=\"uk-inline-clip uk-transition-toggle \">\n\n            <img loading=\"lazy\" decoding=\"async\" src=\"\/wp-content\/uploads\/2017\/03\/KuveytTurk_683x1024-4.jpg\" class=\"uk-transition-scale-up uk-transition-opaque\" alt=\"KuveytTurk 683x1024 4\" width=\"683\" height=\"1024\">\n            \n                        <div class=\"uk-overlay uk-overlay-primary uk-position-cover uk-transition-fade\"><\/div>\n            \n                            <div class=\"uk-position-center uk-light\">\n                    <span class=\"uk-transition-fade\" uk-overlay-icon><\/span>\n                <\/div>\n            \n                                                                        <a class=\"uk-position-cover\" data-js-lightbox href=\"\/wp-content\/uploads\/2017\/03\/KuveytTurk_683x1024-4.jpg\" data-type=\"image\" data-caption=\"KuveytTurk 683x1024 4\"><\/a>\n                                                \n        <\/div>\n\n    \n    \n        \n        \n    \n    \n<\/div>\n        <\/div>\n\n                    \n        <div>\n        \n<div class=\"uk-panel\">\n\n    \n        <div class=\"uk-inline-clip uk-transition-toggle \">\n\n            <img loading=\"lazy\" decoding=\"async\" src=\"\/wp-content\/uploads\/2017\/03\/KuveytTurk_683x1024-2.jpg\" class=\"uk-transition-scale-up uk-transition-opaque\" alt=\"KuveytTurk 683x1024 2\" width=\"683\" height=\"1024\">\n            \n                        <div class=\"uk-overlay uk-overlay-primary uk-position-cover uk-transition-fade\"><\/div>\n            \n                            <div class=\"uk-position-center uk-light\">\n                    <span class=\"uk-transition-fade\" uk-overlay-icon><\/span>\n                <\/div>\n            \n                                                                        <a class=\"uk-position-cover\" data-js-lightbox href=\"\/wp-content\/uploads\/2017\/03\/KuveytTurk_683x1024-2.jpg\" data-type=\"image\" data-caption=\"KuveytTurk 683x1024 2\"><\/a>\n                                                \n        <\/div>\n\n    \n    \n        \n        \n    \n    \n<\/div>\n        <\/div>\n\n                    \n        <div>\n        \n<div class=\"uk-panel\">\n\n    \n        <div class=\"uk-inline-clip uk-transition-toggle \">\n\n            <img loading=\"lazy\" decoding=\"async\" src=\"\/wp-content\/uploads\/2017\/03\/KuveytTurk_1024x683-2.jpg\" class=\"uk-transition-scale-up uk-transition-opaque\" alt=\"KuveytTurk_1024x683-2\" width=\"1024\" height=\"683\">\n            \n                        <div class=\"uk-overlay uk-overlay-primary uk-position-cover uk-transition-fade\"><\/div>\n            \n                            <div class=\"uk-position-center uk-light\">\n                    <span class=\"uk-transition-fade\" uk-overlay-icon><\/span>\n                <\/div>\n            \n                                                                        <a class=\"uk-position-cover\" data-js-lightbox href=\"\/wp-content\/uploads\/2017\/03\/KuveytTurk_1024x683-2.jpg\" data-type=\"image\" data-caption=\"KuveytTurk_1024x683-2\"><\/a>\n                                                \n        <\/div>\n\n    \n    \n        \n        \n    \n    \n<\/div>\n        <\/div>\n\n                    \n        <div>\n        \n<div class=\"uk-panel\">\n\n    \n        <div class=\"uk-inline-clip uk-transition-toggle \">\n\n            <img loading=\"lazy\" decoding=\"async\" src=\"\/wp-content\/uploads\/2017\/03\/KuveytTurk_1024x683-3.jpg\" class=\"uk-transition-scale-up uk-transition-opaque\" alt=\"KuveytTurk_1024x683-3\" width=\"1024\" height=\"683\">\n            \n                        <div class=\"uk-overlay uk-overlay-primary uk-position-cover uk-transition-fade\"><\/div>\n            \n                            <div class=\"uk-position-center uk-light\">\n                    <span class=\"uk-transition-fade\" uk-overlay-icon><\/span>\n                <\/div>\n            \n                                                                        <a class=\"uk-position-cover\" data-js-lightbox href=\"\/wp-content\/uploads\/2017\/03\/KuveytTurk_1024x683-3.jpg\" data-type=\"image\" data-caption=\"KuveytTurk_1024x683-3\"><\/a>\n                                                \n        <\/div>\n\n    \n    \n        \n        \n    \n    \n<\/div>\n        <\/div>\n\n                    \n        <div>\n        \n<div class=\"uk-panel\">\n\n    \n        <div class=\"uk-inline-clip uk-transition-toggle \">\n\n            <img loading=\"lazy\" decoding=\"async\" src=\"\/wp-content\/uploads\/2017\/03\/KuveytTurk_1024x683-5.jpg\" class=\"uk-transition-scale-up uk-transition-opaque\" alt=\"KuveytTurk_1024x683-5\" width=\"1024\" height=\"683\">\n            \n                        <div class=\"uk-overlay uk-overlay-primary uk-position-cover uk-transition-fade\"><\/div>\n            \n                            <div class=\"uk-position-center uk-light\">\n                    <span class=\"uk-transition-fade\" uk-overlay-icon><\/span>\n                <\/div>\n            \n                                                                        <a class=\"uk-position-cover\" data-js-lightbox href=\"\/wp-content\/uploads\/2017\/03\/KuveytTurk_1024x683-5.jpg\" data-type=\"image\" data-caption=\"KuveytTurk_1024x683-5\"><\/a>\n                                                \n        <\/div>\n\n    \n    \n        \n        \n    \n    \n<\/div>\n        <\/div>\n\n            \n    <\/div>\n\n\n\n<script>\n\n    (function(UIkit){\n\n        var $ = UIkit.util;\n\n        $.ready(function () {\n            if (!$.$('.uk-gallery-container')) {\n                $.append(document.body, '<div class=\"uk-scope uk-gallery-container\">');\n            }\n        });\n\n    })(window.UIkitwk || window.UIkit);\n\n<\/script>\n<\/div><\/p>","protected":false},"excerpt":{"rendered":"<p>Euroline Euroline es un techo lineal de aluminio que se puede entregar con un perfil de l\u00e1mina de 5, 9, 12, 15, 24 o 30mm. El tama\u00f1o est\u00e1ndar del panel es de 600\u00d71200mm y se instala con nuestro sistema de suspensi\u00f3n exclusivo, que permite retirar y plegar el panel f\u00e1cilmente. Adem\u00e1s, tambi\u00e9n se puede utilizar [&hellip;]<\/p>\n","protected":false},"author":2,"featured_media":0,"parent":15,"menu_order":6,"comment_status":"closed","ping_status":"closed","template":"","meta":{"footnotes":""},"class_list":["post-126","page","type-page","status-publish","hentry"],"yoast_head":"<!-- This site is optimized with the Yoast SEO plugin v24.5 - https:\/\/yoast.com\/wordpress\/plugins\/seo\/ -->\n<title>Euroline - Ceilings and Lighting<\/title>\n<meta name=\"description\" content=\"The Euroline exposed ceiling livens up any space and comes in a variety of blade profiles. Choose the perfect ceiling and get it delivered quickly!\" \/>\n<meta name=\"robots\" content=\"index, follow, max-snippet:-1, max-image-preview:large, max-video-preview:-1\" \/>\n<link rel=\"canonical\" href=\"https:\/\/ceilings-lighting.com\/systems\/euroline\/\" \/>\n<meta property=\"og:locale\" content=\"es_ES\" \/>\n<meta property=\"og:type\" content=\"article\" \/>\n<meta property=\"og:title\" content=\"Euroline - Ceilings and Lighting\" \/>\n<meta property=\"og:description\" content=\"The Euroline exposed ceiling livens up any space and comes in a variety of blade profiles. Choose the perfect ceiling and get it delivered quickly!\" \/>\n<meta property=\"og:url\" content=\"https:\/\/ceilings-lighting.com\/systems\/euroline\/\" \/>\n<meta property=\"og:site_name\" content=\"Ceilings and Lighting\" \/>\n<meta property=\"article:modified_time\" content=\"2020-03-25T08:00:29+00:00\" \/>\n<meta name=\"twitter:card\" content=\"summary_large_image\" \/>\n<meta name=\"twitter:label1\" content=\"Tiempo de lectura\" \/>\n\t<meta name=\"twitter:data1\" content=\"2 minutos\" \/>\n<script type=\"application\/ld+json\" class=\"yoast-schema-graph\">{\"@context\":\"https:\/\/schema.org\",\"@graph\":[{\"@type\":\"WebPage\",\"@id\":\"https:\/\/ceilings-lighting.com\/systems\/euroline\/\",\"url\":\"https:\/\/ceilings-lighting.com\/systems\/euroline\/\",\"name\":\"Euroline - Ceilings and Lighting\",\"isPartOf\":{\"@id\":\"https:\/\/ceilings-lighting.com\/#website\"},\"datePublished\":\"2017-03-07T09:28:29+00:00\",\"dateModified\":\"2020-03-25T08:00:29+00:00\",\"description\":\"The Euroline exposed ceiling livens up any space and comes in a variety of blade profiles. Choose the perfect ceiling and get it delivered quickly!\",\"breadcrumb\":{\"@id\":\"https:\/\/ceilings-lighting.com\/systems\/euroline\/#breadcrumb\"},\"inLanguage\":\"es\",\"potentialAction\":[{\"@type\":\"ReadAction\",\"target\":[\"https:\/\/ceilings-lighting.com\/systems\/euroline\/\"]}]},{\"@type\":\"BreadcrumbList\",\"@id\":\"https:\/\/ceilings-lighting.com\/systems\/euroline\/#breadcrumb\",\"itemListElement\":[{\"@type\":\"ListItem\",\"position\":1,\"name\":\"Home\",\"item\":\"https:\/\/ceilings-lighting.com\/\"},{\"@type\":\"ListItem\",\"position\":2,\"name\":\"Open cell ceiling systems\",\"item\":\"https:\/\/ceilings-lighting.com\/systems\/\"},{\"@type\":\"ListItem\",\"position\":3,\"name\":\"Euroline\"}]},{\"@type\":\"WebSite\",\"@id\":\"https:\/\/ceilings-lighting.com\/#website\",\"url\":\"https:\/\/ceilings-lighting.com\/\",\"name\":\"Ceilings & Lighting\",\"description\":\"Above expectations\",\"publisher\":{\"@id\":\"https:\/\/ceilings-lighting.com\/#organization\"},\"potentialAction\":[{\"@type\":\"SearchAction\",\"target\":{\"@type\":\"EntryPoint\",\"urlTemplate\":\"https:\/\/ceilings-lighting.com\/?s={search_term_string}\"},\"query-input\":{\"@type\":\"PropertyValueSpecification\",\"valueRequired\":true,\"valueName\":\"search_term_string\"}}],\"inLanguage\":\"es\"},{\"@type\":\"Organization\",\"@id\":\"https:\/\/ceilings-lighting.com\/#organization\",\"name\":\"Ceilings & Lighting\",\"url\":\"https:\/\/ceilings-lighting.com\/\",\"logo\":{\"@type\":\"ImageObject\",\"inLanguage\":\"es\",\"@id\":\"https:\/\/ceilings-lighting.com\/#\/schema\/logo\/image\/\",\"url\":\"https:\/\/ceilings-lighting.com\/wp-content\/uploads\/2016\/10\/logo-on-blue.png\",\"contentUrl\":\"https:\/\/ceilings-lighting.com\/wp-content\/uploads\/2016\/10\/logo-on-blue.png\",\"width\":155,\"height\":100,\"caption\":\"Ceilings & Lighting\"},\"image\":{\"@id\":\"https:\/\/ceilings-lighting.com\/#\/schema\/logo\/image\/\"}}]}<\/script>\n<!-- \/ Yoast SEO plugin. -->","yoast_head_json":{"title":"Euroline - Ceilings and Lighting","description":"The Euroline exposed ceiling livens up any space and comes in a variety of blade profiles. Choose the perfect ceiling and get it delivered quickly!","robots":{"index":"index","follow":"follow","max-snippet":"max-snippet:-1","max-image-preview":"max-image-preview:large","max-video-preview":"max-video-preview:-1"},"canonical":"https:\/\/ceilings-lighting.com\/systems\/euroline\/","og_locale":"es_ES","og_type":"article","og_title":"Euroline - Ceilings and Lighting","og_description":"The Euroline exposed ceiling livens up any space and comes in a variety of blade profiles. Choose the perfect ceiling and get it delivered quickly!","og_url":"https:\/\/ceilings-lighting.com\/systems\/euroline\/","og_site_name":"Ceilings and Lighting","article_modified_time":"2020-03-25T08:00:29+00:00","twitter_card":"summary_large_image","twitter_misc":{"Tiempo de lectura":"2 minutos"},"schema":{"@context":"https:\/\/schema.org","@graph":[{"@type":"WebPage","@id":"https:\/\/ceilings-lighting.com\/systems\/euroline\/","url":"https:\/\/ceilings-lighting.com\/systems\/euroline\/","name":"Euroline - Ceilings and Lighting","isPartOf":{"@id":"https:\/\/ceilings-lighting.com\/#website"},"datePublished":"2017-03-07T09:28:29+00:00","dateModified":"2020-03-25T08:00:29+00:00","description":"The Euroline exposed ceiling livens up any space and comes in a variety of blade profiles. Choose the perfect ceiling and get it delivered quickly!","breadcrumb":{"@id":"https:\/\/ceilings-lighting.com\/systems\/euroline\/#breadcrumb"},"inLanguage":"es","potentialAction":[{"@type":"ReadAction","target":["https:\/\/ceilings-lighting.com\/systems\/euroline\/"]}]},{"@type":"BreadcrumbList","@id":"https:\/\/ceilings-lighting.com\/systems\/euroline\/#breadcrumb","itemListElement":[{"@type":"ListItem","position":1,"name":"Home","item":"https:\/\/ceilings-lighting.com\/"},{"@type":"ListItem","position":2,"name":"Open cell ceiling systems","item":"https:\/\/ceilings-lighting.com\/systems\/"},{"@type":"ListItem","position":3,"name":"Euroline"}]},{"@type":"WebSite","@id":"https:\/\/ceilings-lighting.com\/#website","url":"https:\/\/ceilings-lighting.com\/","name":"Ceilings & Lighting","description":"Above expectations","publisher":{"@id":"https:\/\/ceilings-lighting.com\/#organization"},"potentialAction":[{"@type":"SearchAction","target":{"@type":"EntryPoint","urlTemplate":"https:\/\/ceilings-lighting.com\/?s={search_term_string}"},"query-input":{"@type":"PropertyValueSpecification","valueRequired":true,"valueName":"search_term_string"}}],"inLanguage":"es"},{"@type":"Organization","@id":"https:\/\/ceilings-lighting.com\/#organization","name":"Ceilings & Lighting","url":"https:\/\/ceilings-lighting.com\/","logo":{"@type":"ImageObject","inLanguage":"es","@id":"https:\/\/ceilings-lighting.com\/#\/schema\/logo\/image\/","url":"https:\/\/ceilings-lighting.com\/wp-content\/uploads\/2016\/10\/logo-on-blue.png","contentUrl":"https:\/\/ceilings-lighting.com\/wp-content\/uploads\/2016\/10\/logo-on-blue.png","width":155,"height":100,"caption":"Ceilings & Lighting"},"image":{"@id":"https:\/\/ceilings-lighting.com\/#\/schema\/logo\/image\/"}}]}},"_links":{"self":[{"href":"https:\/\/ceilings-lighting.com\/es\/wp-json\/wp\/v2\/pages\/126","targetHints":{"allow":["GET"]}}],"collection":[{"href":"https:\/\/ceilings-lighting.com\/es\/wp-json\/wp\/v2\/pages"}],"about":[{"href":"https:\/\/ceilings-lighting.com\/es\/wp-json\/wp\/v2\/types\/page"}],"author":[{"embeddable":true,"href":"https:\/\/ceilings-lighting.com\/es\/wp-json\/wp\/v2\/users\/2"}],"replies":[{"embeddable":true,"href":"https:\/\/ceilings-lighting.com\/es\/wp-json\/wp\/v2\/comments?post=126"}],"version-history":[{"count":11,"href":"https:\/\/ceilings-lighting.com\/es\/wp-json\/wp\/v2\/pages\/126\/revisions"}],"predecessor-version":[{"id":634,"href":"https:\/\/ceilings-lighting.com\/es\/wp-json\/wp\/v2\/pages\/126\/revisions\/634"}],"up":[{"embeddable":true,"href":"https:\/\/ceilings-lighting.com\/es\/wp-json\/wp\/v2\/pages\/15"}],"wp:attachment":[{"href":"https:\/\/ceilings-lighting.com\/es\/wp-json\/wp\/v2\/media?parent=126"}],"curies":[{"name":"wp","href":"https:\/\/api.w.org\/{rel}","templated":true}]}}