{"id":128,"date":"2017-03-07T09:28:55","date_gmt":"2017-03-07T09:28:55","guid":{"rendered":"http:\/\/ceilings-lighting.com\/?page_id=128"},"modified":"2020-03-25T08:00:58","modified_gmt":"2020-03-25T08:00:58","slug":"louvres-alm","status":"publish","type":"page","link":"https:\/\/ceilings-lighting.com\/es\/systems\/louvres-alm\/","title":{"rendered":"Louvres (ALM)"},"content":{"rendered":"<p><\/p>\n<h1>Louvres (ALM)<\/h1>\n<p>Los louvres de una sola l\u00e1mina se pueden considerar uno de los sistemas de techos m\u00e1s eficaces del mercado en t\u00e9rminos de costes. Su dise\u00f1o es compatible con perfiles T nuevos o existentes. Los louvres de una sola l\u00e1mina se pueden montar suspendidos o normales, asegurando una adaptaci\u00f3n perfecta con el entorno arquitect\u00f3nico y sus presupuestos de construcci\u00f3n. Tambi\u00e9n disponemos de un \u00absistema invisible\u00bb bajo demanda.<\/p>\n<hr>\n<div class=\"uk-scope\">\n\n    <div id=\"wk-grid477\" class=\"uk-child-width-1-2 uk-grid-medium \"  uk-grid=\"masonry: next\"  uk-lightbox=\"container: .uk-gallery-container; toggle: a[data-js-lightbox]\">\n\n            \n        <div>\n        \n<div class=\"uk-panel\">\n\n    \n        <div class=\"uk-inline-clip uk-transition-toggle \">\n\n            <img loading=\"lazy\" decoding=\"async\" src=\"\/wp-content\/uploads\/2017\/03\/Louvres_1024x683-2.jpg\" class=\"uk-transition-scale-up uk-transition-opaque\" alt=\"Louvres_1024x683-2\" width=\"1024\" height=\"683\">\n            \n                        <div class=\"uk-overlay uk-overlay-primary uk-position-cover uk-transition-fade\"><\/div>\n            \n                            <div class=\"uk-position-center uk-light\">\n                    <span class=\"uk-transition-fade\" uk-overlay-icon><\/span>\n                <\/div>\n            \n                                                                        <a class=\"uk-position-cover\" data-js-lightbox href=\"\/wp-content\/uploads\/2017\/03\/Louvres_1024x683-2.jpg\" data-type=\"image\" data-caption=\"Louvres_1024x683-2\"><\/a>\n                                                \n        <\/div>\n\n    \n    \n        \n        \n    \n    \n<\/div>\n        <\/div>\n\n                    \n        <div>\n        \n<div class=\"uk-panel\">\n\n    \n        <div class=\"uk-inline-clip uk-transition-toggle \">\n\n            <img loading=\"lazy\" decoding=\"async\" src=\"\/wp-content\/uploads\/2017\/03\/Louvres_1024x683-3.jpg\" class=\"uk-transition-scale-up uk-transition-opaque\" alt=\"Louvres_1024x683-3\" width=\"1024\" height=\"683\">\n            \n                        <div class=\"uk-overlay uk-overlay-primary uk-position-cover uk-transition-fade\"><\/div>\n            \n                            <div class=\"uk-position-center uk-light\">\n                    <span class=\"uk-transition-fade\" uk-overlay-icon><\/span>\n                <\/div>\n            \n                                                                        <a class=\"uk-position-cover\" data-js-lightbox href=\"\/wp-content\/uploads\/2017\/03\/Louvres_1024x683-3.jpg\" data-type=\"image\" data-caption=\"Louvres_1024x683-3\"><\/a>\n                                                \n        <\/div>\n\n    \n    \n        \n        \n    \n    \n<\/div>\n        <\/div>\n\n                    \n        <div>\n        \n<div class=\"uk-panel\">\n\n    \n        <div class=\"uk-inline-clip uk-transition-toggle \">\n\n            <img loading=\"lazy\" decoding=\"async\" src=\"\/wp-content\/uploads\/2017\/03\/Louvres_1024x683-.jpg\" class=\"uk-transition-scale-up uk-transition-opaque\" alt=\"Louvres_1024x683-\" width=\"1024\" height=\"683\">\n            \n                        <div class=\"uk-overlay uk-overlay-primary uk-position-cover uk-transition-fade\"><\/div>\n            \n                            <div class=\"uk-position-center uk-light\">\n                    <span class=\"uk-transition-fade\" uk-overlay-icon><\/span>\n                <\/div>\n            \n                                                                        <a class=\"uk-position-cover\" data-js-lightbox href=\"\/wp-content\/uploads\/2017\/03\/Louvres_1024x683-.jpg\" data-type=\"image\" data-caption=\"Louvres_1024x683-\"><\/a>\n                                                \n        <\/div>\n\n    \n    \n        \n        \n    \n    \n<\/div>\n        <\/div>\n\n            \n    <\/div>\n\n\n\n<script>\n\n    (function(UIkit){\n\n        var $ = UIkit.util;\n\n        $.ready(function () {\n            if (!$.$('.uk-gallery-container')) {\n                $.append(document.body, '<div class=\"uk-scope uk-gallery-container\">');\n            }\n        });\n\n    })(window.UIkitwk || window.UIkit);\n\n<\/script>\n<\/div>\n<hr>\n<p><div class=\"uk-scope\">\n\n    <div id=\"wk-grid2fd\" class=\"uk-child-width-1-2 uk-grid-medium \"  uk-grid=\"masonry: next\"  uk-lightbox=\"container: .uk-gallery-container; toggle: a[data-js-lightbox]\">\n\n            \n        <div>\n        \n<div class=\"uk-panel\">\n\n    \n        <div class=\"uk-inline-clip uk-transition-toggle \">\n\n            <img loading=\"lazy\" decoding=\"async\" src=\"\/wp-content\/uploads\/2017\/05\/Dosenbach2.jpg\" class=\"uk-transition-scale-up uk-transition-opaque\" alt=\"Dosenbach1\" width=\"683\" height=\"1024\">\n            \n                        <div class=\"uk-overlay uk-overlay-primary uk-position-cover uk-transition-fade\"><\/div>\n            \n                            <div class=\"uk-position-center uk-light\">\n                    <span class=\"uk-transition-fade\" uk-overlay-icon><\/span>\n                <\/div>\n            \n                                                                        <a class=\"uk-position-cover\" data-js-lightbox href=\"\/wp-content\/uploads\/2017\/05\/Dosenbach2.jpg\" data-type=\"image\" data-caption=\"Dosenbach1\"><\/a>\n                                                \n        <\/div>\n\n    \n    \n        \n        \n    \n    \n<\/div>\n        <\/div>\n\n                    \n        <div>\n        \n<div class=\"uk-panel\">\n\n    \n        <div class=\"uk-inline-clip uk-transition-toggle \">\n\n            <img loading=\"lazy\" decoding=\"async\" src=\"\/wp-content\/uploads\/2017\/05\/Dosenbach3.jpg\" class=\"uk-transition-scale-up uk-transition-opaque\" alt=\"Dosenbach2\" width=\"683\" height=\"1024\">\n            \n                        <div class=\"uk-overlay uk-overlay-primary uk-position-cover uk-transition-fade\"><\/div>\n            \n                            <div class=\"uk-position-center uk-light\">\n                    <span class=\"uk-transition-fade\" uk-overlay-icon><\/span>\n                <\/div>\n            \n                                                                        <a class=\"uk-position-cover\" data-js-lightbox href=\"\/wp-content\/uploads\/2017\/05\/Dosenbach3.jpg\" data-type=\"image\" data-caption=\"Dosenbach2\"><\/a>\n                                                \n        <\/div>\n\n    \n    \n        \n        \n    \n    \n<\/div>\n        <\/div>\n\n                    \n        <div>\n        \n<div class=\"uk-panel\">\n\n    \n        <div class=\"uk-inline-clip uk-transition-toggle \">\n\n            <img loading=\"lazy\" decoding=\"async\" src=\"\/wp-content\/uploads\/2017\/05\/Dosenbach.jpg\" class=\"uk-transition-scale-up uk-transition-opaque\" alt=\"Dosenbach3\" width=\"683\" height=\"1024\">\n            \n                        <div class=\"uk-overlay uk-overlay-primary uk-position-cover uk-transition-fade\"><\/div>\n            \n                            <div class=\"uk-position-center uk-light\">\n                    <span class=\"uk-transition-fade\" uk-overlay-icon><\/span>\n                <\/div>\n            \n                                                                        <a class=\"uk-position-cover\" data-js-lightbox href=\"\/wp-content\/uploads\/2017\/05\/Dosenbach.jpg\" data-type=\"image\" data-caption=\"Dosenbach3\"><\/a>\n                                                \n        <\/div>\n\n    \n    \n        \n        \n    \n    \n<\/div>\n        <\/div>\n\n                    \n        <div>\n        \n<div class=\"uk-panel\">\n\n    \n        <div class=\"uk-inline-clip uk-transition-toggle \">\n\n            <img loading=\"lazy\" decoding=\"async\" src=\"\/wp-content\/uploads\/2017\/05\/Dosenbach6.jpg\" class=\"uk-transition-scale-up uk-transition-opaque\" alt=\"Dosenbach6\" width=\"683\" height=\"1024\">\n            \n                        <div class=\"uk-overlay uk-overlay-primary uk-position-cover uk-transition-fade\"><\/div>\n            \n                            <div class=\"uk-position-center uk-light\">\n                    <span class=\"uk-transition-fade\" uk-overlay-icon><\/span>\n                <\/div>\n            \n                                                                        <a class=\"uk-position-cover\" data-js-lightbox href=\"\/wp-content\/uploads\/2017\/05\/Dosenbach6.jpg\" data-type=\"image\" data-caption=\"Dosenbach6\"><\/a>\n                                                \n        <\/div>\n\n    \n    \n        \n        \n    \n    \n<\/div>\n        <\/div>\n\n                    \n        <div>\n        \n<div class=\"uk-panel\">\n\n    \n        <div class=\"uk-inline-clip uk-transition-toggle \">\n\n            <img loading=\"lazy\" decoding=\"async\" src=\"\/wp-content\/uploads\/2017\/05\/Dosenbach4.jpg\" class=\"uk-transition-scale-up uk-transition-opaque\" alt=\"Dosenbach4\" width=\"683\" height=\"1024\">\n            \n                        <div class=\"uk-overlay uk-overlay-primary uk-position-cover uk-transition-fade\"><\/div>\n            \n                            <div class=\"uk-position-center uk-light\">\n                    <span class=\"uk-transition-fade\" uk-overlay-icon><\/span>\n                <\/div>\n            \n                                                                        <a class=\"uk-position-cover\" data-js-lightbox href=\"\/wp-content\/uploads\/2017\/05\/Dosenbach4.jpg\" data-type=\"image\" data-caption=\"Dosenbach4\"><\/a>\n                                                \n        <\/div>\n\n    \n    \n        \n        \n    \n    \n<\/div>\n        <\/div>\n\n                    \n        <div>\n        \n<div class=\"uk-panel\">\n\n    \n        <div class=\"uk-inline-clip uk-transition-toggle \">\n\n            <img loading=\"lazy\" decoding=\"async\" src=\"\/wp-content\/uploads\/2017\/05\/Dosenbach5.jpg\" class=\"uk-transition-scale-up uk-transition-opaque\" alt=\"Dosenbach5\" width=\"683\" height=\"1024\">\n            \n                        <div class=\"uk-overlay uk-overlay-primary uk-position-cover uk-transition-fade\"><\/div>\n            \n                            <div class=\"uk-position-center uk-light\">\n                    <span class=\"uk-transition-fade\" uk-overlay-icon><\/span>\n                <\/div>\n            \n                                                                        <a class=\"uk-position-cover\" data-js-lightbox href=\"\/wp-content\/uploads\/2017\/05\/Dosenbach5.jpg\" data-type=\"image\" data-caption=\"Dosenbach5\"><\/a>\n                                                \n        <\/div>\n\n    \n    \n        \n        \n    \n    \n<\/div>\n        <\/div>\n\n            \n    <\/div>\n\n\n\n<script>\n\n    (function(UIkit){\n\n        var $ = UIkit.util;\n\n        $.ready(function () {\n            if (!$.$('.uk-gallery-container')) {\n                $.append(document.body, '<div class=\"uk-scope uk-gallery-container\">');\n            }\n        });\n\n    })(window.UIkitwk || window.UIkit);\n\n<\/script>\n<\/div><\/p>","protected":false},"excerpt":{"rendered":"<p>Louvres (ALM) Los louvres de una sola l\u00e1mina se pueden considerar uno de los sistemas de techos m\u00e1s eficaces del mercado en t\u00e9rminos de costes. Su dise\u00f1o es compatible con perfiles T nuevos o existentes. Los louvres de una sola l\u00e1mina se pueden montar suspendidos o normales, asegurando una adaptaci\u00f3n perfecta con el entorno arquitect\u00f3nico [&hellip;]<\/p>\n","protected":false},"author":2,"featured_media":0,"parent":15,"menu_order":7,"comment_status":"closed","ping_status":"closed","template":"","meta":{"footnotes":""},"class_list":["post-128","page","type-page","status-publish","hentry"],"yoast_head":"<!-- This site is optimized with the Yoast SEO plugin v24.5 - https:\/\/yoast.com\/wordpress\/plugins\/seo\/ -->\n<title>Louvres (ALM) - Ceilings and Lighting<\/title>\n<meta name=\"description\" content=\"An aluminum open cell ceiling is both stylish and functional. Order this cost-effective ceiling with us and choose from a wide variety of options.\" \/>\n<meta name=\"robots\" content=\"index, follow, max-snippet:-1, max-image-preview:large, max-video-preview:-1\" \/>\n<link rel=\"canonical\" href=\"https:\/\/ceilings-lighting.com\/systems\/louvres-alm\/\" \/>\n<meta property=\"og:locale\" content=\"es_ES\" \/>\n<meta property=\"og:type\" content=\"article\" \/>\n<meta property=\"og:title\" content=\"Louvres (ALM) - Ceilings and Lighting\" \/>\n<meta property=\"og:description\" content=\"An aluminum open cell ceiling is both stylish and functional. Order this cost-effective ceiling with us and choose from a wide variety of options.\" \/>\n<meta property=\"og:url\" content=\"https:\/\/ceilings-lighting.com\/systems\/louvres-alm\/\" \/>\n<meta property=\"og:site_name\" content=\"Ceilings and Lighting\" \/>\n<meta property=\"article:modified_time\" content=\"2020-03-25T08:00:58+00:00\" \/>\n<meta name=\"twitter:card\" content=\"summary_large_image\" \/>\n<meta name=\"twitter:label1\" content=\"Tiempo de lectura\" \/>\n\t<meta name=\"twitter:data1\" content=\"3 minutos\" \/>\n<script type=\"application\/ld+json\" class=\"yoast-schema-graph\">{\"@context\":\"https:\/\/schema.org\",\"@graph\":[{\"@type\":\"WebPage\",\"@id\":\"https:\/\/ceilings-lighting.com\/systems\/louvres-alm\/\",\"url\":\"https:\/\/ceilings-lighting.com\/systems\/louvres-alm\/\",\"name\":\"Louvres (ALM) - Ceilings and Lighting\",\"isPartOf\":{\"@id\":\"https:\/\/ceilings-lighting.com\/#website\"},\"datePublished\":\"2017-03-07T09:28:55+00:00\",\"dateModified\":\"2020-03-25T08:00:58+00:00\",\"description\":\"An aluminum open cell ceiling is both stylish and functional. Order this cost-effective ceiling with us and choose from a wide variety of options.\",\"breadcrumb\":{\"@id\":\"https:\/\/ceilings-lighting.com\/systems\/louvres-alm\/#breadcrumb\"},\"inLanguage\":\"es\",\"potentialAction\":[{\"@type\":\"ReadAction\",\"target\":[\"https:\/\/ceilings-lighting.com\/systems\/louvres-alm\/\"]}]},{\"@type\":\"BreadcrumbList\",\"@id\":\"https:\/\/ceilings-lighting.com\/systems\/louvres-alm\/#breadcrumb\",\"itemListElement\":[{\"@type\":\"ListItem\",\"position\":1,\"name\":\"Home\",\"item\":\"https:\/\/ceilings-lighting.com\/\"},{\"@type\":\"ListItem\",\"position\":2,\"name\":\"Open cell ceiling systems\",\"item\":\"https:\/\/ceilings-lighting.com\/systems\/\"},{\"@type\":\"ListItem\",\"position\":3,\"name\":\"Louvres (ALM)\"}]},{\"@type\":\"WebSite\",\"@id\":\"https:\/\/ceilings-lighting.com\/#website\",\"url\":\"https:\/\/ceilings-lighting.com\/\",\"name\":\"Ceilings & Lighting\",\"description\":\"Above expectations\",\"publisher\":{\"@id\":\"https:\/\/ceilings-lighting.com\/#organization\"},\"potentialAction\":[{\"@type\":\"SearchAction\",\"target\":{\"@type\":\"EntryPoint\",\"urlTemplate\":\"https:\/\/ceilings-lighting.com\/?s={search_term_string}\"},\"query-input\":{\"@type\":\"PropertyValueSpecification\",\"valueRequired\":true,\"valueName\":\"search_term_string\"}}],\"inLanguage\":\"es\"},{\"@type\":\"Organization\",\"@id\":\"https:\/\/ceilings-lighting.com\/#organization\",\"name\":\"Ceilings & Lighting\",\"url\":\"https:\/\/ceilings-lighting.com\/\",\"logo\":{\"@type\":\"ImageObject\",\"inLanguage\":\"es\",\"@id\":\"https:\/\/ceilings-lighting.com\/#\/schema\/logo\/image\/\",\"url\":\"https:\/\/ceilings-lighting.com\/wp-content\/uploads\/2016\/10\/logo-on-blue.png\",\"contentUrl\":\"https:\/\/ceilings-lighting.com\/wp-content\/uploads\/2016\/10\/logo-on-blue.png\",\"width\":155,\"height\":100,\"caption\":\"Ceilings & Lighting\"},\"image\":{\"@id\":\"https:\/\/ceilings-lighting.com\/#\/schema\/logo\/image\/\"}}]}<\/script>\n<!-- \/ Yoast SEO plugin. -->","yoast_head_json":{"title":"Louvres (ALM) - Ceilings and Lighting","description":"An aluminum open cell ceiling is both stylish and functional. Order this cost-effective ceiling with us and choose from a wide variety of options.","robots":{"index":"index","follow":"follow","max-snippet":"max-snippet:-1","max-image-preview":"max-image-preview:large","max-video-preview":"max-video-preview:-1"},"canonical":"https:\/\/ceilings-lighting.com\/systems\/louvres-alm\/","og_locale":"es_ES","og_type":"article","og_title":"Louvres (ALM) - Ceilings and Lighting","og_description":"An aluminum open cell ceiling is both stylish and functional. Order this cost-effective ceiling with us and choose from a wide variety of options.","og_url":"https:\/\/ceilings-lighting.com\/systems\/louvres-alm\/","og_site_name":"Ceilings and Lighting","article_modified_time":"2020-03-25T08:00:58+00:00","twitter_card":"summary_large_image","twitter_misc":{"Tiempo de lectura":"3 minutos"},"schema":{"@context":"https:\/\/schema.org","@graph":[{"@type":"WebPage","@id":"https:\/\/ceilings-lighting.com\/systems\/louvres-alm\/","url":"https:\/\/ceilings-lighting.com\/systems\/louvres-alm\/","name":"Louvres (ALM) - Ceilings and Lighting","isPartOf":{"@id":"https:\/\/ceilings-lighting.com\/#website"},"datePublished":"2017-03-07T09:28:55+00:00","dateModified":"2020-03-25T08:00:58+00:00","description":"An aluminum open cell ceiling is both stylish and functional. Order this cost-effective ceiling with us and choose from a wide variety of options.","breadcrumb":{"@id":"https:\/\/ceilings-lighting.com\/systems\/louvres-alm\/#breadcrumb"},"inLanguage":"es","potentialAction":[{"@type":"ReadAction","target":["https:\/\/ceilings-lighting.com\/systems\/louvres-alm\/"]}]},{"@type":"BreadcrumbList","@id":"https:\/\/ceilings-lighting.com\/systems\/louvres-alm\/#breadcrumb","itemListElement":[{"@type":"ListItem","position":1,"name":"Home","item":"https:\/\/ceilings-lighting.com\/"},{"@type":"ListItem","position":2,"name":"Open cell ceiling systems","item":"https:\/\/ceilings-lighting.com\/systems\/"},{"@type":"ListItem","position":3,"name":"Louvres (ALM)"}]},{"@type":"WebSite","@id":"https:\/\/ceilings-lighting.com\/#website","url":"https:\/\/ceilings-lighting.com\/","name":"Ceilings & Lighting","description":"Above expectations","publisher":{"@id":"https:\/\/ceilings-lighting.com\/#organization"},"potentialAction":[{"@type":"SearchAction","target":{"@type":"EntryPoint","urlTemplate":"https:\/\/ceilings-lighting.com\/?s={search_term_string}"},"query-input":{"@type":"PropertyValueSpecification","valueRequired":true,"valueName":"search_term_string"}}],"inLanguage":"es"},{"@type":"Organization","@id":"https:\/\/ceilings-lighting.com\/#organization","name":"Ceilings & Lighting","url":"https:\/\/ceilings-lighting.com\/","logo":{"@type":"ImageObject","inLanguage":"es","@id":"https:\/\/ceilings-lighting.com\/#\/schema\/logo\/image\/","url":"https:\/\/ceilings-lighting.com\/wp-content\/uploads\/2016\/10\/logo-on-blue.png","contentUrl":"https:\/\/ceilings-lighting.com\/wp-content\/uploads\/2016\/10\/logo-on-blue.png","width":155,"height":100,"caption":"Ceilings & Lighting"},"image":{"@id":"https:\/\/ceilings-lighting.com\/#\/schema\/logo\/image\/"}}]}},"_links":{"self":[{"href":"https:\/\/ceilings-lighting.com\/es\/wp-json\/wp\/v2\/pages\/128","targetHints":{"allow":["GET"]}}],"collection":[{"href":"https:\/\/ceilings-lighting.com\/es\/wp-json\/wp\/v2\/pages"}],"about":[{"href":"https:\/\/ceilings-lighting.com\/es\/wp-json\/wp\/v2\/types\/page"}],"author":[{"embeddable":true,"href":"https:\/\/ceilings-lighting.com\/es\/wp-json\/wp\/v2\/users\/2"}],"replies":[{"embeddable":true,"href":"https:\/\/ceilings-lighting.com\/es\/wp-json\/wp\/v2\/comments?post=128"}],"version-history":[{"count":12,"href":"https:\/\/ceilings-lighting.com\/es\/wp-json\/wp\/v2\/pages\/128\/revisions"}],"predecessor-version":[{"id":635,"href":"https:\/\/ceilings-lighting.com\/es\/wp-json\/wp\/v2\/pages\/128\/revisions\/635"}],"up":[{"embeddable":true,"href":"https:\/\/ceilings-lighting.com\/es\/wp-json\/wp\/v2\/pages\/15"}],"wp:attachment":[{"href":"https:\/\/ceilings-lighting.com\/es\/wp-json\/wp\/v2\/media?parent=128"}],"curies":[{"name":"wp","href":"https:\/\/api.w.org\/{rel}","templated":true}]}}