{"id":245,"date":"2017-03-27T10:44:15","date_gmt":"2017-03-27T10:44:15","guid":{"rendered":"http:\/\/ceilings-lighting.com\/?page_id=245"},"modified":"2021-01-22T09:18:18","modified_gmt":"2021-01-22T09:18:18","slug":"advice","status":"publish","type":"page","link":"https:\/\/ceilings-lighting.com\/es\/what-we-do\/advice\/","title":{"rendered":"Asesoramiento"},"content":{"rendered":"<p><\/p>\n<h2>Asesoramiento<\/h2>\n<h4>Recibe asesoramiento sobre techos<\/h4>\n<p>En Ceilings and Lighting estaremos siempre a tu disposici\u00f3n para compartir nuestros conocimientos y nuestra experiencia como l\u00edderes del mercado. Ofrecemos asesoramiento y ayuda en el dise\u00f1o de techos en todo lo referente a tipos de materiales, acabados, colores y m\u00e9todos de producci\u00f3n m\u00e1s adecuados al proyecto concreto de cada cliente. Con tantas opciones disponibles, Ceilings and Lighting contribuye a la planificaci\u00f3n de sus clientes y ejecuta su visi\u00f3n creativa con precisi\u00f3n y eficiencia. Nuestros dise\u00f1os de falsos techos de rejilla son vers\u00e1tiles y se pueden instalar en espacios de diferentes dimensiones y estilos.<\/p>\n<p>Tambi\u00e9n ofrecemos la posibilidad de elaborar maquetas y muestras de nuestros sistemas de falsos techos de rejilla bajo solicitud previa. Esto permite al cliente ver una representaci\u00f3n tangible del aspecto final que tendr\u00e1 el producto. El equipo de Ceilings and Lighting se toma la satisfacci\u00f3n de sus clientes muy en serio y le proporcionar\u00e1 apoyo en todos los pasos del proceso, para ofrecer el mejor servicio y unos resultados impresionantes.<\/p>\n<p>Ceilings and Lighting dispone del certificado CE, en cumplimiento con el protocolo de la UE, para garantizar las mejores pr\u00e1cticas empresariales y m\u00e9todos de producci\u00f3n posibles. Este certificado demuestra la dedicaci\u00f3n de nuestra empresa a la creaci\u00f3n de sistemas de techos efectivos y seguros. Si tiene alguna duda o necesita asesoramiento, por favor, contacte con el representante comercial de Ceilings and Lighting para su pa\u00eds.<\/p>\n<p><\/p>","protected":false},"excerpt":{"rendered":"<p>Asesoramiento Recibe asesoramiento sobre techos En Ceilings and Lighting estaremos siempre a tu disposici\u00f3n para compartir nuestros conocimientos y nuestra experiencia como l\u00edderes del mercado. Ofrecemos asesoramiento y ayuda en el dise\u00f1o de techos en todo lo referente a tipos de materiales, acabados, colores y m\u00e9todos de producci\u00f3n m\u00e1s adecuados al proyecto concreto de cada [&hellip;]<\/p>\n","protected":false},"author":2,"featured_media":0,"parent":11,"menu_order":1,"comment_status":"closed","ping_status":"closed","template":"","meta":{"footnotes":""},"class_list":["post-245","page","type-page","status-publish","hentry"],"yoast_head":"<!-- This site is optimized with the Yoast SEO plugin v24.5 - https:\/\/yoast.com\/wordpress\/plugins\/seo\/ -->\n<title>Asesoramiento - Ceilings and Lighting<\/title>\n<meta name=\"robots\" content=\"index, follow, max-snippet:-1, max-image-preview:large, max-video-preview:-1\" \/>\n<link rel=\"canonical\" href=\"https:\/\/ceilings-lighting.com\/what-we-do\/advice\/\" \/>\n<meta property=\"og:locale\" content=\"es_ES\" \/>\n<meta property=\"og:type\" content=\"article\" \/>\n<meta property=\"og:title\" content=\"Asesoramiento - Ceilings and Lighting\" \/>\n<meta property=\"og:description\" content=\"Asesoramiento Recibe asesoramiento sobre techos En Ceilings and Lighting estaremos siempre a tu disposici\u00f3n para compartir nuestros conocimientos y nuestra experiencia como l\u00edderes del mercado. Ofrecemos asesoramiento y ayuda en el dise\u00f1o de techos en todo lo referente a tipos de materiales, acabados, colores y m\u00e9todos de producci\u00f3n m\u00e1s adecuados al proyecto concreto de cada [&hellip;]\" \/>\n<meta property=\"og:url\" content=\"https:\/\/ceilings-lighting.com\/what-we-do\/advice\/\" \/>\n<meta property=\"og:site_name\" content=\"Ceilings and Lighting\" \/>\n<meta property=\"article:modified_time\" content=\"2021-01-22T09:18:18+00:00\" \/>\n<meta name=\"twitter:card\" content=\"summary_large_image\" \/>\n<meta name=\"twitter:label1\" content=\"Tiempo de lectura\" \/>\n\t<meta name=\"twitter:data1\" content=\"6 minutos\" \/>\n<script type=\"application\/ld+json\" class=\"yoast-schema-graph\">{\"@context\":\"https:\/\/schema.org\",\"@graph\":[{\"@type\":\"WebPage\",\"@id\":\"https:\/\/ceilings-lighting.com\/what-we-do\/advice\/\",\"url\":\"https:\/\/ceilings-lighting.com\/what-we-do\/advice\/\",\"name\":\"Asesoramiento - Ceilings and Lighting\",\"isPartOf\":{\"@id\":\"https:\/\/ceilings-lighting.com\/#website\"},\"datePublished\":\"2017-03-27T10:44:15+00:00\",\"dateModified\":\"2021-01-22T09:18:18+00:00\",\"breadcrumb\":{\"@id\":\"https:\/\/ceilings-lighting.com\/what-we-do\/advice\/#breadcrumb\"},\"inLanguage\":\"es\",\"potentialAction\":[{\"@type\":\"ReadAction\",\"target\":[\"https:\/\/ceilings-lighting.com\/what-we-do\/advice\/\"]}]},{\"@type\":\"BreadcrumbList\",\"@id\":\"https:\/\/ceilings-lighting.com\/what-we-do\/advice\/#breadcrumb\",\"itemListElement\":[{\"@type\":\"ListItem\",\"position\":1,\"name\":\"Home\",\"item\":\"https:\/\/ceilings-lighting.com\/\"},{\"@type\":\"ListItem\",\"position\":2,\"name\":\"What we do\",\"item\":\"https:\/\/ceilings-lighting.com\/what-we-do\/\"},{\"@type\":\"ListItem\",\"position\":3,\"name\":\"Advice\"}]},{\"@type\":\"WebSite\",\"@id\":\"https:\/\/ceilings-lighting.com\/#website\",\"url\":\"https:\/\/ceilings-lighting.com\/\",\"name\":\"Ceilings & Lighting\",\"description\":\"Above expectations\",\"publisher\":{\"@id\":\"https:\/\/ceilings-lighting.com\/#organization\"},\"potentialAction\":[{\"@type\":\"SearchAction\",\"target\":{\"@type\":\"EntryPoint\",\"urlTemplate\":\"https:\/\/ceilings-lighting.com\/?s={search_term_string}\"},\"query-input\":{\"@type\":\"PropertyValueSpecification\",\"valueRequired\":true,\"valueName\":\"search_term_string\"}}],\"inLanguage\":\"es\"},{\"@type\":\"Organization\",\"@id\":\"https:\/\/ceilings-lighting.com\/#organization\",\"name\":\"Ceilings & Lighting\",\"url\":\"https:\/\/ceilings-lighting.com\/\",\"logo\":{\"@type\":\"ImageObject\",\"inLanguage\":\"es\",\"@id\":\"https:\/\/ceilings-lighting.com\/#\/schema\/logo\/image\/\",\"url\":\"https:\/\/ceilings-lighting.com\/wp-content\/uploads\/2016\/10\/logo-on-blue.png\",\"contentUrl\":\"https:\/\/ceilings-lighting.com\/wp-content\/uploads\/2016\/10\/logo-on-blue.png\",\"width\":155,\"height\":100,\"caption\":\"Ceilings & Lighting\"},\"image\":{\"@id\":\"https:\/\/ceilings-lighting.com\/#\/schema\/logo\/image\/\"}}]}<\/script>\n<!-- \/ Yoast SEO plugin. -->","yoast_head_json":{"title":"Asesoramiento - Ceilings and Lighting","robots":{"index":"index","follow":"follow","max-snippet":"max-snippet:-1","max-image-preview":"max-image-preview:large","max-video-preview":"max-video-preview:-1"},"canonical":"https:\/\/ceilings-lighting.com\/what-we-do\/advice\/","og_locale":"es_ES","og_type":"article","og_title":"Asesoramiento - Ceilings and Lighting","og_description":"Asesoramiento Recibe asesoramiento sobre techos En Ceilings and Lighting estaremos siempre a tu disposici\u00f3n para compartir nuestros conocimientos y nuestra experiencia como l\u00edderes del mercado. Ofrecemos asesoramiento y ayuda en el dise\u00f1o de techos en todo lo referente a tipos de materiales, acabados, colores y m\u00e9todos de producci\u00f3n m\u00e1s adecuados al proyecto concreto de cada [&hellip;]","og_url":"https:\/\/ceilings-lighting.com\/what-we-do\/advice\/","og_site_name":"Ceilings and Lighting","article_modified_time":"2021-01-22T09:18:18+00:00","twitter_card":"summary_large_image","twitter_misc":{"Tiempo de lectura":"6 minutos"},"schema":{"@context":"https:\/\/schema.org","@graph":[{"@type":"WebPage","@id":"https:\/\/ceilings-lighting.com\/what-we-do\/advice\/","url":"https:\/\/ceilings-lighting.com\/what-we-do\/advice\/","name":"Asesoramiento - Ceilings and Lighting","isPartOf":{"@id":"https:\/\/ceilings-lighting.com\/#website"},"datePublished":"2017-03-27T10:44:15+00:00","dateModified":"2021-01-22T09:18:18+00:00","breadcrumb":{"@id":"https:\/\/ceilings-lighting.com\/what-we-do\/advice\/#breadcrumb"},"inLanguage":"es","potentialAction":[{"@type":"ReadAction","target":["https:\/\/ceilings-lighting.com\/what-we-do\/advice\/"]}]},{"@type":"BreadcrumbList","@id":"https:\/\/ceilings-lighting.com\/what-we-do\/advice\/#breadcrumb","itemListElement":[{"@type":"ListItem","position":1,"name":"Home","item":"https:\/\/ceilings-lighting.com\/"},{"@type":"ListItem","position":2,"name":"What we do","item":"https:\/\/ceilings-lighting.com\/what-we-do\/"},{"@type":"ListItem","position":3,"name":"Advice"}]},{"@type":"WebSite","@id":"https:\/\/ceilings-lighting.com\/#website","url":"https:\/\/ceilings-lighting.com\/","name":"Ceilings & Lighting","description":"Above expectations","publisher":{"@id":"https:\/\/ceilings-lighting.com\/#organization"},"potentialAction":[{"@type":"SearchAction","target":{"@type":"EntryPoint","urlTemplate":"https:\/\/ceilings-lighting.com\/?s={search_term_string}"},"query-input":{"@type":"PropertyValueSpecification","valueRequired":true,"valueName":"search_term_string"}}],"inLanguage":"es"},{"@type":"Organization","@id":"https:\/\/ceilings-lighting.com\/#organization","name":"Ceilings & Lighting","url":"https:\/\/ceilings-lighting.com\/","logo":{"@type":"ImageObject","inLanguage":"es","@id":"https:\/\/ceilings-lighting.com\/#\/schema\/logo\/image\/","url":"https:\/\/ceilings-lighting.com\/wp-content\/uploads\/2016\/10\/logo-on-blue.png","contentUrl":"https:\/\/ceilings-lighting.com\/wp-content\/uploads\/2016\/10\/logo-on-blue.png","width":155,"height":100,"caption":"Ceilings & Lighting"},"image":{"@id":"https:\/\/ceilings-lighting.com\/#\/schema\/logo\/image\/"}}]}},"_links":{"self":[{"href":"https:\/\/ceilings-lighting.com\/es\/wp-json\/wp\/v2\/pages\/245","targetHints":{"allow":["GET"]}}],"collection":[{"href":"https:\/\/ceilings-lighting.com\/es\/wp-json\/wp\/v2\/pages"}],"about":[{"href":"https:\/\/ceilings-lighting.com\/es\/wp-json\/wp\/v2\/types\/page"}],"author":[{"embeddable":true,"href":"https:\/\/ceilings-lighting.com\/es\/wp-json\/wp\/v2\/users\/2"}],"replies":[{"embeddable":true,"href":"https:\/\/ceilings-lighting.com\/es\/wp-json\/wp\/v2\/comments?post=245"}],"version-history":[{"count":13,"href":"https:\/\/ceilings-lighting.com\/es\/wp-json\/wp\/v2\/pages\/245\/revisions"}],"predecessor-version":[{"id":869,"href":"https:\/\/ceilings-lighting.com\/es\/wp-json\/wp\/v2\/pages\/245\/revisions\/869"}],"up":[{"embeddable":true,"href":"https:\/\/ceilings-lighting.com\/es\/wp-json\/wp\/v2\/pages\/11"}],"wp:attachment":[{"href":"https:\/\/ceilings-lighting.com\/es\/wp-json\/wp\/v2\/media?parent=245"}],"curies":[{"name":"wp","href":"https:\/\/api.w.org\/{rel}","templated":true}]}}