{"id":9,"date":"2016-09-23T13:22:52","date_gmt":"2016-09-23T13:22:52","guid":{"rendered":"http:\/\/ceilings-lighting.com\/?page_id=9"},"modified":"2017-06-20T08:32:56","modified_gmt":"2017-06-20T08:32:56","slug":"who-we-are","status":"publish","type":"page","link":"https:\/\/ceilings-lighting.com\/es\/who-we-are\/","title":{"rendered":"Qui\u00e9nes somos"},"content":{"rendered":"<p><\/p>\n<h2>Qui\u00e9nes somos<\/h2>\n<h4>Innovadores experimentados<\/h4>\n<p>Fundada en 1998, Ceilings and Lighting dispone de a\u00f1os de experiencia en la innovaci\u00f3n de techos abiertos elegantes y precisos. Nuestra plantilla est\u00e1 entre las mejor preparadas del mundo, con formaci\u00f3n interna y externa para garantizar un servicio del m\u00e1s alto nivel y resultados siempre profesionales.<\/p>\n<h4>Estructuralmente s\u00f3lidos, est\u00e9ticamente impresionantes<\/h4>\n<p>Conservando la m\u00e1xima funcionalidad e integridad art\u00edstica de sus falsos techos de rejilla, ofrecemos precios competitivos y env\u00edo internacional para todos nuestros clientes. En Ceilings and Lighting siempre miramos al futuro. Hemos optimizado unas instalaciones de producci\u00f3n con equipamiento y tecnolog\u00edas profesionales para satisfacer los constantes cambios en las demandas del mercado.<\/p>\n<p>Toda nuestra producci\u00f3n es propia, as\u00ed podemos evitar intermediarios y acortamos los plazos de entrega. Adem\u00e1s, disponemos del certificado CE y ofrecemos la m\u00e1xima transparencia en todas nuestras operaciones. Nos esforzamos constantemente en reducir el impacto de la producci\u00f3n sobre el medio ambiente, tomando todas las precauciones posibles para limitar nuestra huella ecol\u00f3gica.<\/p>\n<h4>Superando las expectativas de nuestros clientes<\/h4>\n<p>En Ceilings and Lighting, creemos en la creaci\u00f3n de dise\u00f1os revolucionarios, por eso nos hemos embarcado en una serie de proyectos de prestigio que suponen un reto para nosotros. As\u00ed seguiremos liderando este sector. Nos diferenciamos de la competencia con proyectos ambiciosos y resultados impresionantes que superan las expectativas de nuestros clientes.<\/p>\n<p><\/p>","protected":false},"excerpt":{"rendered":"<p>Qui\u00e9nes somos Innovadores experimentados Fundada en 1998, Ceilings and Lighting dispone de a\u00f1os de experiencia en la innovaci\u00f3n de techos abiertos elegantes y precisos. Nuestra plantilla est\u00e1 entre las mejor preparadas del mundo, con formaci\u00f3n interna y externa para garantizar un servicio del m\u00e1s alto nivel y resultados siempre profesionales. Estructuralmente s\u00f3lidos, est\u00e9ticamente impresionantes Conservando [&hellip;]<\/p>\n","protected":false},"author":2,"featured_media":0,"parent":0,"menu_order":2,"comment_status":"closed","ping_status":"closed","template":"","meta":{"footnotes":""},"class_list":["post-9","page","type-page","status-publish","hentry"],"yoast_head":"<!-- This site is optimized with the Yoast SEO plugin v24.5 - https:\/\/yoast.com\/wordpress\/plugins\/seo\/ -->\n<title>Qui\u00e9nes somos - Ceilings and Lighting<\/title>\n<meta name=\"robots\" content=\"index, follow, max-snippet:-1, max-image-preview:large, max-video-preview:-1\" \/>\n<link rel=\"canonical\" href=\"https:\/\/ceilings-lighting.com\/who-we-are\/\" \/>\n<meta property=\"og:locale\" content=\"es_ES\" \/>\n<meta property=\"og:type\" content=\"article\" \/>\n<meta property=\"og:title\" content=\"Qui\u00e9nes somos - Ceilings and Lighting\" \/>\n<meta property=\"og:description\" content=\"Qui\u00e9nes somos Innovadores experimentados Fundada en 1998, Ceilings and Lighting dispone de a\u00f1os de experiencia en la innovaci\u00f3n de techos abiertos elegantes y precisos. Nuestra plantilla est\u00e1 entre las mejor preparadas del mundo, con formaci\u00f3n interna y externa para garantizar un servicio del m\u00e1s alto nivel y resultados siempre profesionales. Estructuralmente s\u00f3lidos, est\u00e9ticamente impresionantes Conservando [&hellip;]\" \/>\n<meta property=\"og:url\" content=\"https:\/\/ceilings-lighting.com\/who-we-are\/\" \/>\n<meta property=\"og:site_name\" content=\"Ceilings and Lighting\" \/>\n<meta property=\"article:modified_time\" content=\"2017-06-20T08:32:56+00:00\" \/>\n<meta name=\"twitter:card\" content=\"summary_large_image\" \/>\n<meta name=\"twitter:label1\" content=\"Tiempo de lectura\" \/>\n\t<meta name=\"twitter:data1\" content=\"6 minutos\" \/>\n<script type=\"application\/ld+json\" class=\"yoast-schema-graph\">{\"@context\":\"https:\/\/schema.org\",\"@graph\":[{\"@type\":\"WebPage\",\"@id\":\"https:\/\/ceilings-lighting.com\/who-we-are\/\",\"url\":\"https:\/\/ceilings-lighting.com\/who-we-are\/\",\"name\":\"Qui\u00e9nes somos - Ceilings and Lighting\",\"isPartOf\":{\"@id\":\"https:\/\/ceilings-lighting.com\/#website\"},\"datePublished\":\"2016-09-23T13:22:52+00:00\",\"dateModified\":\"2017-06-20T08:32:56+00:00\",\"breadcrumb\":{\"@id\":\"https:\/\/ceilings-lighting.com\/who-we-are\/#breadcrumb\"},\"inLanguage\":\"es\",\"potentialAction\":[{\"@type\":\"ReadAction\",\"target\":[\"https:\/\/ceilings-lighting.com\/who-we-are\/\"]}]},{\"@type\":\"BreadcrumbList\",\"@id\":\"https:\/\/ceilings-lighting.com\/who-we-are\/#breadcrumb\",\"itemListElement\":[{\"@type\":\"ListItem\",\"position\":1,\"name\":\"Home\",\"item\":\"https:\/\/ceilings-lighting.com\/\"},{\"@type\":\"ListItem\",\"position\":2,\"name\":\"Who we are\"}]},{\"@type\":\"WebSite\",\"@id\":\"https:\/\/ceilings-lighting.com\/#website\",\"url\":\"https:\/\/ceilings-lighting.com\/\",\"name\":\"Ceilings & Lighting\",\"description\":\"Above expectations\",\"publisher\":{\"@id\":\"https:\/\/ceilings-lighting.com\/#organization\"},\"potentialAction\":[{\"@type\":\"SearchAction\",\"target\":{\"@type\":\"EntryPoint\",\"urlTemplate\":\"https:\/\/ceilings-lighting.com\/?s={search_term_string}\"},\"query-input\":{\"@type\":\"PropertyValueSpecification\",\"valueRequired\":true,\"valueName\":\"search_term_string\"}}],\"inLanguage\":\"es\"},{\"@type\":\"Organization\",\"@id\":\"https:\/\/ceilings-lighting.com\/#organization\",\"name\":\"Ceilings & Lighting\",\"url\":\"https:\/\/ceilings-lighting.com\/\",\"logo\":{\"@type\":\"ImageObject\",\"inLanguage\":\"es\",\"@id\":\"https:\/\/ceilings-lighting.com\/#\/schema\/logo\/image\/\",\"url\":\"https:\/\/ceilings-lighting.com\/wp-content\/uploads\/2016\/10\/logo-on-blue.png\",\"contentUrl\":\"https:\/\/ceilings-lighting.com\/wp-content\/uploads\/2016\/10\/logo-on-blue.png\",\"width\":155,\"height\":100,\"caption\":\"Ceilings & Lighting\"},\"image\":{\"@id\":\"https:\/\/ceilings-lighting.com\/#\/schema\/logo\/image\/\"}}]}<\/script>\n<!-- \/ Yoast SEO plugin. -->","yoast_head_json":{"title":"Qui\u00e9nes somos - Ceilings and Lighting","robots":{"index":"index","follow":"follow","max-snippet":"max-snippet:-1","max-image-preview":"max-image-preview:large","max-video-preview":"max-video-preview:-1"},"canonical":"https:\/\/ceilings-lighting.com\/who-we-are\/","og_locale":"es_ES","og_type":"article","og_title":"Qui\u00e9nes somos - Ceilings and Lighting","og_description":"Qui\u00e9nes somos Innovadores experimentados Fundada en 1998, Ceilings and Lighting dispone de a\u00f1os de experiencia en la innovaci\u00f3n de techos abiertos elegantes y precisos. Nuestra plantilla est\u00e1 entre las mejor preparadas del mundo, con formaci\u00f3n interna y externa para garantizar un servicio del m\u00e1s alto nivel y resultados siempre profesionales. Estructuralmente s\u00f3lidos, est\u00e9ticamente impresionantes Conservando [&hellip;]","og_url":"https:\/\/ceilings-lighting.com\/who-we-are\/","og_site_name":"Ceilings and Lighting","article_modified_time":"2017-06-20T08:32:56+00:00","twitter_card":"summary_large_image","twitter_misc":{"Tiempo de lectura":"6 minutos"},"schema":{"@context":"https:\/\/schema.org","@graph":[{"@type":"WebPage","@id":"https:\/\/ceilings-lighting.com\/who-we-are\/","url":"https:\/\/ceilings-lighting.com\/who-we-are\/","name":"Qui\u00e9nes somos - Ceilings and Lighting","isPartOf":{"@id":"https:\/\/ceilings-lighting.com\/#website"},"datePublished":"2016-09-23T13:22:52+00:00","dateModified":"2017-06-20T08:32:56+00:00","breadcrumb":{"@id":"https:\/\/ceilings-lighting.com\/who-we-are\/#breadcrumb"},"inLanguage":"es","potentialAction":[{"@type":"ReadAction","target":["https:\/\/ceilings-lighting.com\/who-we-are\/"]}]},{"@type":"BreadcrumbList","@id":"https:\/\/ceilings-lighting.com\/who-we-are\/#breadcrumb","itemListElement":[{"@type":"ListItem","position":1,"name":"Home","item":"https:\/\/ceilings-lighting.com\/"},{"@type":"ListItem","position":2,"name":"Who we are"}]},{"@type":"WebSite","@id":"https:\/\/ceilings-lighting.com\/#website","url":"https:\/\/ceilings-lighting.com\/","name":"Ceilings & Lighting","description":"Above expectations","publisher":{"@id":"https:\/\/ceilings-lighting.com\/#organization"},"potentialAction":[{"@type":"SearchAction","target":{"@type":"EntryPoint","urlTemplate":"https:\/\/ceilings-lighting.com\/?s={search_term_string}"},"query-input":{"@type":"PropertyValueSpecification","valueRequired":true,"valueName":"search_term_string"}}],"inLanguage":"es"},{"@type":"Organization","@id":"https:\/\/ceilings-lighting.com\/#organization","name":"Ceilings & Lighting","url":"https:\/\/ceilings-lighting.com\/","logo":{"@type":"ImageObject","inLanguage":"es","@id":"https:\/\/ceilings-lighting.com\/#\/schema\/logo\/image\/","url":"https:\/\/ceilings-lighting.com\/wp-content\/uploads\/2016\/10\/logo-on-blue.png","contentUrl":"https:\/\/ceilings-lighting.com\/wp-content\/uploads\/2016\/10\/logo-on-blue.png","width":155,"height":100,"caption":"Ceilings & Lighting"},"image":{"@id":"https:\/\/ceilings-lighting.com\/#\/schema\/logo\/image\/"}}]}},"_links":{"self":[{"href":"https:\/\/ceilings-lighting.com\/es\/wp-json\/wp\/v2\/pages\/9","targetHints":{"allow":["GET"]}}],"collection":[{"href":"https:\/\/ceilings-lighting.com\/es\/wp-json\/wp\/v2\/pages"}],"about":[{"href":"https:\/\/ceilings-lighting.com\/es\/wp-json\/wp\/v2\/types\/page"}],"author":[{"embeddable":true,"href":"https:\/\/ceilings-lighting.com\/es\/wp-json\/wp\/v2\/users\/2"}],"replies":[{"embeddable":true,"href":"https:\/\/ceilings-lighting.com\/es\/wp-json\/wp\/v2\/comments?post=9"}],"version-history":[{"count":16,"href":"https:\/\/ceilings-lighting.com\/es\/wp-json\/wp\/v2\/pages\/9\/revisions"}],"predecessor-version":[{"id":516,"href":"https:\/\/ceilings-lighting.com\/es\/wp-json\/wp\/v2\/pages\/9\/revisions\/516"}],"wp:attachment":[{"href":"https:\/\/ceilings-lighting.com\/es\/wp-json\/wp\/v2\/media?parent=9"}],"curies":[{"name":"wp","href":"https:\/\/api.w.org\/{rel}","templated":true}]}}