{"id":11,"date":"2016-09-23T13:23:07","date_gmt":"2016-09-23T13:23:07","guid":{"rendered":"http:\/\/ceilings-lighting.com\/?page_id=11"},"modified":"2021-01-22T09:16:02","modified_gmt":"2021-01-22T09:16:02","slug":"what-we-do","status":"publish","type":"page","link":"https:\/\/ceilings-lighting.com\/fr\/what-we-do\/","title":{"rendered":"Que faisons-nous"},"content":{"rendered":"<p><\/p>\n<h2>Que faisons-nous<\/h2>\n<h4>Plafonds \u00e0 cellules ouvertes<\/h4>\n<p>Les plafonds \u00e0 cellules ouvertes comptent parmi les designs les plus populaires pour les habitations comme pour les entreprises. Ces syst\u00e8mes polyvalents offrent une personnalisation maximum des lignes, formes, couleurs et finitions d\u2019une vari\u00e9t\u00e9 de styles de cellules ouvertes.<\/p>\n<p>Ceilings and Lighting a d\u00e9velopp\u00e9 des designs de pointe pour s\u2019adapter \u00e0 un large \u00e9ventail d\u2019espaces et remplir diverses fonctions structurelles et esth\u00e9tiques. Les plafonds \u00e0 cellules ouvertes sont la mani\u00e8re parfaite d\u2019ajouter de la profondeur et de la dimension \u00e0 une pi\u00e8ce, pour la faire appara\u00eetre plus large, plus longue ou plus haute.<\/p>\n<p>Les plafonds \u00e0 cellules ouvertes sont une solution id\u00e9ale pour les clients cherchant \u00e0 jouer un r\u00f4le architectural. L\u2019incroyable adaptabilit\u00e9 des fonctions des cellules ouvertes permet au client d\u2019arranger des syst\u00e8mes d\u2019\u00e9clairage uniques et des formes dynamiques pour leurs plafonds. Les options incluent des lignes et des faces de diff\u00e9rentes \u00e9paisseurs, hauteurs et profondeurs.<\/p>\n<p><\/p>","protected":false},"excerpt":{"rendered":"<p>Que faisons-nous Plafonds \u00e0 cellules ouvertes Les plafonds \u00e0 cellules ouvertes comptent parmi les designs les plus populaires pour les habitations comme pour les entreprises. Ces syst\u00e8mes polyvalents offrent une personnalisation maximum des lignes, formes, couleurs et finitions d\u2019une vari\u00e9t\u00e9 de styles de cellules ouvertes. Ceilings and Lighting a d\u00e9velopp\u00e9 des designs de pointe pour [&hellip;]<\/p>\n","protected":false},"author":2,"featured_media":0,"parent":0,"menu_order":3,"comment_status":"closed","ping_status":"closed","template":"","meta":{"footnotes":""},"class_list":["post-11","page","type-page","status-publish","hentry"],"yoast_head":"<!-- This site is optimized with the Yoast SEO plugin v24.5 - https:\/\/yoast.com\/wordpress\/plugins\/seo\/ -->\n<title>Que faisons-nous - Ceilings and Lighting<\/title>\n<meta name=\"robots\" content=\"index, follow, max-snippet:-1, max-image-preview:large, max-video-preview:-1\" \/>\n<link rel=\"canonical\" href=\"https:\/\/ceilings-lighting.com\/what-we-do\/\" \/>\n<meta property=\"og:locale\" content=\"fr_FR\" \/>\n<meta property=\"og:type\" content=\"article\" \/>\n<meta property=\"og:title\" content=\"Que faisons-nous - Ceilings and Lighting\" \/>\n<meta property=\"og:description\" content=\"Que faisons-nous Plafonds \u00e0 cellules ouvertes Les plafonds \u00e0 cellules ouvertes comptent parmi les designs les plus populaires pour les habitations comme pour les entreprises. Ces syst\u00e8mes polyvalents offrent une personnalisation maximum des lignes, formes, couleurs et finitions d\u2019une vari\u00e9t\u00e9 de styles de cellules ouvertes. Ceilings and Lighting a d\u00e9velopp\u00e9 des designs de pointe pour [&hellip;]\" \/>\n<meta property=\"og:url\" content=\"https:\/\/ceilings-lighting.com\/what-we-do\/\" \/>\n<meta property=\"og:site_name\" content=\"Ceilings and Lighting\" \/>\n<meta property=\"article:modified_time\" content=\"2021-01-22T09:16:02+00:00\" \/>\n<meta name=\"twitter:card\" content=\"summary_large_image\" \/>\n<meta name=\"twitter:label1\" content=\"Dur\u00e9e de lecture estim\u00e9e\" \/>\n\t<meta name=\"twitter:data1\" content=\"4 minutes\" \/>\n<script type=\"application\/ld+json\" class=\"yoast-schema-graph\">{\"@context\":\"https:\/\/schema.org\",\"@graph\":[{\"@type\":\"WebPage\",\"@id\":\"https:\/\/ceilings-lighting.com\/what-we-do\/\",\"url\":\"https:\/\/ceilings-lighting.com\/what-we-do\/\",\"name\":\"Que faisons-nous - Ceilings and Lighting\",\"isPartOf\":{\"@id\":\"https:\/\/ceilings-lighting.com\/#website\"},\"datePublished\":\"2016-09-23T13:23:07+00:00\",\"dateModified\":\"2021-01-22T09:16:02+00:00\",\"breadcrumb\":{\"@id\":\"https:\/\/ceilings-lighting.com\/what-we-do\/#breadcrumb\"},\"inLanguage\":\"fr-FR\",\"potentialAction\":[{\"@type\":\"ReadAction\",\"target\":[\"https:\/\/ceilings-lighting.com\/what-we-do\/\"]}]},{\"@type\":\"BreadcrumbList\",\"@id\":\"https:\/\/ceilings-lighting.com\/what-we-do\/#breadcrumb\",\"itemListElement\":[{\"@type\":\"ListItem\",\"position\":1,\"name\":\"Home\",\"item\":\"https:\/\/ceilings-lighting.com\/\"},{\"@type\":\"ListItem\",\"position\":2,\"name\":\"What we do\"}]},{\"@type\":\"WebSite\",\"@id\":\"https:\/\/ceilings-lighting.com\/#website\",\"url\":\"https:\/\/ceilings-lighting.com\/\",\"name\":\"Ceilings & Lighting\",\"description\":\"Above expectations\",\"publisher\":{\"@id\":\"https:\/\/ceilings-lighting.com\/#organization\"},\"potentialAction\":[{\"@type\":\"SearchAction\",\"target\":{\"@type\":\"EntryPoint\",\"urlTemplate\":\"https:\/\/ceilings-lighting.com\/?s={search_term_string}\"},\"query-input\":{\"@type\":\"PropertyValueSpecification\",\"valueRequired\":true,\"valueName\":\"search_term_string\"}}],\"inLanguage\":\"fr-FR\"},{\"@type\":\"Organization\",\"@id\":\"https:\/\/ceilings-lighting.com\/#organization\",\"name\":\"Ceilings & Lighting\",\"url\":\"https:\/\/ceilings-lighting.com\/\",\"logo\":{\"@type\":\"ImageObject\",\"inLanguage\":\"fr-FR\",\"@id\":\"https:\/\/ceilings-lighting.com\/#\/schema\/logo\/image\/\",\"url\":\"https:\/\/ceilings-lighting.com\/wp-content\/uploads\/2016\/10\/logo-on-blue.png\",\"contentUrl\":\"https:\/\/ceilings-lighting.com\/wp-content\/uploads\/2016\/10\/logo-on-blue.png\",\"width\":155,\"height\":100,\"caption\":\"Ceilings & Lighting\"},\"image\":{\"@id\":\"https:\/\/ceilings-lighting.com\/#\/schema\/logo\/image\/\"}}]}<\/script>\n<!-- \/ Yoast SEO plugin. -->","yoast_head_json":{"title":"Que faisons-nous - Ceilings and Lighting","robots":{"index":"index","follow":"follow","max-snippet":"max-snippet:-1","max-image-preview":"max-image-preview:large","max-video-preview":"max-video-preview:-1"},"canonical":"https:\/\/ceilings-lighting.com\/what-we-do\/","og_locale":"fr_FR","og_type":"article","og_title":"Que faisons-nous - Ceilings and Lighting","og_description":"Que faisons-nous Plafonds \u00e0 cellules ouvertes Les plafonds \u00e0 cellules ouvertes comptent parmi les designs les plus populaires pour les habitations comme pour les entreprises. Ces syst\u00e8mes polyvalents offrent une personnalisation maximum des lignes, formes, couleurs et finitions d\u2019une vari\u00e9t\u00e9 de styles de cellules ouvertes. Ceilings and Lighting a d\u00e9velopp\u00e9 des designs de pointe pour [&hellip;]","og_url":"https:\/\/ceilings-lighting.com\/what-we-do\/","og_site_name":"Ceilings and Lighting","article_modified_time":"2021-01-22T09:16:02+00:00","twitter_card":"summary_large_image","twitter_misc":{"Dur\u00e9e de lecture estim\u00e9e":"4 minutes"},"schema":{"@context":"https:\/\/schema.org","@graph":[{"@type":"WebPage","@id":"https:\/\/ceilings-lighting.com\/what-we-do\/","url":"https:\/\/ceilings-lighting.com\/what-we-do\/","name":"Que faisons-nous - Ceilings and Lighting","isPartOf":{"@id":"https:\/\/ceilings-lighting.com\/#website"},"datePublished":"2016-09-23T13:23:07+00:00","dateModified":"2021-01-22T09:16:02+00:00","breadcrumb":{"@id":"https:\/\/ceilings-lighting.com\/what-we-do\/#breadcrumb"},"inLanguage":"fr-FR","potentialAction":[{"@type":"ReadAction","target":["https:\/\/ceilings-lighting.com\/what-we-do\/"]}]},{"@type":"BreadcrumbList","@id":"https:\/\/ceilings-lighting.com\/what-we-do\/#breadcrumb","itemListElement":[{"@type":"ListItem","position":1,"name":"Home","item":"https:\/\/ceilings-lighting.com\/"},{"@type":"ListItem","position":2,"name":"What we do"}]},{"@type":"WebSite","@id":"https:\/\/ceilings-lighting.com\/#website","url":"https:\/\/ceilings-lighting.com\/","name":"Ceilings & Lighting","description":"Above expectations","publisher":{"@id":"https:\/\/ceilings-lighting.com\/#organization"},"potentialAction":[{"@type":"SearchAction","target":{"@type":"EntryPoint","urlTemplate":"https:\/\/ceilings-lighting.com\/?s={search_term_string}"},"query-input":{"@type":"PropertyValueSpecification","valueRequired":true,"valueName":"search_term_string"}}],"inLanguage":"fr-FR"},{"@type":"Organization","@id":"https:\/\/ceilings-lighting.com\/#organization","name":"Ceilings & Lighting","url":"https:\/\/ceilings-lighting.com\/","logo":{"@type":"ImageObject","inLanguage":"fr-FR","@id":"https:\/\/ceilings-lighting.com\/#\/schema\/logo\/image\/","url":"https:\/\/ceilings-lighting.com\/wp-content\/uploads\/2016\/10\/logo-on-blue.png","contentUrl":"https:\/\/ceilings-lighting.com\/wp-content\/uploads\/2016\/10\/logo-on-blue.png","width":155,"height":100,"caption":"Ceilings & Lighting"},"image":{"@id":"https:\/\/ceilings-lighting.com\/#\/schema\/logo\/image\/"}}]}},"_links":{"self":[{"href":"https:\/\/ceilings-lighting.com\/fr\/wp-json\/wp\/v2\/pages\/11","targetHints":{"allow":["GET"]}}],"collection":[{"href":"https:\/\/ceilings-lighting.com\/fr\/wp-json\/wp\/v2\/pages"}],"about":[{"href":"https:\/\/ceilings-lighting.com\/fr\/wp-json\/wp\/v2\/types\/page"}],"author":[{"embeddable":true,"href":"https:\/\/ceilings-lighting.com\/fr\/wp-json\/wp\/v2\/users\/2"}],"replies":[{"embeddable":true,"href":"https:\/\/ceilings-lighting.com\/fr\/wp-json\/wp\/v2\/comments?post=11"}],"version-history":[{"count":14,"href":"https:\/\/ceilings-lighting.com\/fr\/wp-json\/wp\/v2\/pages\/11\/revisions"}],"predecessor-version":[{"id":827,"href":"https:\/\/ceilings-lighting.com\/fr\/wp-json\/wp\/v2\/pages\/11\/revisions\/827"}],"wp:attachment":[{"href":"https:\/\/ceilings-lighting.com\/fr\/wp-json\/wp\/v2\/media?parent=11"}],"curies":[{"name":"wp","href":"https:\/\/api.w.org\/{rel}","templated":true}]}}