{"id":177,"date":"2017-03-07T12:05:37","date_gmt":"2017-03-07T12:05:37","guid":{"rendered":"http:\/\/ceilings-lighting.com\/?page_id=177"},"modified":"2020-03-25T07:59:57","modified_gmt":"2020-03-25T07:59:57","slug":"baffles","status":"publish","type":"page","link":"https:\/\/ceilings-lighting.com\/fr\/systems\/baffles\/","title":{"rendered":"Baffles"},"content":{"rendered":"<p><\/p>\n<h1>Baffles<\/h1>\n<p>Baffles offre une solution unique pour des espaces banaux avec des designs attractifs mais fonctionnels qui font ressortir les meilleurs c\u00f4t\u00e9s de la pi\u00e8ce. Acoustiquement optimis\u00e9 et clips\u00e9 sur un canal de suspension, Baffles par Ceilings and Lighting peut \u00e9galement \u00eatre mis en place avec des \u00e9l\u00e9ments absorbant le son. Existant dans des designs normaux et perfor\u00e9s pour s\u2019adapter aux perspectives stylistiques d\u2019un large \u00e9ventail d\u2019espaces et de clients, les plafonds Baffles cr\u00e9ent une atmosph\u00e8re moderne et architecturale pouvant \u00eatre ajust\u00e9e pour r\u00e9pondre \u00e0 tous vos souhaits. Baffles est disponible en argent\u00e9 et en blanc, peut \u00eatre individuellement retir\u00e9 et m\u00eame garni de coussins acoustiques noirs pour absorber le son.<\/p>\n<hr>\n<p><div class=\"uk-scope\">\n\n    <div id=\"wk-grida05\" class=\"uk-child-width-1-2 uk-grid-medium \"  uk-grid=\"masonry: next\"  uk-lightbox=\"container: .uk-gallery-container; toggle: a[data-js-lightbox]\">\n\n            \n        <div>\n        \n<div class=\"uk-panel\">\n\n    \n        <div class=\"uk-inline-clip uk-transition-toggle \">\n\n            <img loading=\"lazy\" decoding=\"async\" src=\"\/wp-content\/uploads\/2017\/03\/Baffles-Portrait3.jpg\" class=\"uk-transition-scale-up uk-transition-opaque\" width=\"683\" height=\"1024\">\n            \n                        <div class=\"uk-overlay uk-overlay-primary uk-position-cover uk-transition-fade\"><\/div>\n            \n                            <div class=\"uk-position-center uk-light\">\n                    <span class=\"uk-transition-fade\" uk-overlay-icon><\/span>\n                <\/div>\n            \n                                                                        <a class=\"uk-position-cover\" data-js-lightbox href=\"\/wp-content\/uploads\/2017\/03\/Baffles-Portrait3.jpg\" data-type=\"image\" ><\/a>\n                                                \n        <\/div>\n\n    \n    \n        \n        \n    \n    \n<\/div>\n        <\/div>\n\n                    \n        <div>\n        \n<div class=\"uk-panel\">\n\n    \n        <div class=\"uk-inline-clip uk-transition-toggle \">\n\n            <img loading=\"lazy\" decoding=\"async\" src=\"\/wp-content\/uploads\/2017\/03\/Baffles-Portrait.jpg\" class=\"uk-transition-scale-up uk-transition-opaque\" width=\"683\" height=\"1024\">\n            \n                        <div class=\"uk-overlay uk-overlay-primary uk-position-cover uk-transition-fade\"><\/div>\n            \n                            <div class=\"uk-position-center uk-light\">\n                    <span class=\"uk-transition-fade\" uk-overlay-icon><\/span>\n                <\/div>\n            \n                                                                        <a class=\"uk-position-cover\" data-js-lightbox href=\"\/wp-content\/uploads\/2017\/03\/Baffles-Portrait.jpg\" data-type=\"image\" ><\/a>\n                                                \n        <\/div>\n\n    \n    \n        \n        \n    \n    \n<\/div>\n        <\/div>\n\n                    \n        <div>\n        \n<div class=\"uk-panel\">\n\n    \n        <div class=\"uk-inline-clip uk-transition-toggle \">\n\n            <img loading=\"lazy\" decoding=\"async\" src=\"\/wp-content\/uploads\/2017\/03\/Baffles-Portrait2.jpg\" class=\"uk-transition-scale-up uk-transition-opaque\" width=\"683\" height=\"1024\">\n            \n                        <div class=\"uk-overlay uk-overlay-primary uk-position-cover uk-transition-fade\"><\/div>\n            \n                            <div class=\"uk-position-center uk-light\">\n                    <span class=\"uk-transition-fade\" uk-overlay-icon><\/span>\n                <\/div>\n            \n                                                                        <a class=\"uk-position-cover\" data-js-lightbox href=\"\/wp-content\/uploads\/2017\/03\/Baffles-Portrait2.jpg\" data-type=\"image\" ><\/a>\n                                                \n        <\/div>\n\n    \n    \n        \n        \n    \n    \n<\/div>\n        <\/div>\n\n                    \n        <div>\n        \n<div class=\"uk-panel\">\n\n    \n        <div class=\"uk-inline-clip uk-transition-toggle \">\n\n            <img loading=\"lazy\" decoding=\"async\" src=\"\/wp-content\/uploads\/2017\/03\/Baffles-Portrait4.jpg\" class=\"uk-transition-scale-up uk-transition-opaque\" width=\"683\" height=\"1024\">\n            \n                        <div class=\"uk-overlay uk-overlay-primary uk-position-cover uk-transition-fade\"><\/div>\n            \n                            <div class=\"uk-position-center uk-light\">\n                    <span class=\"uk-transition-fade\" uk-overlay-icon><\/span>\n                <\/div>\n            \n                                                                        <a class=\"uk-position-cover\" data-js-lightbox href=\"\/wp-content\/uploads\/2017\/03\/Baffles-Portrait4.jpg\" data-type=\"image\" ><\/a>\n                                                \n        <\/div>\n\n    \n    \n        \n        \n    \n    \n<\/div>\n        <\/div>\n\n                    \n        <div>\n        \n<div class=\"uk-panel\">\n\n    \n        <div class=\"uk-inline-clip uk-transition-toggle \">\n\n            <img loading=\"lazy\" decoding=\"async\" src=\"\/wp-content\/uploads\/2017\/03\/Baffles-Landscape2.jpg\" class=\"uk-transition-scale-up uk-transition-opaque\" width=\"1024\" height=\"683\">\n            \n                        <div class=\"uk-overlay uk-overlay-primary uk-position-cover uk-transition-fade\"><\/div>\n            \n                            <div class=\"uk-position-center uk-light\">\n                    <span class=\"uk-transition-fade\" uk-overlay-icon><\/span>\n                <\/div>\n            \n                                                                        <a class=\"uk-position-cover\" data-js-lightbox href=\"\/wp-content\/uploads\/2017\/03\/Baffles-Landscape2.jpg\" data-type=\"image\" ><\/a>\n                                                \n        <\/div>\n\n    \n    \n        \n        \n    \n    \n<\/div>\n        <\/div>\n\n                    \n        <div>\n        \n<div class=\"uk-panel\">\n\n    \n        <div class=\"uk-inline-clip uk-transition-toggle \">\n\n            <img loading=\"lazy\" decoding=\"async\" src=\"\/wp-content\/uploads\/2017\/03\/Baffles-Landscape4.jpg\" class=\"uk-transition-scale-up uk-transition-opaque\" width=\"1024\" height=\"683\">\n            \n                        <div class=\"uk-overlay uk-overlay-primary uk-position-cover uk-transition-fade\"><\/div>\n            \n                            <div class=\"uk-position-center uk-light\">\n                    <span class=\"uk-transition-fade\" uk-overlay-icon><\/span>\n                <\/div>\n            \n                                                                        <a class=\"uk-position-cover\" data-js-lightbox href=\"\/wp-content\/uploads\/2017\/03\/Baffles-Landscape4.jpg\" data-type=\"image\" ><\/a>\n                                                \n        <\/div>\n\n    \n    \n        \n        \n    \n    \n<\/div>\n        <\/div>\n\n                    \n        <div>\n        \n<div class=\"uk-panel\">\n\n    \n        <div class=\"uk-inline-clip uk-transition-toggle \">\n\n            <img loading=\"lazy\" decoding=\"async\" src=\"\/wp-content\/uploads\/2017\/03\/Baffles-Landscape3.jpg\" class=\"uk-transition-scale-up uk-transition-opaque\" width=\"1024\" height=\"683\">\n            \n                        <div class=\"uk-overlay uk-overlay-primary uk-position-cover uk-transition-fade\"><\/div>\n            \n                            <div class=\"uk-position-center uk-light\">\n                    <span class=\"uk-transition-fade\" uk-overlay-icon><\/span>\n                <\/div>\n            \n                                                                        <a class=\"uk-position-cover\" data-js-lightbox href=\"\/wp-content\/uploads\/2017\/03\/Baffles-Landscape3.jpg\" data-type=\"image\" ><\/a>\n                                                \n        <\/div>\n\n    \n    \n        \n        \n    \n    \n<\/div>\n        <\/div>\n\n                    \n        <div>\n        \n<div class=\"uk-panel\">\n\n    \n        <div class=\"uk-inline-clip uk-transition-toggle \">\n\n            <img loading=\"lazy\" decoding=\"async\" src=\"\/wp-content\/uploads\/2017\/03\/Baffles-Landscape.jpg\" class=\"uk-transition-scale-up uk-transition-opaque\" width=\"1024\" height=\"683\">\n            \n                        <div class=\"uk-overlay uk-overlay-primary uk-position-cover uk-transition-fade\"><\/div>\n            \n                            <div class=\"uk-position-center uk-light\">\n                    <span class=\"uk-transition-fade\" uk-overlay-icon><\/span>\n                <\/div>\n            \n                                                                        <a class=\"uk-position-cover\" data-js-lightbox href=\"\/wp-content\/uploads\/2017\/03\/Baffles-Landscape.jpg\" data-type=\"image\" ><\/a>\n                                                \n        <\/div>\n\n    \n    \n        \n        \n    \n    \n<\/div>\n        <\/div>\n\n            \n    <\/div>\n\n\n\n<script>\n\n    (function(UIkit){\n\n        var $ = UIkit.util;\n\n        $.ready(function () {\n            if (!$.$('.uk-gallery-container')) {\n                $.append(document.body, '<div class=\"uk-scope uk-gallery-container\">');\n            }\n        });\n\n    })(window.UIkitwk || window.UIkit);\n\n<\/script>\n<\/div><br \/>\n<\/p>","protected":false},"excerpt":{"rendered":"<p>Baffles Baffles offre une solution unique pour des espaces banaux avec des designs attractifs mais fonctionnels qui font ressortir les meilleurs c\u00f4t\u00e9s de la pi\u00e8ce. Acoustiquement optimis\u00e9 et clips\u00e9 sur un canal de suspension, Baffles par Ceilings and Lighting peut \u00e9galement \u00eatre mis en place avec des \u00e9l\u00e9ments absorbant le son. Existant dans des designs [&hellip;]<\/p>\n","protected":false},"author":2,"featured_media":0,"parent":15,"menu_order":8,"comment_status":"closed","ping_status":"closed","template":"","meta":{"footnotes":""},"class_list":["post-177","page","type-page","status-publish","hentry"],"yoast_head":"<!-- This site is optimized with the Yoast SEO plugin v24.5 - https:\/\/yoast.com\/wordpress\/plugins\/seo\/ -->\n<title>Baffles - Ceilings and Lighting<\/title>\n<meta name=\"description\" content=\"Brighten up an uninspiring space with a baffle ceiling that is especially designed for your building. Contact us and enjoy our quick service.\" \/>\n<meta name=\"robots\" content=\"index, follow, max-snippet:-1, max-image-preview:large, max-video-preview:-1\" \/>\n<link rel=\"canonical\" href=\"https:\/\/ceilings-lighting.com\/systems\/baffles\/\" \/>\n<meta property=\"og:locale\" content=\"fr_FR\" \/>\n<meta property=\"og:type\" content=\"article\" \/>\n<meta property=\"og:title\" content=\"Baffles - Ceilings and Lighting\" \/>\n<meta property=\"og:description\" content=\"Brighten up an uninspiring space with a baffle ceiling that is especially designed for your building. Contact us and enjoy our quick service.\" \/>\n<meta property=\"og:url\" content=\"https:\/\/ceilings-lighting.com\/systems\/baffles\/\" \/>\n<meta property=\"og:site_name\" content=\"Ceilings and Lighting\" \/>\n<meta property=\"article:modified_time\" content=\"2020-03-25T07:59:57+00:00\" \/>\n<meta name=\"twitter:card\" content=\"summary_large_image\" \/>\n<meta name=\"twitter:label1\" content=\"Dur\u00e9e de lecture estim\u00e9e\" \/>\n\t<meta name=\"twitter:data1\" content=\"4 minutes\" \/>\n<script type=\"application\/ld+json\" class=\"yoast-schema-graph\">{\"@context\":\"https:\/\/schema.org\",\"@graph\":[{\"@type\":\"WebPage\",\"@id\":\"https:\/\/ceilings-lighting.com\/systems\/baffles\/\",\"url\":\"https:\/\/ceilings-lighting.com\/systems\/baffles\/\",\"name\":\"Baffles - Ceilings and Lighting\",\"isPartOf\":{\"@id\":\"https:\/\/ceilings-lighting.com\/#website\"},\"datePublished\":\"2017-03-07T12:05:37+00:00\",\"dateModified\":\"2020-03-25T07:59:57+00:00\",\"description\":\"Brighten up an uninspiring space with a baffle ceiling that is especially designed for your building. Contact us and enjoy our quick service.\",\"breadcrumb\":{\"@id\":\"https:\/\/ceilings-lighting.com\/systems\/baffles\/#breadcrumb\"},\"inLanguage\":\"fr-FR\",\"potentialAction\":[{\"@type\":\"ReadAction\",\"target\":[\"https:\/\/ceilings-lighting.com\/systems\/baffles\/\"]}]},{\"@type\":\"BreadcrumbList\",\"@id\":\"https:\/\/ceilings-lighting.com\/systems\/baffles\/#breadcrumb\",\"itemListElement\":[{\"@type\":\"ListItem\",\"position\":1,\"name\":\"Home\",\"item\":\"https:\/\/ceilings-lighting.com\/\"},{\"@type\":\"ListItem\",\"position\":2,\"name\":\"Open cell ceiling systems\",\"item\":\"https:\/\/ceilings-lighting.com\/systems\/\"},{\"@type\":\"ListItem\",\"position\":3,\"name\":\"Baffles\"}]},{\"@type\":\"WebSite\",\"@id\":\"https:\/\/ceilings-lighting.com\/#website\",\"url\":\"https:\/\/ceilings-lighting.com\/\",\"name\":\"Ceilings & Lighting\",\"description\":\"Above expectations\",\"publisher\":{\"@id\":\"https:\/\/ceilings-lighting.com\/#organization\"},\"potentialAction\":[{\"@type\":\"SearchAction\",\"target\":{\"@type\":\"EntryPoint\",\"urlTemplate\":\"https:\/\/ceilings-lighting.com\/?s={search_term_string}\"},\"query-input\":{\"@type\":\"PropertyValueSpecification\",\"valueRequired\":true,\"valueName\":\"search_term_string\"}}],\"inLanguage\":\"fr-FR\"},{\"@type\":\"Organization\",\"@id\":\"https:\/\/ceilings-lighting.com\/#organization\",\"name\":\"Ceilings & Lighting\",\"url\":\"https:\/\/ceilings-lighting.com\/\",\"logo\":{\"@type\":\"ImageObject\",\"inLanguage\":\"fr-FR\",\"@id\":\"https:\/\/ceilings-lighting.com\/#\/schema\/logo\/image\/\",\"url\":\"https:\/\/ceilings-lighting.com\/wp-content\/uploads\/2016\/10\/logo-on-blue.png\",\"contentUrl\":\"https:\/\/ceilings-lighting.com\/wp-content\/uploads\/2016\/10\/logo-on-blue.png\",\"width\":155,\"height\":100,\"caption\":\"Ceilings & Lighting\"},\"image\":{\"@id\":\"https:\/\/ceilings-lighting.com\/#\/schema\/logo\/image\/\"}}]}<\/script>\n<!-- \/ Yoast SEO plugin. -->","yoast_head_json":{"title":"Baffles - Ceilings and Lighting","description":"Brighten up an uninspiring space with a baffle ceiling that is especially designed for your building. Contact us and enjoy our quick service.","robots":{"index":"index","follow":"follow","max-snippet":"max-snippet:-1","max-image-preview":"max-image-preview:large","max-video-preview":"max-video-preview:-1"},"canonical":"https:\/\/ceilings-lighting.com\/systems\/baffles\/","og_locale":"fr_FR","og_type":"article","og_title":"Baffles - Ceilings and Lighting","og_description":"Brighten up an uninspiring space with a baffle ceiling that is especially designed for your building. Contact us and enjoy our quick service.","og_url":"https:\/\/ceilings-lighting.com\/systems\/baffles\/","og_site_name":"Ceilings and Lighting","article_modified_time":"2020-03-25T07:59:57+00:00","twitter_card":"summary_large_image","twitter_misc":{"Dur\u00e9e de lecture estim\u00e9e":"4 minutes"},"schema":{"@context":"https:\/\/schema.org","@graph":[{"@type":"WebPage","@id":"https:\/\/ceilings-lighting.com\/systems\/baffles\/","url":"https:\/\/ceilings-lighting.com\/systems\/baffles\/","name":"Baffles - Ceilings and Lighting","isPartOf":{"@id":"https:\/\/ceilings-lighting.com\/#website"},"datePublished":"2017-03-07T12:05:37+00:00","dateModified":"2020-03-25T07:59:57+00:00","description":"Brighten up an uninspiring space with a baffle ceiling that is especially designed for your building. Contact us and enjoy our quick service.","breadcrumb":{"@id":"https:\/\/ceilings-lighting.com\/systems\/baffles\/#breadcrumb"},"inLanguage":"fr-FR","potentialAction":[{"@type":"ReadAction","target":["https:\/\/ceilings-lighting.com\/systems\/baffles\/"]}]},{"@type":"BreadcrumbList","@id":"https:\/\/ceilings-lighting.com\/systems\/baffles\/#breadcrumb","itemListElement":[{"@type":"ListItem","position":1,"name":"Home","item":"https:\/\/ceilings-lighting.com\/"},{"@type":"ListItem","position":2,"name":"Open cell ceiling systems","item":"https:\/\/ceilings-lighting.com\/systems\/"},{"@type":"ListItem","position":3,"name":"Baffles"}]},{"@type":"WebSite","@id":"https:\/\/ceilings-lighting.com\/#website","url":"https:\/\/ceilings-lighting.com\/","name":"Ceilings & Lighting","description":"Above expectations","publisher":{"@id":"https:\/\/ceilings-lighting.com\/#organization"},"potentialAction":[{"@type":"SearchAction","target":{"@type":"EntryPoint","urlTemplate":"https:\/\/ceilings-lighting.com\/?s={search_term_string}"},"query-input":{"@type":"PropertyValueSpecification","valueRequired":true,"valueName":"search_term_string"}}],"inLanguage":"fr-FR"},{"@type":"Organization","@id":"https:\/\/ceilings-lighting.com\/#organization","name":"Ceilings & Lighting","url":"https:\/\/ceilings-lighting.com\/","logo":{"@type":"ImageObject","inLanguage":"fr-FR","@id":"https:\/\/ceilings-lighting.com\/#\/schema\/logo\/image\/","url":"https:\/\/ceilings-lighting.com\/wp-content\/uploads\/2016\/10\/logo-on-blue.png","contentUrl":"https:\/\/ceilings-lighting.com\/wp-content\/uploads\/2016\/10\/logo-on-blue.png","width":155,"height":100,"caption":"Ceilings & Lighting"},"image":{"@id":"https:\/\/ceilings-lighting.com\/#\/schema\/logo\/image\/"}}]}},"_links":{"self":[{"href":"https:\/\/ceilings-lighting.com\/fr\/wp-json\/wp\/v2\/pages\/177","targetHints":{"allow":["GET"]}}],"collection":[{"href":"https:\/\/ceilings-lighting.com\/fr\/wp-json\/wp\/v2\/pages"}],"about":[{"href":"https:\/\/ceilings-lighting.com\/fr\/wp-json\/wp\/v2\/types\/page"}],"author":[{"embeddable":true,"href":"https:\/\/ceilings-lighting.com\/fr\/wp-json\/wp\/v2\/users\/2"}],"replies":[{"embeddable":true,"href":"https:\/\/ceilings-lighting.com\/fr\/wp-json\/wp\/v2\/comments?post=177"}],"version-history":[{"count":14,"href":"https:\/\/ceilings-lighting.com\/fr\/wp-json\/wp\/v2\/pages\/177\/revisions"}],"predecessor-version":[{"id":633,"href":"https:\/\/ceilings-lighting.com\/fr\/wp-json\/wp\/v2\/pages\/177\/revisions\/633"}],"up":[{"embeddable":true,"href":"https:\/\/ceilings-lighting.com\/fr\/wp-json\/wp\/v2\/pages\/15"}],"wp:attachment":[{"href":"https:\/\/ceilings-lighting.com\/fr\/wp-json\/wp\/v2\/media?parent=177"}],"curies":[{"name":"wp","href":"https:\/\/api.w.org\/{rel}","templated":true}]}}