{"id":245,"date":"2017-03-27T10:44:15","date_gmt":"2017-03-27T10:44:15","guid":{"rendered":"http:\/\/ceilings-lighting.com\/?page_id=245"},"modified":"2021-01-22T09:18:18","modified_gmt":"2021-01-22T09:18:18","slug":"advice","status":"publish","type":"page","link":"https:\/\/ceilings-lighting.com\/fr\/what-we-do\/advice\/","title":{"rendered":"Conseil"},"content":{"rendered":"<p><\/p>\n<h2>Conseil<\/h2>\n<h4>Obtenir un Conseil \u00e0 Propos de Plafond<\/h4>\n<p>Chez Ceilings and Lighting, nous sommes toujours heureux de partager notre exp\u00e9rience et expertise de leader du secteur avec nos clients. Nous proposons des conseils utiles en mati\u00e8re de plafond, ainsi qu&rsquo;au sujet du type de mat\u00e9riel, finitions, couleurs et m\u00e9thodes de production les plus adapt\u00e9es pour le projet unique de chaque client. Avec autant d\u2019options disponibles, Ceilings and Lighting aide le client \u00e0 planifier et ex\u00e9cuter sa vision cr\u00e9ative, avec pr\u00e9cision et efficacit\u00e9. Nos designs \u00e0 cellules ouvertes sont polyvalents et peuvent \u00eatre install\u00e9s dans des pi\u00e8ces de divers styles et dimensions.<\/p>\n<p>Nous avons \u00e9galement la capacit\u00e9 de produire des mod\u00e8les et \u00e9chantillons de nos syst\u00e8mes \u00e0 cellules ouvertes \u00e0 la demande. Ceci permet aux clients de voir une repr\u00e9sentation tangible de l\u2019aspect du produit fini. L\u2019\u00e9quipe de Ceilings and Lighting prend la satisfaction du client tr\u00e8s au s\u00e9rieux et vous accompagnera \u00e0 chaque \u00e9tape pour apporter le meilleur service et les r\u00e9sultats les plus impressionnants.<\/p>\n<p>Ceilings and Lighting est certifi\u00e9 CE dans le respect du protocole de l\u2019UE pour garantir les meilleures pratiques commerciales et m\u00e9thodes de production possibles. Cette certification d\u00e9montre l\u2019engagement de notre entreprise \u00e0 cr\u00e9er des syst\u00e8mes de plafond s\u00fbrs et efficaces. Pour toute autre question ou conseil, contactez le responsable des ventes de votre pays.<\/p>\n<p><\/p>","protected":false},"excerpt":{"rendered":"<p>Conseil Obtenir un Conseil \u00e0 Propos de Plafond Chez Ceilings and Lighting, nous sommes toujours heureux de partager notre exp\u00e9rience et expertise de leader du secteur avec nos clients. Nous proposons des conseils utiles en mati\u00e8re de plafond, ainsi qu&rsquo;au sujet du type de mat\u00e9riel, finitions, couleurs et m\u00e9thodes de production les plus adapt\u00e9es pour [&hellip;]<\/p>\n","protected":false},"author":2,"featured_media":0,"parent":11,"menu_order":1,"comment_status":"closed","ping_status":"closed","template":"","meta":{"footnotes":""},"class_list":["post-245","page","type-page","status-publish","hentry"],"yoast_head":"<!-- This site is optimized with the Yoast SEO plugin v24.5 - https:\/\/yoast.com\/wordpress\/plugins\/seo\/ -->\n<title>Conseil - Ceilings and Lighting<\/title>\n<meta name=\"robots\" content=\"index, follow, max-snippet:-1, max-image-preview:large, max-video-preview:-1\" \/>\n<link rel=\"canonical\" href=\"https:\/\/ceilings-lighting.com\/what-we-do\/advice\/\" \/>\n<meta property=\"og:locale\" content=\"fr_FR\" \/>\n<meta property=\"og:type\" content=\"article\" \/>\n<meta property=\"og:title\" content=\"Conseil - Ceilings and Lighting\" \/>\n<meta property=\"og:description\" content=\"Conseil Obtenir un Conseil \u00e0 Propos de Plafond Chez Ceilings and Lighting, nous sommes toujours heureux de partager notre exp\u00e9rience et expertise de leader du secteur avec nos clients. Nous proposons des conseils utiles en mati\u00e8re de plafond, ainsi qu&rsquo;au sujet du type de mat\u00e9riel, finitions, couleurs et m\u00e9thodes de production les plus adapt\u00e9es pour [&hellip;]\" \/>\n<meta property=\"og:url\" content=\"https:\/\/ceilings-lighting.com\/what-we-do\/advice\/\" \/>\n<meta property=\"og:site_name\" content=\"Ceilings and Lighting\" \/>\n<meta property=\"article:modified_time\" content=\"2021-01-22T09:18:18+00:00\" \/>\n<meta name=\"twitter:card\" content=\"summary_large_image\" \/>\n<meta name=\"twitter:label1\" content=\"Dur\u00e9e de lecture estim\u00e9e\" \/>\n\t<meta name=\"twitter:data1\" content=\"6 minutes\" \/>\n<script type=\"application\/ld+json\" class=\"yoast-schema-graph\">{\"@context\":\"https:\/\/schema.org\",\"@graph\":[{\"@type\":\"WebPage\",\"@id\":\"https:\/\/ceilings-lighting.com\/what-we-do\/advice\/\",\"url\":\"https:\/\/ceilings-lighting.com\/what-we-do\/advice\/\",\"name\":\"Conseil - Ceilings and Lighting\",\"isPartOf\":{\"@id\":\"https:\/\/ceilings-lighting.com\/#website\"},\"datePublished\":\"2017-03-27T10:44:15+00:00\",\"dateModified\":\"2021-01-22T09:18:18+00:00\",\"breadcrumb\":{\"@id\":\"https:\/\/ceilings-lighting.com\/what-we-do\/advice\/#breadcrumb\"},\"inLanguage\":\"fr-FR\",\"potentialAction\":[{\"@type\":\"ReadAction\",\"target\":[\"https:\/\/ceilings-lighting.com\/what-we-do\/advice\/\"]}]},{\"@type\":\"BreadcrumbList\",\"@id\":\"https:\/\/ceilings-lighting.com\/what-we-do\/advice\/#breadcrumb\",\"itemListElement\":[{\"@type\":\"ListItem\",\"position\":1,\"name\":\"Home\",\"item\":\"https:\/\/ceilings-lighting.com\/\"},{\"@type\":\"ListItem\",\"position\":2,\"name\":\"What we do\",\"item\":\"https:\/\/ceilings-lighting.com\/what-we-do\/\"},{\"@type\":\"ListItem\",\"position\":3,\"name\":\"Advice\"}]},{\"@type\":\"WebSite\",\"@id\":\"https:\/\/ceilings-lighting.com\/#website\",\"url\":\"https:\/\/ceilings-lighting.com\/\",\"name\":\"Ceilings & Lighting\",\"description\":\"Above expectations\",\"publisher\":{\"@id\":\"https:\/\/ceilings-lighting.com\/#organization\"},\"potentialAction\":[{\"@type\":\"SearchAction\",\"target\":{\"@type\":\"EntryPoint\",\"urlTemplate\":\"https:\/\/ceilings-lighting.com\/?s={search_term_string}\"},\"query-input\":{\"@type\":\"PropertyValueSpecification\",\"valueRequired\":true,\"valueName\":\"search_term_string\"}}],\"inLanguage\":\"fr-FR\"},{\"@type\":\"Organization\",\"@id\":\"https:\/\/ceilings-lighting.com\/#organization\",\"name\":\"Ceilings & Lighting\",\"url\":\"https:\/\/ceilings-lighting.com\/\",\"logo\":{\"@type\":\"ImageObject\",\"inLanguage\":\"fr-FR\",\"@id\":\"https:\/\/ceilings-lighting.com\/#\/schema\/logo\/image\/\",\"url\":\"https:\/\/ceilings-lighting.com\/wp-content\/uploads\/2016\/10\/logo-on-blue.png\",\"contentUrl\":\"https:\/\/ceilings-lighting.com\/wp-content\/uploads\/2016\/10\/logo-on-blue.png\",\"width\":155,\"height\":100,\"caption\":\"Ceilings & Lighting\"},\"image\":{\"@id\":\"https:\/\/ceilings-lighting.com\/#\/schema\/logo\/image\/\"}}]}<\/script>\n<!-- \/ Yoast SEO plugin. -->","yoast_head_json":{"title":"Conseil - Ceilings and Lighting","robots":{"index":"index","follow":"follow","max-snippet":"max-snippet:-1","max-image-preview":"max-image-preview:large","max-video-preview":"max-video-preview:-1"},"canonical":"https:\/\/ceilings-lighting.com\/what-we-do\/advice\/","og_locale":"fr_FR","og_type":"article","og_title":"Conseil - Ceilings and Lighting","og_description":"Conseil Obtenir un Conseil \u00e0 Propos de Plafond Chez Ceilings and Lighting, nous sommes toujours heureux de partager notre exp\u00e9rience et expertise de leader du secteur avec nos clients. Nous proposons des conseils utiles en mati\u00e8re de plafond, ainsi qu&rsquo;au sujet du type de mat\u00e9riel, finitions, couleurs et m\u00e9thodes de production les plus adapt\u00e9es pour [&hellip;]","og_url":"https:\/\/ceilings-lighting.com\/what-we-do\/advice\/","og_site_name":"Ceilings and Lighting","article_modified_time":"2021-01-22T09:18:18+00:00","twitter_card":"summary_large_image","twitter_misc":{"Dur\u00e9e de lecture estim\u00e9e":"6 minutes"},"schema":{"@context":"https:\/\/schema.org","@graph":[{"@type":"WebPage","@id":"https:\/\/ceilings-lighting.com\/what-we-do\/advice\/","url":"https:\/\/ceilings-lighting.com\/what-we-do\/advice\/","name":"Conseil - Ceilings and Lighting","isPartOf":{"@id":"https:\/\/ceilings-lighting.com\/#website"},"datePublished":"2017-03-27T10:44:15+00:00","dateModified":"2021-01-22T09:18:18+00:00","breadcrumb":{"@id":"https:\/\/ceilings-lighting.com\/what-we-do\/advice\/#breadcrumb"},"inLanguage":"fr-FR","potentialAction":[{"@type":"ReadAction","target":["https:\/\/ceilings-lighting.com\/what-we-do\/advice\/"]}]},{"@type":"BreadcrumbList","@id":"https:\/\/ceilings-lighting.com\/what-we-do\/advice\/#breadcrumb","itemListElement":[{"@type":"ListItem","position":1,"name":"Home","item":"https:\/\/ceilings-lighting.com\/"},{"@type":"ListItem","position":2,"name":"What we do","item":"https:\/\/ceilings-lighting.com\/what-we-do\/"},{"@type":"ListItem","position":3,"name":"Advice"}]},{"@type":"WebSite","@id":"https:\/\/ceilings-lighting.com\/#website","url":"https:\/\/ceilings-lighting.com\/","name":"Ceilings & Lighting","description":"Above expectations","publisher":{"@id":"https:\/\/ceilings-lighting.com\/#organization"},"potentialAction":[{"@type":"SearchAction","target":{"@type":"EntryPoint","urlTemplate":"https:\/\/ceilings-lighting.com\/?s={search_term_string}"},"query-input":{"@type":"PropertyValueSpecification","valueRequired":true,"valueName":"search_term_string"}}],"inLanguage":"fr-FR"},{"@type":"Organization","@id":"https:\/\/ceilings-lighting.com\/#organization","name":"Ceilings & Lighting","url":"https:\/\/ceilings-lighting.com\/","logo":{"@type":"ImageObject","inLanguage":"fr-FR","@id":"https:\/\/ceilings-lighting.com\/#\/schema\/logo\/image\/","url":"https:\/\/ceilings-lighting.com\/wp-content\/uploads\/2016\/10\/logo-on-blue.png","contentUrl":"https:\/\/ceilings-lighting.com\/wp-content\/uploads\/2016\/10\/logo-on-blue.png","width":155,"height":100,"caption":"Ceilings & Lighting"},"image":{"@id":"https:\/\/ceilings-lighting.com\/#\/schema\/logo\/image\/"}}]}},"_links":{"self":[{"href":"https:\/\/ceilings-lighting.com\/fr\/wp-json\/wp\/v2\/pages\/245","targetHints":{"allow":["GET"]}}],"collection":[{"href":"https:\/\/ceilings-lighting.com\/fr\/wp-json\/wp\/v2\/pages"}],"about":[{"href":"https:\/\/ceilings-lighting.com\/fr\/wp-json\/wp\/v2\/types\/page"}],"author":[{"embeddable":true,"href":"https:\/\/ceilings-lighting.com\/fr\/wp-json\/wp\/v2\/users\/2"}],"replies":[{"embeddable":true,"href":"https:\/\/ceilings-lighting.com\/fr\/wp-json\/wp\/v2\/comments?post=245"}],"version-history":[{"count":13,"href":"https:\/\/ceilings-lighting.com\/fr\/wp-json\/wp\/v2\/pages\/245\/revisions"}],"predecessor-version":[{"id":869,"href":"https:\/\/ceilings-lighting.com\/fr\/wp-json\/wp\/v2\/pages\/245\/revisions\/869"}],"up":[{"embeddable":true,"href":"https:\/\/ceilings-lighting.com\/fr\/wp-json\/wp\/v2\/pages\/11"}],"wp:attachment":[{"href":"https:\/\/ceilings-lighting.com\/fr\/wp-json\/wp\/v2\/media?parent=245"}],"curies":[{"name":"wp","href":"https:\/\/api.w.org\/{rel}","templated":true}]}}