{"id":247,"date":"2017-03-27T10:44:41","date_gmt":"2017-03-27T10:44:41","guid":{"rendered":"http:\/\/ceilings-lighting.com\/?page_id=247"},"modified":"2021-01-22T09:19:02","modified_gmt":"2021-01-22T09:19:02","slug":"production","status":"publish","type":"page","link":"https:\/\/ceilings-lighting.com\/fr\/what-we-do\/production\/","title":{"rendered":"Production"},"content":{"rendered":"<p><\/p>\n<h2>Production<\/h2>\n<h4>Technique de Production<\/h4>\n<p>Chez Ceilings and Lighting, nos employ\u00e9s comptent parmi les plus exp\u00e9riment\u00e9s et engag\u00e9s de tout le secteur. Notre \u00e9quipe suit des formations sur site et hors site pour s\u2019assurer de sa connaissance du produit et du secteur. Chez Ceilings and Lighting, nous avons perfectionn\u00e9 nos techniques de production et nos machines au fil des ann\u00e9es, avec pour r\u00e9sultat une meilleure qualit\u00e9 de produit. Notre hall de production s\u2019adapte aux demandes du march\u00e9 en \u00e9volution constante. Il est suffisamment spacieux pour permettre de petits comme de grands projets en m\u00b2.<\/p>\n<p>Vous pouvez toujours vous attendre \u00e0 des r\u00e9sultats de qualit\u00e9 et \u00e0 une personnalisation maximum des syst\u00e8mes \u00e0 cellules ouvertes avec notre entreprise. Toutes les options de notre inventaire peuvent \u00eatre adapt\u00e9es pour r\u00e9pondre aux exigences structurelles et artistiques sp\u00e9cifiques. Nous proposons bon nombre de finitions et couleurs impressionnantes, mais la plupart r\u00e9pondent \u00e0 des applications pr\u00e9cises.<\/p>\n<p>Quel que soit le projet, l\u2019\u00e9quipe de Ceilings and Lighting aura l\u2019exp\u00e9rience pour cr\u00e9er une superbe addition dynamique \u00e0 tout espace. Les syst\u00e8mes \u00e0 cellules ouvertes sont sp\u00e9ciaux \u2013 simplement en jouant avec les lignes, nos plafonds cr\u00e9ent une sensation qui \u00e9l\u00e8vera tout espace, m\u00eame si ses dimensions sont restreintes.<\/p>\n<p><\/p>","protected":false},"excerpt":{"rendered":"<p>Production Technique de Production Chez Ceilings and Lighting, nos employ\u00e9s comptent parmi les plus exp\u00e9riment\u00e9s et engag\u00e9s de tout le secteur. Notre \u00e9quipe suit des formations sur site et hors site pour s\u2019assurer de sa connaissance du produit et du secteur. Chez Ceilings and Lighting, nous avons perfectionn\u00e9 nos techniques de production et nos machines [&hellip;]<\/p>\n","protected":false},"author":2,"featured_media":0,"parent":11,"menu_order":2,"comment_status":"closed","ping_status":"closed","template":"","meta":{"footnotes":""},"class_list":["post-247","page","type-page","status-publish","hentry"],"yoast_head":"<!-- This site is optimized with the Yoast SEO plugin v24.5 - https:\/\/yoast.com\/wordpress\/plugins\/seo\/ -->\n<title>Production - Ceilings and Lighting<\/title>\n<meta name=\"robots\" content=\"index, follow, max-snippet:-1, max-image-preview:large, max-video-preview:-1\" \/>\n<link rel=\"canonical\" href=\"https:\/\/ceilings-lighting.com\/what-we-do\/production\/\" \/>\n<meta property=\"og:locale\" content=\"fr_FR\" \/>\n<meta property=\"og:type\" content=\"article\" \/>\n<meta property=\"og:title\" content=\"Production - Ceilings and Lighting\" \/>\n<meta property=\"og:description\" content=\"Production Technique de Production Chez Ceilings and Lighting, nos employ\u00e9s comptent parmi les plus exp\u00e9riment\u00e9s et engag\u00e9s de tout le secteur. Notre \u00e9quipe suit des formations sur site et hors site pour s\u2019assurer de sa connaissance du produit et du secteur. Chez Ceilings and Lighting, nous avons perfectionn\u00e9 nos techniques de production et nos machines [&hellip;]\" \/>\n<meta property=\"og:url\" content=\"https:\/\/ceilings-lighting.com\/what-we-do\/production\/\" \/>\n<meta property=\"og:site_name\" content=\"Ceilings and Lighting\" \/>\n<meta property=\"article:modified_time\" content=\"2021-01-22T09:19:02+00:00\" \/>\n<meta name=\"twitter:card\" content=\"summary_large_image\" \/>\n<meta name=\"twitter:label1\" content=\"Dur\u00e9e de lecture estim\u00e9e\" \/>\n\t<meta name=\"twitter:data1\" content=\"5 minutes\" \/>\n<script type=\"application\/ld+json\" class=\"yoast-schema-graph\">{\"@context\":\"https:\/\/schema.org\",\"@graph\":[{\"@type\":\"WebPage\",\"@id\":\"https:\/\/ceilings-lighting.com\/what-we-do\/production\/\",\"url\":\"https:\/\/ceilings-lighting.com\/what-we-do\/production\/\",\"name\":\"Production - Ceilings and Lighting\",\"isPartOf\":{\"@id\":\"https:\/\/ceilings-lighting.com\/#website\"},\"datePublished\":\"2017-03-27T10:44:41+00:00\",\"dateModified\":\"2021-01-22T09:19:02+00:00\",\"breadcrumb\":{\"@id\":\"https:\/\/ceilings-lighting.com\/what-we-do\/production\/#breadcrumb\"},\"inLanguage\":\"fr-FR\",\"potentialAction\":[{\"@type\":\"ReadAction\",\"target\":[\"https:\/\/ceilings-lighting.com\/what-we-do\/production\/\"]}]},{\"@type\":\"BreadcrumbList\",\"@id\":\"https:\/\/ceilings-lighting.com\/what-we-do\/production\/#breadcrumb\",\"itemListElement\":[{\"@type\":\"ListItem\",\"position\":1,\"name\":\"Home\",\"item\":\"https:\/\/ceilings-lighting.com\/\"},{\"@type\":\"ListItem\",\"position\":2,\"name\":\"What we do\",\"item\":\"https:\/\/ceilings-lighting.com\/what-we-do\/\"},{\"@type\":\"ListItem\",\"position\":3,\"name\":\"Production\"}]},{\"@type\":\"WebSite\",\"@id\":\"https:\/\/ceilings-lighting.com\/#website\",\"url\":\"https:\/\/ceilings-lighting.com\/\",\"name\":\"Ceilings & Lighting\",\"description\":\"Above expectations\",\"publisher\":{\"@id\":\"https:\/\/ceilings-lighting.com\/#organization\"},\"potentialAction\":[{\"@type\":\"SearchAction\",\"target\":{\"@type\":\"EntryPoint\",\"urlTemplate\":\"https:\/\/ceilings-lighting.com\/?s={search_term_string}\"},\"query-input\":{\"@type\":\"PropertyValueSpecification\",\"valueRequired\":true,\"valueName\":\"search_term_string\"}}],\"inLanguage\":\"fr-FR\"},{\"@type\":\"Organization\",\"@id\":\"https:\/\/ceilings-lighting.com\/#organization\",\"name\":\"Ceilings & Lighting\",\"url\":\"https:\/\/ceilings-lighting.com\/\",\"logo\":{\"@type\":\"ImageObject\",\"inLanguage\":\"fr-FR\",\"@id\":\"https:\/\/ceilings-lighting.com\/#\/schema\/logo\/image\/\",\"url\":\"https:\/\/ceilings-lighting.com\/wp-content\/uploads\/2016\/10\/logo-on-blue.png\",\"contentUrl\":\"https:\/\/ceilings-lighting.com\/wp-content\/uploads\/2016\/10\/logo-on-blue.png\",\"width\":155,\"height\":100,\"caption\":\"Ceilings & Lighting\"},\"image\":{\"@id\":\"https:\/\/ceilings-lighting.com\/#\/schema\/logo\/image\/\"}}]}<\/script>\n<!-- \/ Yoast SEO plugin. -->","yoast_head_json":{"title":"Production - Ceilings and Lighting","robots":{"index":"index","follow":"follow","max-snippet":"max-snippet:-1","max-image-preview":"max-image-preview:large","max-video-preview":"max-video-preview:-1"},"canonical":"https:\/\/ceilings-lighting.com\/what-we-do\/production\/","og_locale":"fr_FR","og_type":"article","og_title":"Production - Ceilings and Lighting","og_description":"Production Technique de Production Chez Ceilings and Lighting, nos employ\u00e9s comptent parmi les plus exp\u00e9riment\u00e9s et engag\u00e9s de tout le secteur. Notre \u00e9quipe suit des formations sur site et hors site pour s\u2019assurer de sa connaissance du produit et du secteur. Chez Ceilings and Lighting, nous avons perfectionn\u00e9 nos techniques de production et nos machines [&hellip;]","og_url":"https:\/\/ceilings-lighting.com\/what-we-do\/production\/","og_site_name":"Ceilings and Lighting","article_modified_time":"2021-01-22T09:19:02+00:00","twitter_card":"summary_large_image","twitter_misc":{"Dur\u00e9e de lecture estim\u00e9e":"5 minutes"},"schema":{"@context":"https:\/\/schema.org","@graph":[{"@type":"WebPage","@id":"https:\/\/ceilings-lighting.com\/what-we-do\/production\/","url":"https:\/\/ceilings-lighting.com\/what-we-do\/production\/","name":"Production - Ceilings and Lighting","isPartOf":{"@id":"https:\/\/ceilings-lighting.com\/#website"},"datePublished":"2017-03-27T10:44:41+00:00","dateModified":"2021-01-22T09:19:02+00:00","breadcrumb":{"@id":"https:\/\/ceilings-lighting.com\/what-we-do\/production\/#breadcrumb"},"inLanguage":"fr-FR","potentialAction":[{"@type":"ReadAction","target":["https:\/\/ceilings-lighting.com\/what-we-do\/production\/"]}]},{"@type":"BreadcrumbList","@id":"https:\/\/ceilings-lighting.com\/what-we-do\/production\/#breadcrumb","itemListElement":[{"@type":"ListItem","position":1,"name":"Home","item":"https:\/\/ceilings-lighting.com\/"},{"@type":"ListItem","position":2,"name":"What we do","item":"https:\/\/ceilings-lighting.com\/what-we-do\/"},{"@type":"ListItem","position":3,"name":"Production"}]},{"@type":"WebSite","@id":"https:\/\/ceilings-lighting.com\/#website","url":"https:\/\/ceilings-lighting.com\/","name":"Ceilings & Lighting","description":"Above expectations","publisher":{"@id":"https:\/\/ceilings-lighting.com\/#organization"},"potentialAction":[{"@type":"SearchAction","target":{"@type":"EntryPoint","urlTemplate":"https:\/\/ceilings-lighting.com\/?s={search_term_string}"},"query-input":{"@type":"PropertyValueSpecification","valueRequired":true,"valueName":"search_term_string"}}],"inLanguage":"fr-FR"},{"@type":"Organization","@id":"https:\/\/ceilings-lighting.com\/#organization","name":"Ceilings & Lighting","url":"https:\/\/ceilings-lighting.com\/","logo":{"@type":"ImageObject","inLanguage":"fr-FR","@id":"https:\/\/ceilings-lighting.com\/#\/schema\/logo\/image\/","url":"https:\/\/ceilings-lighting.com\/wp-content\/uploads\/2016\/10\/logo-on-blue.png","contentUrl":"https:\/\/ceilings-lighting.com\/wp-content\/uploads\/2016\/10\/logo-on-blue.png","width":155,"height":100,"caption":"Ceilings & Lighting"},"image":{"@id":"https:\/\/ceilings-lighting.com\/#\/schema\/logo\/image\/"}}]}},"_links":{"self":[{"href":"https:\/\/ceilings-lighting.com\/fr\/wp-json\/wp\/v2\/pages\/247","targetHints":{"allow":["GET"]}}],"collection":[{"href":"https:\/\/ceilings-lighting.com\/fr\/wp-json\/wp\/v2\/pages"}],"about":[{"href":"https:\/\/ceilings-lighting.com\/fr\/wp-json\/wp\/v2\/types\/page"}],"author":[{"embeddable":true,"href":"https:\/\/ceilings-lighting.com\/fr\/wp-json\/wp\/v2\/users\/2"}],"replies":[{"embeddable":true,"href":"https:\/\/ceilings-lighting.com\/fr\/wp-json\/wp\/v2\/comments?post=247"}],"version-history":[{"count":9,"href":"https:\/\/ceilings-lighting.com\/fr\/wp-json\/wp\/v2\/pages\/247\/revisions"}],"predecessor-version":[{"id":831,"href":"https:\/\/ceilings-lighting.com\/fr\/wp-json\/wp\/v2\/pages\/247\/revisions\/831"}],"up":[{"embeddable":true,"href":"https:\/\/ceilings-lighting.com\/fr\/wp-json\/wp\/v2\/pages\/11"}],"wp:attachment":[{"href":"https:\/\/ceilings-lighting.com\/fr\/wp-json\/wp\/v2\/media?parent=247"}],"curies":[{"name":"wp","href":"https:\/\/api.w.org\/{rel}","templated":true}]}}