{"id":9,"date":"2016-09-23T13:22:52","date_gmt":"2016-09-23T13:22:52","guid":{"rendered":"http:\/\/ceilings-lighting.com\/?page_id=9"},"modified":"2017-06-20T08:32:56","modified_gmt":"2017-06-20T08:32:56","slug":"who-we-are","status":"publish","type":"page","link":"https:\/\/ceilings-lighting.com\/fr\/who-we-are\/","title":{"rendered":"Qui sommes-nous"},"content":{"rendered":"<p><\/p>\n<h2>Qui sommes-nous<\/h2>\n<h4>Des Innovateurs exp\u00e9riment\u00e9s<\/h4>\n<p>Fond\u00e9 en 1998, Ceilings and Lighting poss\u00e8de des d\u00e9cennies d\u2019exp\u00e9rience en tant qu\u2019innovateur de plafonds ouverts splendides et pr\u00e9cis. Notre \u00e9quipe compte parmi les meilleures au monde. Elle suit une formation interne et externe pour garantir la plus haute qualit\u00e9 de service et des r\u00e9sultats professionnels.<\/p>\n<h4>Structurellement solide, esth\u00e9tiquement plaisant<\/h4>\n<p>Tout en pr\u00e9servant la plus grande fonctionnalit\u00e9 et int\u00e9grit\u00e9 artistique de nos plafonds \u00e0 cellules ouvertes, nous offrons des prix comp\u00e9titifs et une livraison dans le monde entier pour tous nos pr\u00e9cieux clients. Chez Ceilings and Lighting, nous regardons toujours vers le futur. Nous avons optimis\u00e9 un hall de production moderne, avec des \u00e9quipements et une technologie modernes, pour r\u00e9pondre aux demandes du march\u00e9 en perp\u00e9tuelle \u00e9volution.<\/p>\n<p>Toute notre production est r\u00e9alis\u00e9e en interne, pour \u00e9viter les interm\u00e9diaires et acc\u00e9l\u00e9rer les d\u00e9lais de livraison. De plus, nous sommes approuv\u00e9s par les normes CE et respectons une transparence maximale pour toutes nos activit\u00e9s. Nous nous effor\u00e7ons constamment de r\u00e9duire l\u2019impact de la production sur l\u2019environnement, en prenant des pr\u00e9cautions pour minimiser notre empreinte.<\/p>\n<h4>D\u00e9passer les attentes du client<\/h4>\n<p>Chez Ceilings and Lighting, nous croyons \u00e0 la cr\u00e9ation de designs r\u00e9volutionnaires, c\u2019est pourquoi nous avons r\u00e9alis\u00e9 bon nombre de projets prestigieux et stimulants pour rester \u00e0 la pointe du secteur. Nous nous distinguons de la concurrence par des projets ambitieux et des r\u00e9sultats impressionnants qui d\u00e9passent les attentes de nos clients.<\/p>\n<p><\/p>","protected":false},"excerpt":{"rendered":"<p>Qui sommes-nous Des Innovateurs exp\u00e9riment\u00e9s Fond\u00e9 en 1998, Ceilings and Lighting poss\u00e8de des d\u00e9cennies d\u2019exp\u00e9rience en tant qu\u2019innovateur de plafonds ouverts splendides et pr\u00e9cis. Notre \u00e9quipe compte parmi les meilleures au monde. Elle suit une formation interne et externe pour garantir la plus haute qualit\u00e9 de service et des r\u00e9sultats professionnels. Structurellement solide, esth\u00e9tiquement plaisant [&hellip;]<\/p>\n","protected":false},"author":2,"featured_media":0,"parent":0,"menu_order":2,"comment_status":"closed","ping_status":"closed","template":"","meta":{"footnotes":""},"class_list":["post-9","page","type-page","status-publish","hentry"],"yoast_head":"<!-- This site is optimized with the Yoast SEO plugin v24.5 - https:\/\/yoast.com\/wordpress\/plugins\/seo\/ -->\n<title>Qui sommes-nous - Ceilings and Lighting<\/title>\n<meta name=\"robots\" content=\"index, follow, max-snippet:-1, max-image-preview:large, max-video-preview:-1\" \/>\n<link rel=\"canonical\" href=\"https:\/\/ceilings-lighting.com\/who-we-are\/\" \/>\n<meta property=\"og:locale\" content=\"fr_FR\" \/>\n<meta property=\"og:type\" content=\"article\" \/>\n<meta property=\"og:title\" content=\"Qui sommes-nous - Ceilings and Lighting\" \/>\n<meta property=\"og:description\" content=\"Qui sommes-nous Des Innovateurs exp\u00e9riment\u00e9s Fond\u00e9 en 1998, Ceilings and Lighting poss\u00e8de des d\u00e9cennies d\u2019exp\u00e9rience en tant qu\u2019innovateur de plafonds ouverts splendides et pr\u00e9cis. Notre \u00e9quipe compte parmi les meilleures au monde. Elle suit une formation interne et externe pour garantir la plus haute qualit\u00e9 de service et des r\u00e9sultats professionnels. Structurellement solide, esth\u00e9tiquement plaisant [&hellip;]\" \/>\n<meta property=\"og:url\" content=\"https:\/\/ceilings-lighting.com\/who-we-are\/\" \/>\n<meta property=\"og:site_name\" content=\"Ceilings and Lighting\" \/>\n<meta property=\"article:modified_time\" content=\"2017-06-20T08:32:56+00:00\" \/>\n<meta name=\"twitter:card\" content=\"summary_large_image\" \/>\n<meta name=\"twitter:label1\" content=\"Dur\u00e9e de lecture estim\u00e9e\" \/>\n\t<meta name=\"twitter:data1\" content=\"6 minutes\" \/>\n<script type=\"application\/ld+json\" class=\"yoast-schema-graph\">{\"@context\":\"https:\/\/schema.org\",\"@graph\":[{\"@type\":\"WebPage\",\"@id\":\"https:\/\/ceilings-lighting.com\/who-we-are\/\",\"url\":\"https:\/\/ceilings-lighting.com\/who-we-are\/\",\"name\":\"Qui sommes-nous - Ceilings and Lighting\",\"isPartOf\":{\"@id\":\"https:\/\/ceilings-lighting.com\/#website\"},\"datePublished\":\"2016-09-23T13:22:52+00:00\",\"dateModified\":\"2017-06-20T08:32:56+00:00\",\"breadcrumb\":{\"@id\":\"https:\/\/ceilings-lighting.com\/who-we-are\/#breadcrumb\"},\"inLanguage\":\"fr-FR\",\"potentialAction\":[{\"@type\":\"ReadAction\",\"target\":[\"https:\/\/ceilings-lighting.com\/who-we-are\/\"]}]},{\"@type\":\"BreadcrumbList\",\"@id\":\"https:\/\/ceilings-lighting.com\/who-we-are\/#breadcrumb\",\"itemListElement\":[{\"@type\":\"ListItem\",\"position\":1,\"name\":\"Home\",\"item\":\"https:\/\/ceilings-lighting.com\/\"},{\"@type\":\"ListItem\",\"position\":2,\"name\":\"Who we are\"}]},{\"@type\":\"WebSite\",\"@id\":\"https:\/\/ceilings-lighting.com\/#website\",\"url\":\"https:\/\/ceilings-lighting.com\/\",\"name\":\"Ceilings & Lighting\",\"description\":\"Above expectations\",\"publisher\":{\"@id\":\"https:\/\/ceilings-lighting.com\/#organization\"},\"potentialAction\":[{\"@type\":\"SearchAction\",\"target\":{\"@type\":\"EntryPoint\",\"urlTemplate\":\"https:\/\/ceilings-lighting.com\/?s={search_term_string}\"},\"query-input\":{\"@type\":\"PropertyValueSpecification\",\"valueRequired\":true,\"valueName\":\"search_term_string\"}}],\"inLanguage\":\"fr-FR\"},{\"@type\":\"Organization\",\"@id\":\"https:\/\/ceilings-lighting.com\/#organization\",\"name\":\"Ceilings & Lighting\",\"url\":\"https:\/\/ceilings-lighting.com\/\",\"logo\":{\"@type\":\"ImageObject\",\"inLanguage\":\"fr-FR\",\"@id\":\"https:\/\/ceilings-lighting.com\/#\/schema\/logo\/image\/\",\"url\":\"https:\/\/ceilings-lighting.com\/wp-content\/uploads\/2016\/10\/logo-on-blue.png\",\"contentUrl\":\"https:\/\/ceilings-lighting.com\/wp-content\/uploads\/2016\/10\/logo-on-blue.png\",\"width\":155,\"height\":100,\"caption\":\"Ceilings & Lighting\"},\"image\":{\"@id\":\"https:\/\/ceilings-lighting.com\/#\/schema\/logo\/image\/\"}}]}<\/script>\n<!-- \/ Yoast SEO plugin. -->","yoast_head_json":{"title":"Qui sommes-nous - Ceilings and Lighting","robots":{"index":"index","follow":"follow","max-snippet":"max-snippet:-1","max-image-preview":"max-image-preview:large","max-video-preview":"max-video-preview:-1"},"canonical":"https:\/\/ceilings-lighting.com\/who-we-are\/","og_locale":"fr_FR","og_type":"article","og_title":"Qui sommes-nous - Ceilings and Lighting","og_description":"Qui sommes-nous Des Innovateurs exp\u00e9riment\u00e9s Fond\u00e9 en 1998, Ceilings and Lighting poss\u00e8de des d\u00e9cennies d\u2019exp\u00e9rience en tant qu\u2019innovateur de plafonds ouverts splendides et pr\u00e9cis. Notre \u00e9quipe compte parmi les meilleures au monde. Elle suit une formation interne et externe pour garantir la plus haute qualit\u00e9 de service et des r\u00e9sultats professionnels. Structurellement solide, esth\u00e9tiquement plaisant [&hellip;]","og_url":"https:\/\/ceilings-lighting.com\/who-we-are\/","og_site_name":"Ceilings and Lighting","article_modified_time":"2017-06-20T08:32:56+00:00","twitter_card":"summary_large_image","twitter_misc":{"Dur\u00e9e de lecture estim\u00e9e":"6 minutes"},"schema":{"@context":"https:\/\/schema.org","@graph":[{"@type":"WebPage","@id":"https:\/\/ceilings-lighting.com\/who-we-are\/","url":"https:\/\/ceilings-lighting.com\/who-we-are\/","name":"Qui sommes-nous - Ceilings and Lighting","isPartOf":{"@id":"https:\/\/ceilings-lighting.com\/#website"},"datePublished":"2016-09-23T13:22:52+00:00","dateModified":"2017-06-20T08:32:56+00:00","breadcrumb":{"@id":"https:\/\/ceilings-lighting.com\/who-we-are\/#breadcrumb"},"inLanguage":"fr-FR","potentialAction":[{"@type":"ReadAction","target":["https:\/\/ceilings-lighting.com\/who-we-are\/"]}]},{"@type":"BreadcrumbList","@id":"https:\/\/ceilings-lighting.com\/who-we-are\/#breadcrumb","itemListElement":[{"@type":"ListItem","position":1,"name":"Home","item":"https:\/\/ceilings-lighting.com\/"},{"@type":"ListItem","position":2,"name":"Who we are"}]},{"@type":"WebSite","@id":"https:\/\/ceilings-lighting.com\/#website","url":"https:\/\/ceilings-lighting.com\/","name":"Ceilings & Lighting","description":"Above expectations","publisher":{"@id":"https:\/\/ceilings-lighting.com\/#organization"},"potentialAction":[{"@type":"SearchAction","target":{"@type":"EntryPoint","urlTemplate":"https:\/\/ceilings-lighting.com\/?s={search_term_string}"},"query-input":{"@type":"PropertyValueSpecification","valueRequired":true,"valueName":"search_term_string"}}],"inLanguage":"fr-FR"},{"@type":"Organization","@id":"https:\/\/ceilings-lighting.com\/#organization","name":"Ceilings & Lighting","url":"https:\/\/ceilings-lighting.com\/","logo":{"@type":"ImageObject","inLanguage":"fr-FR","@id":"https:\/\/ceilings-lighting.com\/#\/schema\/logo\/image\/","url":"https:\/\/ceilings-lighting.com\/wp-content\/uploads\/2016\/10\/logo-on-blue.png","contentUrl":"https:\/\/ceilings-lighting.com\/wp-content\/uploads\/2016\/10\/logo-on-blue.png","width":155,"height":100,"caption":"Ceilings & Lighting"},"image":{"@id":"https:\/\/ceilings-lighting.com\/#\/schema\/logo\/image\/"}}]}},"_links":{"self":[{"href":"https:\/\/ceilings-lighting.com\/fr\/wp-json\/wp\/v2\/pages\/9","targetHints":{"allow":["GET"]}}],"collection":[{"href":"https:\/\/ceilings-lighting.com\/fr\/wp-json\/wp\/v2\/pages"}],"about":[{"href":"https:\/\/ceilings-lighting.com\/fr\/wp-json\/wp\/v2\/types\/page"}],"author":[{"embeddable":true,"href":"https:\/\/ceilings-lighting.com\/fr\/wp-json\/wp\/v2\/users\/2"}],"replies":[{"embeddable":true,"href":"https:\/\/ceilings-lighting.com\/fr\/wp-json\/wp\/v2\/comments?post=9"}],"version-history":[{"count":16,"href":"https:\/\/ceilings-lighting.com\/fr\/wp-json\/wp\/v2\/pages\/9\/revisions"}],"predecessor-version":[{"id":516,"href":"https:\/\/ceilings-lighting.com\/fr\/wp-json\/wp\/v2\/pages\/9\/revisions\/516"}],"wp:attachment":[{"href":"https:\/\/ceilings-lighting.com\/fr\/wp-json\/wp\/v2\/media?parent=9"}],"curies":[{"name":"wp","href":"https:\/\/api.w.org\/{rel}","templated":true}]}}